{"id":1777,"date":"2025-02-28T15:51:06","date_gmt":"2025-02-28T15:51:06","guid":{"rendered":"https:\/\/quebaratodigital.com\/?post_type=product&#038;p=1777"},"modified":"2025-02-28T15:51:06","modified_gmt":"2025-02-28T15:51:06","slug":"taller-mujer-prospera-de-maite-issa","status":"publish","type":"product","link":"https:\/\/quebaratodigital.com\/?product=taller-mujer-prospera-de-maite-issa","title":{"rendered":"Taller Mujer Pr\u00f3spera de Maite Issa"},"content":{"rendered":"<p>Es el M\u00c9TODO que te ayudar\u00e1 a pasar de alguien frustrada, agobiada, sobrecargada de trabajo y que ahuyenta al dinero\u2026 a la mejor versi\u00f3n de ti misma que hace que tu cuenta bancaria BAILE.\ud83d\ude80<\/p>\n<p><strong>Lo \u00daNICO que se interpone entre t\u00fa y la libertad financiera que deseas es\u2026 tu voluntad de CAMBIAR la historia del dinero a la que te aferras.<\/strong><\/p>\n<p>HOY te ofrezco tu oportunidad de tomar cartas en el asunto y aprender c\u00f3mo funciona<\/p>\n<p><strong>REALMENTE el dinero para que puedas crear la vida que estabas destinada a vivir.\ud83d\udcb8<\/strong><\/p>\n<p>&nbsp;<\/p>\n<p><img decoding=\"async\" src=\"https:\/\/i.okcdn.ru\/videoPreview?id=4644409445036&amp;type=38&amp;idx=12&amp;tkn=VvJRCFDVmc4DVd3J5Vt_Lqcfjmc&amp;fn=external_8\" alt=\"Taller Mujer Pr\u00f3spera \u2013 Ma\u00cft\u00e9 Issa\" \/><\/p>\n<p>&nbsp;<\/p>\n<section class=\"elementor-section elementor-top-section elementor-element elementor-element-a96816f elementor-section-boxed elementor-section-height-default elementor-section-height-default\" data-id=\"a96816f\" data-element_type=\"section\">\n<div class=\"elementor-container elementor-column-gap-default\">\n<div class=\"elementor-column elementor-col-100 elementor-top-column elementor-element elementor-element-a17f915\" data-id=\"a17f915\" data-element_type=\"column\">\n<div class=\"elementor-widget-wrap elementor-element-populated\">\n<div class=\"elementor-element elementor-element-93445d3 elementor-widget elementor-widget-heading\" data-id=\"93445d3\" data-element_type=\"widget\" data-widget_type=\"heading.default\">\n<div class=\"elementor-widget-container\">\n<h2 class=\"elementor-heading-title elementor-size-default\">\u00bfQu\u00e9 aprender\u00e1s en el Taller Mujer Pr\u00f3spera?<\/h2>\n<p>&nbsp;<\/p>\n<\/div>\n<\/div>\n<\/div>\n<\/div>\n<\/div>\n<\/section>\n<section class=\"elementor-section elementor-top-section elementor-element elementor-element-87e7568 elementor-section-boxed elementor-section-height-default elementor-section-height-default\" data-id=\"87e7568\" data-element_type=\"section\" data-settings=\"{&quot;background_background&quot;:&quot;classic&quot;}\">\n<div class=\"elementor-container elementor-column-gap-default\">\n<div class=\"elementor-column elementor-col-100 elementor-top-column elementor-element elementor-element-7da07d0\" data-id=\"7da07d0\" data-element_type=\"column\">\n<div class=\"elementor-widget-wrap elementor-element-populated\">\n<div class=\"elementor-element elementor-element-5b25094 elementor-widget elementor-widget-text-editor\" data-id=\"5b25094\" data-element_type=\"widget\" data-widget_type=\"text-editor.default\">\n<div class=\"elementor-widget-container\">\n<p>Es el lugar donde aprender\u00e1s:<\/p>\n<p>\u2705<strong>C\u00f3mo hacer para que el dinero te ame TANTO<\/strong>\u00a0que nunca te puedas esconder de \u00e9l.<\/p>\n<p>\u2705<strong>C\u00f3mo reconfigurar la parte de tu mente<\/strong>\u00a0que hace que te resistas sin ni siquiera saberlo y sabotees el flujo de dinero hacia tu vida.<\/p>\n<p>\u2705<strong>C\u00f3mo apropiarte y ENCARNAR la versi\u00f3n m\u00e1s exitosa de ti misma<\/strong>, de manera que puedas convertir el crear riqueza en una experiencia DIARIA en tu vida.<\/p>\n<p>&nbsp;<\/p>\n<\/div>\n<section class=\"elementor-section elementor-top-section elementor-element elementor-element-542d256 elementor-section-boxed elementor-section-height-default elementor-section-height-default\" data-id=\"542d256\" data-element_type=\"section\">\n<div class=\"elementor-container elementor-column-gap-default\">\n<div class=\"elementor-column elementor-col-100 elementor-top-column elementor-element elementor-element-0fb98a0\" data-id=\"0fb98a0\" data-element_type=\"column\">\n<div class=\"elementor-widget-wrap elementor-element-populated\">\n<div class=\"elementor-element elementor-element-2515c7c elementor-widget elementor-widget-heading\" data-id=\"2515c7c\" data-element_type=\"widget\" data-widget_type=\"heading.default\">\n<div class=\"elementor-widget-container\">\n<h2 class=\"elementor-heading-title elementor-size-default\">\u00bfPara quien es este curso?<\/h2>\n<\/div>\n<\/div>\n<\/div>\n<\/div>\n<\/div>\n<\/section>\n<section class=\"elementor-section elementor-top-section elementor-element elementor-element-80d6cd0 elementor-section-boxed elementor-section-height-default elementor-section-height-default\" data-id=\"80d6cd0\" data-element_type=\"section\" data-settings=\"{&quot;background_background&quot;:&quot;classic&quot;}\">\n<div class=\"elementor-container elementor-column-gap-default\">\n<div class=\"elementor-column elementor-col-100 elementor-top-column elementor-element elementor-element-69e7d2c\" data-id=\"69e7d2c\" data-element_type=\"column\">\n<div class=\"elementor-widget-wrap elementor-element-populated\">\n<div class=\"elementor-element elementor-element-757a4b3 elementor-widget elementor-widget-text-editor\" data-id=\"757a4b3\" data-element_type=\"widget\" data-widget_type=\"text-editor.default\">\n<div class=\"elementor-widget-container\">\n<p>Este curso es para ti si sientes que estas frustada, agobiada, sobrecargada de trabajo y ahuyentando el dinero, y quieres que el dinero fluya de la manera que esperas.<\/p>\n<\/div>\n<\/div>\n<\/div>\n<\/div>\n<\/div>\n<\/section>\n<\/div>\n<\/div>\n<\/div>\n<\/div>\n<\/section>\n","protected":false},"excerpt":{"rendered":"<section class=\"elementor-section elementor-top-section elementor-element elementor-element-80d6cd0 elementor-section-boxed elementor-section-height-default elementor-section-height-default\" data-id=\"80d6cd0\" data-element_type=\"section\" data-settings=\"{&quot;background_background&quot;:&quot;classic&quot;}\">\n<div class=\"elementor-container elementor-column-gap-default\">\n<div class=\"elementor-column elementor-col-100 elementor-top-column elementor-element elementor-element-69e7d2c\" data-id=\"69e7d2c\" data-element_type=\"column\">\n<div class=\"elementor-widget-wrap elementor-element-populated\">\n<div class=\"elementor-element elementor-element-757a4b3 elementor-widget elementor-widget-text-editor\" data-id=\"757a4b3\" data-element_type=\"widget\" data-widget_type=\"text-editor.default\">\n<div class=\"elementor-widget-container\">\n<p><strong>Este curso es para ti si sientes que estas frustrada, agobiada, sobrecargada de trabajo y ahuyentando el dinero, y quieres que el dinero fluya de la manera que esperas.<\/strong><\/p>\n<\/div>\n<\/div>\n<\/div>\n<\/div>\n<\/div>\n<\/section>\n<section class=\"elementor-section elementor-top-section elementor-element elementor-element-7a33c65 elementor-section-boxed elementor-section-height-default elementor-section-height-default\" data-id=\"7a33c65\" data-element_type=\"section\">\n<div class=\"elementor-container elementor-column-gap-default\">\n<div class=\"elementor-column elementor-col-100 elementor-top-column elementor-element elementor-element-77b1eb5\" data-id=\"77b1eb5\" data-element_type=\"column\">\n<div class=\"elementor-widget-wrap elementor-element-populated\">\n<div class=\"elementor-element elementor-element-667c7b0 elementor-widget elementor-widget-spacer\" data-id=\"667c7b0\" data-element_type=\"widget\" data-widget_type=\"spacer.default\">\n<div class=\"elementor-widget-container\">\n<div class=\"elementor-spacer\"><\/div>\n<\/div>\n<\/div>\n<\/div>\n<\/div>\n<\/div>\n<\/section>\n","protected":false},"featured_media":1778,"comment_status":"open","ping_status":"closed","template":"","meta":{"site-sidebar-layout":"default","site-content-layout":"default","ast-global-header-display":"","ast-main-header-display":"","ast-hfb-above-header-display":"","ast-hfb-below-header-display":"","ast-hfb-mobile-header-display":"","site-post-title":"","ast-breadcrumbs-content":"","ast-featured-img":"","footer-sml-layout":"","theme-transparent-header-meta":"default","adv-header-id-meta":"","stick-header-meta":"","header-above-stick-meta":"","header-main-stick-meta":"","header-below-stick-meta":"","_joinchat":[]},"product_brand":[],"product_cat":[23],"product_tag":[],"class_list":{"0":"post-1777","1":"product","2":"type-product","3":"status-publish","4":"has-post-thumbnail","6":"product_cat-cursos","7":"desktop-align-left","8":"tablet-align-left","9":"mobile-align-left","11":"first","12":"instock","13":"sale","14":"shipping-taxable","15":"purchasable","16":"product-type-simple"},"_links":{"self":[{"href":"https:\/\/quebaratodigital.com\/index.php?rest_route=\/wp\/v2\/product\/1777","targetHints":{"allow":["GET"]}}],"collection":[{"href":"https:\/\/quebaratodigital.com\/index.php?rest_route=\/wp\/v2\/product"}],"about":[{"href":"https:\/\/quebaratodigital.com\/index.php?rest_route=\/wp\/v2\/types\/product"}],"replies":[{"embeddable":true,"href":"https:\/\/quebaratodigital.com\/index.php?rest_route=%2Fwp%2Fv2%2Fcomments&post=1777"}],"wp:featuredmedia":[{"embeddable":true,"href":"https:\/\/quebaratodigital.com\/index.php?rest_route=\/wp\/v2\/media\/1778"}],"wp:attachment":[{"href":"https:\/\/quebaratodigital.com\/index.php?rest_route=%2Fwp%2Fv2%2Fmedia&parent=1777"}],"wp:term":[{"taxonomy":"product_brand","embeddable":true,"href":"https:\/\/quebaratodigital.com\/index.php?rest_route=%2Fwp%2Fv2%2Fproduct_brand&post=1777"},{"taxonomy":"product_cat","embeddable":true,"href":"https:\/\/quebaratodigital.com\/index.php?rest_route=%2Fwp%2Fv2%2Fproduct_cat&post=1777"},{"taxonomy":"product_tag","embeddable":true,"href":"https:\/\/quebaratodigital.com\/index.php?rest_route=%2Fwp%2Fv2%2Fproduct_tag&post=1777"}],"curies":[{"name":"wp","href":"https:\/\/api.w.org\/{rel}","templated":true}]}}