{"id":1779,"date":"2025-02-28T15:54:19","date_gmt":"2025-02-28T15:54:19","guid":{"rendered":"https:\/\/quebaratodigital.com\/?post_type=product&#038;p=1779"},"modified":"2025-02-28T15:54:19","modified_gmt":"2025-02-28T15:54:19","slug":"mentoria-privada-3-meses-conmigo-lain-garcia-calvo","status":"publish","type":"product","link":"https:\/\/quebaratodigital.com\/?product=mentoria-privada-3-meses-conmigo-lain-garcia-calvo","title":{"rendered":"Mentor\u00eda Privada 3 Meses Conmigo Lain Garc\u00eda Calvo"},"content":{"rendered":"<p>3 MESES CONMIGO PARA DAR UN SALTO CU\u00c1NTICO EN TU VIDA PERSONAL, TU SALUD, TU ECONOM\u00cdA Y TU DINERO\ud83d\udcb2<\/p>\n<p><strong>MENTORIA DE JUNIO-JULIO-AGOSTO-SEPTIEMBRE 2024<\/strong><\/p>\n<p>&nbsp;<\/p>\n<p><strong>4 RAZONES POR LAS CUALES ESTA MENTOR\u00cdA MARCAR\u00c1 UNA DIFERENCIA ABISMAL TANTO EN TU VIDA PERSONAL COMO ECON\u00d3MICA:<\/strong><\/p>\n<p>&nbsp;<\/p>\n<p>\u2705<strong>Aprender\u00e1s<\/strong>\u00a0las ESTRATEGIAS MAGISTRALES de las personas m\u00e1s exitosas del mundo.<\/p>\n<ul>\n<li>Estas ESTRATEGIAS MAGISTRALES han catapultado a cientos de personas comunes y corrientes hasta alcanzar niveles de \u00e9xito y abundancia inimaginables.<\/li>\n<li>Estas ESTRATEGIAS no se ense\u00f1an ni en la escuela ni en la universidad, sino que fueron ense\u00f1adas por MENTORES y sus experiencias personales.<\/li>\n<\/ul>\n<p>\u2705<strong>Aprender\u00e1s y Dominar\u00e1s<\/strong>\u00a0T\u00c9CNICAS espec\u00edficas para poder aplicar cada una de esas ESTRATEGIAS en tu vida diaria, tanto en tu profesi\u00f3n como en tu casa<\/p>\n<ul>\n<li>Las T\u00c9CNICAS son f\u00e1ciles y sencillas de aprender, y sin embargo son incre\u00edblemente eficaces para poder lograr la maestr\u00eda en el DINERO y los NEGOCIOS.<\/li>\n<\/ul>\n<p>\u2705No ser\u00e1 un profesor, educador, formador, ni orador quien te ofrezca la informaci\u00f3n.<\/p>\n<ul>\n<li>Vas a recibir la gu\u00eda de una persona que empez\u00f3 de cero y se volvi\u00f3 MILLONARIO, que perdi\u00f3 todas sus relaciones y las reconstruy\u00f3, que super\u00f3 un diagn\u00f3stico fatal y se convirti\u00f3 en deportista de \u00e9lite, y que ha aprendido a hacer eso de otros mentores con los resultados m\u00e1s extraordinarios del mundo y de la historia.<\/li>\n<\/ul>\n<p>&nbsp;<\/p>\n<p><strong>En definitiva, vas a aprender de un MENTOR CON RESULTADOS.<\/strong><\/p>\n<p>\u00bfImaginas el gran cambio y transformaci\u00f3n que tendr\u00edas? Piensa en todo lo que aprender\u00e1s, todo lo que avanzar\u00e1s\u2026<\/p>\n<p>&nbsp;<\/p>\n<p><strong>BENEF\u00cdCIATE DEL PODER DE LAS PALANCAS:<\/strong><\/p>\n<p>\u201cDadme un punto de apoyo y mover\u00e9 el mundo.\u201d ARQU\u00cdMIDES<\/p>\n<p>Arqu\u00edmides se considera el matem\u00e1tico m\u00e1s grande de la antig\u00fcedad y, como todos los grande de la historia, conoc\u00eda EL PODER DE LAS PALANCAS.<\/p>\n<p>&nbsp;<\/p>\n<p><strong>Las PALANCAS son el PUNTO DE APOYO que mejoran nuestras vidas.<\/strong><\/p>\n<p>Ya usamos muchas, por ejemplo, el mango de una puerta es una palanca, el abrelatas es otra, hay much\u00edsimas en realidad, pero LA PALANCA M\u00c1S PODEROSA del mundo es EL CONOCIMIENTO DE UN MENTOR CON EL QUE OBTUVO SUS RESULTADOS.<\/p>\n<p>\ud83d\udc49Si t\u00fa pudieras \u201cAPALANCARTE\u201d de la influencia directa y del conocimiento de un MENTOR,<br \/>\n\u00bfqu\u00e9 grandes cosas podr\u00edas lograr en tu vida?<\/p>\n<p>&nbsp;<\/p>\n<p><strong>Podr\u00edas lograr todo aquello que deseas y que, por alguna raz\u00f3n, nunca termina de llegar, nunca termina de suceder, nunca termina de manifestarse en tu vida.<\/strong><\/p>\n","protected":false},"excerpt":{"rendered":"<p><strong>3 MESES CONMIGO PARA DAR UN SALTO CU\u00c1NTICO EN TU VIDA PERSONAL, TU SALUD, TU ECONOM\u00cdA Y TU DINERO\ud83d\udcb2<\/strong><\/p>\n","protected":false},"featured_media":1780,"comment_status":"open","ping_status":"closed","template":"","meta":{"site-sidebar-layout":"default","site-content-layout":"default","ast-global-header-display":"","ast-main-header-display":"","ast-hfb-above-header-display":"","ast-hfb-below-header-display":"","ast-hfb-mobile-header-display":"","site-post-title":"","ast-breadcrumbs-content":"","ast-featured-img":"","footer-sml-layout":"","theme-transparent-header-meta":"default","adv-header-id-meta":"","stick-header-meta":"","header-above-stick-meta":"","header-main-stick-meta":"","header-below-stick-meta":"","_joinchat":[]},"product_brand":[],"product_cat":[23],"product_tag":[],"class_list":{"0":"post-1779","1":"product","2":"type-product","3":"status-publish","4":"has-post-thumbnail","6":"product_cat-cursos","7":"desktop-align-left","8":"tablet-align-left","9":"mobile-align-left","11":"first","12":"instock","13":"sale","14":"shipping-taxable","15":"purchasable","16":"product-type-simple"},"_links":{"self":[{"href":"https:\/\/quebaratodigital.com\/index.php?rest_route=\/wp\/v2\/product\/1779","targetHints":{"allow":["GET"]}}],"collection":[{"href":"https:\/\/quebaratodigital.com\/index.php?rest_route=\/wp\/v2\/product"}],"about":[{"href":"https:\/\/quebaratodigital.com\/index.php?rest_route=\/wp\/v2\/types\/product"}],"replies":[{"embeddable":true,"href":"https:\/\/quebaratodigital.com\/index.php?rest_route=%2Fwp%2Fv2%2Fcomments&post=1779"}],"wp:featuredmedia":[{"embeddable":true,"href":"https:\/\/quebaratodigital.com\/index.php?rest_route=\/wp\/v2\/media\/1780"}],"wp:attachment":[{"href":"https:\/\/quebaratodigital.com\/index.php?rest_route=%2Fwp%2Fv2%2Fmedia&parent=1779"}],"wp:term":[{"taxonomy":"product_brand","embeddable":true,"href":"https:\/\/quebaratodigital.com\/index.php?rest_route=%2Fwp%2Fv2%2Fproduct_brand&post=1779"},{"taxonomy":"product_cat","embeddable":true,"href":"https:\/\/quebaratodigital.com\/index.php?rest_route=%2Fwp%2Fv2%2Fproduct_cat&post=1779"},{"taxonomy":"product_tag","embeddable":true,"href":"https:\/\/quebaratodigital.com\/index.php?rest_route=%2Fwp%2Fv2%2Fproduct_tag&post=1779"}],"curies":[{"name":"wp","href":"https:\/\/api.w.org\/{rel}","templated":true}]}}