{"id":1789,"date":"2025-05-17T00:33:05","date_gmt":"2025-05-17T00:33:05","guid":{"rendered":"https:\/\/quebaratodigital.com\/?post_type=product&#038;p=1789"},"modified":"2025-05-17T00:33:05","modified_gmt":"2025-05-17T00:33:05","slug":"vende-como-shark-coral-mujaes","status":"publish","type":"product","link":"https:\/\/quebaratodigital.com\/?product=vende-como-shark-coral-mujaes","title":{"rendered":"Vende Como Shark Coral Mujaes"},"content":{"rendered":"<div class=\"elementor-element elementor-element-b660b0f premium-title-color elementor-widget elementor-widget-premium-addon-title\" data-id=\"b660b0f\" data-element_type=\"widget\" data-widget_type=\"premium-addon-title.default\">\n<div class=\"elementor-widget-container\">\n<div class=\"premium-title-container style1\">\n<h2 class=\"premium-title-header premium-title-style1\"><span class=\"premium-title-text\">\u00bfQu\u00e9 aprender\u00e1s en Vende Como Shark de Coral Mujaes?<\/span><\/h2>\n<p>&nbsp;<\/p>\n<\/div>\n<\/div>\n<\/div>\n<section class=\"elementor-section elementor-inner-section elementor-element elementor-element-0837d40 elementor-section-boxed elementor-section-height-default elementor-section-height-default\" data-id=\"0837d40\" data-element_type=\"section\" data-settings=\"{&quot;jet_parallax_layout_list&quot;:[],&quot;premium_particles_zindex&quot;:0,&quot;premium_particles_responsive&quot;:[&quot;desktop&quot;,&quot;tablet&quot;,&quot;mobile&quot;]}\">\n<div class=\"elementor-container elementor-column-gap-default\">\n<div class=\"elementor-column elementor-col-100 elementor-inner-column elementor-element elementor-element-024b031\" data-id=\"024b031\" data-element_type=\"column\" data-settings=\"{&quot;premium_particles_zindex&quot;:0,&quot;premium_particles_responsive&quot;:[&quot;desktop&quot;,&quot;tablet&quot;,&quot;mobile&quot;]}\">\n<div class=\"elementor-widget-wrap elementor-element-populated\">\n<div class=\"elementor-element elementor-element-b13c974 elementor-align-left elementor-icon-list--layout-traditional elementor-list-item-link-full_width elementor-widget elementor-widget-icon-list\" data-id=\"b13c974\" data-element_type=\"widget\" data-widget_type=\"icon-list.default\">\n<div class=\"elementor-widget-container\">\n<ul class=\"elementor-icon-list-items\">\n<li class=\"elementor-icon-list-item\"><span class=\"elementor-icon-list-text\"><i class=\"fa fa-check\" aria-hidden=\"true\"><\/i>\u00a0Aprende qu\u00e9 hace que una persona compre y c\u00f3mo aprovecharlo.<\/span><\/li>\n<li class=\"elementor-icon-list-item\"><span class=\"elementor-icon-list-text\"><i class=\"fa fa-check\" aria-hidden=\"true\"><\/i>\u00a0Domina las estrategias para concretar ventas sin esfuerzo.<\/span><\/li>\n<li><\/li>\n<\/ul>\n<\/div>\n<\/div>\n<\/div>\n<\/div>\n<\/div>\n<\/section>\n<div class=\"elementor-element elementor-element-1fd3b23 premium-title-color elementor-widget elementor-widget-premium-addon-title\" data-id=\"1fd3b23\" data-element_type=\"widget\" data-widget_type=\"premium-addon-title.default\">\n<div class=\"elementor-widget-container\">\n<div class=\"premium-title-container style1\">\n<h2 class=\"premium-title-header premium-title-style1\"><span class=\"premium-title-text\">\u00bfQu\u00e9 es Vende Como Shark de Coral Mujaes?<\/span><\/h2>\n<p>Con el curso Vende Como Shark Domina las Ventas y Aumenta tus Ingresos.<\/p>\n<p>&nbsp;<\/p>\n<\/div>\n<h3>\ud83d\ude80 Aprende a Vender con Seguridad y Convierte Objeciones en Ventas<\/h3>\n<p>&nbsp;<\/p>\n<p data-start=\"156\" data-end=\"505\">\u00bfTe has sentido estancada en tus ventas? \u00bfTus clientes siempre dicen que \u201cno tienen dinero\u201d? Es hora de dejar atr\u00e1s la frustraci\u00f3n y\u00a0<strong data-start=\"289\" data-end=\"331\">convertirte en una vendedora imparable<\/strong>. Con el curso\u00a0<strong data-start=\"346\" data-end=\"382\">Vende Como Shark de Coral Mujaes<\/strong>, descubrir\u00e1s las estrategias que te permitir\u00e1n cerrar ventas de manera consistente, sin importar tu producto o servicio.<\/p>\n<p data-start=\"156\" data-end=\"505\">\n<h3 data-start=\"507\" data-end=\"553\">\ud83c\udfaf \u00bfPor qu\u00e9 este curso es ideal para ti?<\/h3>\n<p>&nbsp;<\/p>\n<p data-start=\"555\" data-end=\"865\">Si alguna vez has sentido que las ventas no son tu fuerte, que los clientes ponen excusas o que simplemente\u00a0<strong data-start=\"663\" data-end=\"717\">no logras convertir tu esfuerzo en ingresos reales<\/strong>, este curso cambiar\u00e1 tu forma de vender.\u00a0<strong data-start=\"759\" data-end=\"822\">Vende Como Shark no es solo un curso, es una transformaci\u00f3n<\/strong>\u00a0en tu mentalidad y estrategia comercial.<\/p>\n<p data-start=\"555\" data-end=\"865\">\n<p data-start=\"867\" data-end=\"1166\">Desde la primera clase, aprender\u00e1s los principios que hacen que las personas vendan con \u00e9xito de forma constante.\u00a0<strong data-start=\"981\" data-end=\"1081\">No se trata de f\u00f3rmulas vac\u00edas, sino de entender la psicolog\u00eda detr\u00e1s de cada decisi\u00f3n de compra<\/strong>\u00a0y aplicar estrategias efectivas que han llevado a miles de emprendedores al \u00e9xito.<\/p>\n<\/div>\n<\/div>\n","protected":false},"excerpt":{"rendered":"<p><strong data-start=\"759\" data-end=\"822\">Vende Como Shark no es solo un curso, es una transformaci\u00f3n<\/strong>\u00a0en tu mentalidad y estrategia comercial.<\/p>\n","protected":false},"featured_media":1790,"comment_status":"open","ping_status":"closed","template":"","meta":{"site-sidebar-layout":"default","site-content-layout":"default","ast-global-header-display":"","ast-main-header-display":"","ast-hfb-above-header-display":"","ast-hfb-below-header-display":"","ast-hfb-mobile-header-display":"","site-post-title":"","ast-breadcrumbs-content":"","ast-featured-img":"","footer-sml-layout":"","theme-transparent-header-meta":"default","adv-header-id-meta":"","stick-header-meta":"","header-above-stick-meta":"","header-main-stick-meta":"","header-below-stick-meta":"","_joinchat":[]},"product_brand":[],"product_cat":[23],"product_tag":[],"class_list":{"0":"post-1789","1":"product","2":"type-product","3":"status-publish","4":"has-post-thumbnail","6":"product_cat-cursos","7":"desktop-align-left","8":"tablet-align-left","9":"mobile-align-left","11":"first","12":"instock","13":"downloadable","14":"shipping-taxable","15":"purchasable","16":"product-type-simple"},"_links":{"self":[{"href":"https:\/\/quebaratodigital.com\/index.php?rest_route=\/wp\/v2\/product\/1789","targetHints":{"allow":["GET"]}}],"collection":[{"href":"https:\/\/quebaratodigital.com\/index.php?rest_route=\/wp\/v2\/product"}],"about":[{"href":"https:\/\/quebaratodigital.com\/index.php?rest_route=\/wp\/v2\/types\/product"}],"replies":[{"embeddable":true,"href":"https:\/\/quebaratodigital.com\/index.php?rest_route=%2Fwp%2Fv2%2Fcomments&post=1789"}],"wp:featuredmedia":[{"embeddable":true,"href":"https:\/\/quebaratodigital.com\/index.php?rest_route=\/wp\/v2\/media\/1790"}],"wp:attachment":[{"href":"https:\/\/quebaratodigital.com\/index.php?rest_route=%2Fwp%2Fv2%2Fmedia&parent=1789"}],"wp:term":[{"taxonomy":"product_brand","embeddable":true,"href":"https:\/\/quebaratodigital.com\/index.php?rest_route=%2Fwp%2Fv2%2Fproduct_brand&post=1789"},{"taxonomy":"product_cat","embeddable":true,"href":"https:\/\/quebaratodigital.com\/index.php?rest_route=%2Fwp%2Fv2%2Fproduct_cat&post=1789"},{"taxonomy":"product_tag","embeddable":true,"href":"https:\/\/quebaratodigital.com\/index.php?rest_route=%2Fwp%2Fv2%2Fproduct_tag&post=1789"}],"curies":[{"name":"wp","href":"https:\/\/api.w.org\/{rel}","templated":true}]}}