{"id":1792,"date":"2025-05-17T00:35:57","date_gmt":"2025-05-17T00:35:57","guid":{"rendered":"https:\/\/quebaratodigital.com\/?post_type=product&#038;p=1792"},"modified":"2025-05-17T00:35:58","modified_gmt":"2025-05-17T00:35:58","slug":"fitness-emocional-2-0-coral-mujaes","status":"publish","type":"product","link":"https:\/\/quebaratodigital.com\/?product=fitness-emocional-2-0-coral-mujaes","title":{"rendered":"Fitness Emocional 2.0 Coral Mujaes"},"content":{"rendered":"<div class=\"elementor-element elementor-element-b660b0f premium-title-color elementor-widget elementor-widget-premium-addon-title\" data-id=\"b660b0f\" data-element_type=\"widget\" data-widget_type=\"premium-addon-title.default\">\n<div class=\"elementor-widget-container\">\n<div class=\"premium-title-container style1\">\n<h2 class=\"premium-title-header premium-title-style1\"><span class=\"premium-title-text\">\u00bfQu\u00e9 aprender\u00e1s en Fitness Emocional 2.0 de Coral Mujaes?<\/span><\/h2>\n<\/div>\n<\/div>\n<\/div>\n<section class=\"elementor-section elementor-inner-section elementor-element elementor-element-0837d40 elementor-section-boxed elementor-section-height-default elementor-section-height-default\" data-id=\"0837d40\" data-element_type=\"section\" data-settings=\"{&quot;jet_parallax_layout_list&quot;:[],&quot;premium_particles_zindex&quot;:0,&quot;premium_particles_responsive&quot;:[&quot;desktop&quot;,&quot;tablet&quot;,&quot;mobile&quot;]}\">\n<div class=\"elementor-container elementor-column-gap-default\">\n<div class=\"elementor-column elementor-col-100 elementor-inner-column elementor-element elementor-element-024b031\" data-id=\"024b031\" data-element_type=\"column\" data-settings=\"{&quot;premium_particles_zindex&quot;:0,&quot;premium_particles_responsive&quot;:[&quot;desktop&quot;,&quot;tablet&quot;,&quot;mobile&quot;]}\">\n<div class=\"elementor-widget-wrap elementor-element-populated\">\n<div class=\"elementor-element elementor-element-b13c974 elementor-align-left elementor-icon-list--layout-traditional elementor-list-item-link-full_width elementor-widget elementor-widget-icon-list\" data-id=\"b13c974\" data-element_type=\"widget\" data-widget_type=\"icon-list.default\">\n<div class=\"elementor-widget-container\">\n<ul class=\"elementor-icon-list-items\">\n<li class=\"elementor-icon-list-item\"><span class=\"elementor-icon-list-text\"><i class=\"fa fa-check\" aria-hidden=\"true\"><\/i>\u00a0Mejora tu comunicaci\u00f3n y fortalece tus v\u00ednculos personales y profesionales.<\/span><\/li>\n<li class=\"elementor-icon-list-item\"><span class=\"elementor-icon-list-text\"><i class=\"fa fa-check\" aria-hidden=\"true\"><\/i>\u00a0Aprende a identificar y controlar tus emociones sin que ellas te dominen.<\/span><\/li>\n<\/ul>\n<\/div>\n<\/div>\n<\/div>\n<\/div>\n<\/div>\n<\/section>\n<div class=\"elementor-element elementor-element-1fd3b23 premium-title-color elementor-widget elementor-widget-premium-addon-title\" data-id=\"1fd3b23\" data-element_type=\"widget\" data-widget_type=\"premium-addon-title.default\">\n<div class=\"elementor-widget-container\">\n<div class=\"premium-title-container style1\">\n<h2 class=\"premium-title-header premium-title-style1\"><span class=\"premium-title-text\">\u00bfQu\u00e9 es Fitness Emocional 2.0 de Coral Mujaes?<\/span><\/h2>\n<\/div>\n<\/div>\n<\/div>\n<div class=\"elementor-element elementor-element-37ba0f01 elementor-widget elementor-widget-woocommerce-product-content\" data-id=\"37ba0f01\" data-element_type=\"widget\" data-widget_type=\"woocommerce-product-content.default\">\n<div class=\"elementor-widget-container\">\n<h2>Con el curso Fitness Emocional 2.0 Domina tus Emociones y Lib\u00e9rate de Bloqueos.<\/h2>\n<p>&nbsp;<\/p>\n<h3 data-start=\"171\" data-end=\"254\"><strong data-start=\"175\" data-end=\"252\">Descubre el Poder de tus Emociones para Alcanzar el \u00c9xito y el Equilibrio<\/strong><\/h3>\n<p>&nbsp;<\/p>\n<p data-start=\"256\" data-end=\"584\">\u00bfSientes que algo te frena a pesar de tener grandes metas? El problema no est\u00e1 en tu talento o esfuerzo, sino en c\u00f3mo gestionas tu mundo emocional.\u00a0<strong data-start=\"404\" data-end=\"445\">Fitness Emocional 2.0 de Coral Mujaes<\/strong>\u00a0es un curso dise\u00f1ado para ayudarte a desarrollar tu inteligencia emocional, superar bloqueos internos y vivir con equilibrio y plenitud.<\/p>\n<p data-start=\"256\" data-end=\"584\">\n<p data-start=\"586\" data-end=\"832\">Con herramientas pr\u00e1cticas y estrategias comprobadas, aprender\u00e1s a transformar tus emociones en un motor de \u00e9xito personal y profesional. Este programa te guiar\u00e1 paso a paso para que puedas alinear tu bienestar mental con tus objetivos de vida.<\/p>\n<\/div>\n<\/div>\n","protected":false},"excerpt":{"rendered":"<h3 data-start=\"171\" data-end=\"254\"><strong data-start=\"175\" data-end=\"252\">Descubre el Poder de tus Emociones para Alcanzar el \u00c9xito y el Equilibrio<\/strong><\/h3>\n","protected":false},"featured_media":1793,"comment_status":"open","ping_status":"closed","template":"","meta":{"site-sidebar-layout":"default","site-content-layout":"default","ast-global-header-display":"","ast-main-header-display":"","ast-hfb-above-header-display":"","ast-hfb-below-header-display":"","ast-hfb-mobile-header-display":"","site-post-title":"","ast-breadcrumbs-content":"","ast-featured-img":"","footer-sml-layout":"","theme-transparent-header-meta":"default","adv-header-id-meta":"","stick-header-meta":"","header-above-stick-meta":"","header-main-stick-meta":"","header-below-stick-meta":"","_joinchat":[]},"product_brand":[],"product_cat":[23],"product_tag":[],"class_list":{"0":"post-1792","1":"product","2":"type-product","3":"status-publish","4":"has-post-thumbnail","6":"product_cat-cursos","7":"desktop-align-left","8":"tablet-align-left","9":"mobile-align-left","11":"first","12":"instock","13":"downloadable","14":"shipping-taxable","15":"purchasable","16":"product-type-simple"},"_links":{"self":[{"href":"https:\/\/quebaratodigital.com\/index.php?rest_route=\/wp\/v2\/product\/1792","targetHints":{"allow":["GET"]}}],"collection":[{"href":"https:\/\/quebaratodigital.com\/index.php?rest_route=\/wp\/v2\/product"}],"about":[{"href":"https:\/\/quebaratodigital.com\/index.php?rest_route=\/wp\/v2\/types\/product"}],"replies":[{"embeddable":true,"href":"https:\/\/quebaratodigital.com\/index.php?rest_route=%2Fwp%2Fv2%2Fcomments&post=1792"}],"wp:featuredmedia":[{"embeddable":true,"href":"https:\/\/quebaratodigital.com\/index.php?rest_route=\/wp\/v2\/media\/1793"}],"wp:attachment":[{"href":"https:\/\/quebaratodigital.com\/index.php?rest_route=%2Fwp%2Fv2%2Fmedia&parent=1792"}],"wp:term":[{"taxonomy":"product_brand","embeddable":true,"href":"https:\/\/quebaratodigital.com\/index.php?rest_route=%2Fwp%2Fv2%2Fproduct_brand&post=1792"},{"taxonomy":"product_cat","embeddable":true,"href":"https:\/\/quebaratodigital.com\/index.php?rest_route=%2Fwp%2Fv2%2Fproduct_cat&post=1792"},{"taxonomy":"product_tag","embeddable":true,"href":"https:\/\/quebaratodigital.com\/index.php?rest_route=%2Fwp%2Fv2%2Fproduct_tag&post=1792"}],"curies":[{"name":"wp","href":"https:\/\/api.w.org\/{rel}","templated":true}]}}