{"id":1797,"date":"2025-06-22T02:52:25","date_gmt":"2025-06-22T02:52:25","guid":{"rendered":"https:\/\/quebaratodigital.com\/?post_type=product&#038;p=1797"},"modified":"2025-11-17T08:52:10","modified_gmt":"2025-11-17T08:52:10","slug":"el-lider-que-transforma-monty-moran-mindvalley","status":"publish","type":"product","link":"https:\/\/quebaratodigital.com\/?product=el-lider-que-transforma-monty-moran-mindvalley","title":{"rendered":"El l\u00edder que transforma Monty Moran Mindvalley"},"content":{"rendered":"<div class=\"pb-markdown min-h-fit mv-type--titlebold3 storyblok__outline\" data-v-65686310=\"\" data-blok-c=\"undefined\" data-blok-uid=\"undefined\">\n<h4 style=\"text-align: center;\">Convi\u00e9rtete en un l\u00edder que transforma a las personas que te rodean con Monty Moran, el visionario CEO que convirti\u00f3 a Chipotle en uno de los restaurantes m\u00e1s queridos del mundo.<\/h4>\n<\/div>\n<p>&nbsp;<\/p>\n<div class=\"pb-markdown min-h-fit mv-type--title5 storyblok__outline\" data-v-65686310=\"\" data-blok-c=\"undefined\" data-blok-uid=\"undefined\">Para l\u00edderes empresariales de todos los niveles: \u00fanase al ex director ejecutivo de Chipotle, Monty Moran, mientras domina las herramientas, las habilidades y los cambios de mentalidad del liderazgo transformacional, para que pueda liderar a su equipo y a usted mismo hacia un crecimiento e impacto innovadores.<\/div>\n<div data-v-65686310=\"\" data-blok-c=\"undefined\" data-blok-uid=\"undefined\"><\/div>\n<div data-v-65686310=\"\" data-blok-c=\"undefined\" data-blok-uid=\"undefined\"><\/div>\n<div data-v-65686310=\"\" data-blok-c=\"undefined\" data-blok-uid=\"undefined\">\n<div class=\"pb-markdown min-h-fit mv-type--titlebold8 storyblok__outline\" data-v-65686310=\"\" data-blok-c=\"undefined\" data-blok-uid=\"undefined\">\n<p style=\"text-align: center;\"><strong>Un programa para el l\u00edder empresarial que quiere liderar, vivir y crecer al m\u00e1s alto nivel, al mismo tiempo que sirve como una fuerza inspiradora para el bien.<\/strong><\/p>\n<p>&nbsp;<\/p>\n<\/div>\n<div class=\"pb-markdown min-h-fit mv-type--body mt-4 storyblok__outline\" data-v-65686310=\"\" data-blok-c=\"undefined\" data-blok-uid=\"undefined\">\n<p>La filosof\u00eda de Monty Moran, el visionario CEO que catapult\u00f3 a Chipotle a la estratosfera, se puede resumir en una frase:<\/p>\n<p>&nbsp;<\/p>\n<p><strong>Deja de gestionar y empieza a liderar.<\/strong><\/p>\n<ul>\n<li>Desarrollar una\u00a0<strong>presencia magn\u00e9tica<\/strong>\u00a0que inspire a tu gente a querer seguirte.<\/li>\n<li>Crear y defender\u00a0<strong>visiones imparables<\/strong>\u00a0que impulsen la pasi\u00f3n, la colaboraci\u00f3n y el impulso en toda la empresa.<\/li>\n<li>Dise\u00f1ar una\u00a0<strong>cultura empresarial de clase mundial<\/strong>\u00a0que atraiga a los mejores profesionales y saque lo mejor de cada uno de ellos.<\/li>\n<li>Y cultivar un\u00a0<strong>mundo interior rico<\/strong>\u00a0que te permita vivir y trabajar en perpetua inspiraci\u00f3n, conexi\u00f3n, humanidad y gratitud, incluso en los momentos m\u00e1s dif\u00edciles.<\/li>\n<\/ul>\n<p>&nbsp;<\/p>\n<\/div>\n<div class=\"w-full lg_w-2\/3 mx-auto mb-7 md_mb-9 min-h-fit storyblok__outline\" data-v-65686310=\"\" data-blok-c=\"undefined\" data-blok-uid=\"undefined\">\n<div class=\"pb-markdown min-h-fit mv-type--titlebold5 text-center storyblok__outline\" data-v-65686310=\"\" data-blok-c=\"undefined\" data-blok-uid=\"undefined\">\n<h3 style=\"text-align: center;\">Un sistema paso a paso que te eleva a un L\u00edder<\/h3>\n<h3 style=\"text-align: center;\">Transformacional &#8211; en solo 14 d\u00edas<\/h3>\n<p>&nbsp;<\/p>\n<\/div>\n<\/div>\n<div id=\"\" class=\"w-full lg_w-2\/3 mx-auto min-h-fit storyblok__outline\" data-v-65686310=\"\" data-blok-c=\"undefined\" data-blok-uid=\"undefined\">\n<div class=\"pb-markdown min-h-fit mv-type--body storyblok__outline\" data-v-65686310=\"\" data-blok-c=\"undefined\" data-blok-uid=\"undefined\">\n<p>El liderazgo transformacional no es un don ni un talento, sino m\u00e1s bien un proceso sistem\u00e1tico que cualquier l\u00edder puede aplicar para obtener recompensas que cambien las reglas del juego en el trabajo y en la vida.<\/p>\n<p>Y en el programa L\u00edder Transformacional, Monty Moran te guiar\u00e1 a trav\u00e9s de cada paso de este proceso.<\/p>\n<p>A diferencia de los programas t\u00edpicos de gesti\u00f3n o liderazgo, El L\u00edder Transformacional lo lleva por un camino mucho m\u00e1s profundo y gratificante: con el mismo enfoque en usted como l\u00edder y en usted como individuo \u00fanico.<\/p>\n<p>Aprovechar\u00e1s las herramientas y estrategias exclusivas de Monty para dominar tus habilidades de liderazgo y tu desempe\u00f1o. Tu mentalidad y pensamiento. Tus objetivos y visiones. Tu comunicaci\u00f3n, tanto a nivel empresarial como personal.<\/p>\n<p>Y su capacidad para liderarse a s\u00ed mismo y a su gente hacia un crecimiento innovador y un impacto positivo extraordinario.<\/p>\n<p>&nbsp;<\/p>\n<\/div>\n<div class=\"mv-container min-h-fit storyblok__outline\" data-v-65686310=\"\" data-blok-c=\"undefined\" data-blok-uid=\"undefined\">\n<div class=\"w-full text-center lg_w-2\/3 mx-auto min-h-fit storyblok__outline\" data-v-65686310=\"\" data-blok-c=\"undefined\" data-blok-uid=\"undefined\">\n<div class=\"pb-markdown min-h-fit mv-type--titlebold4 text-center mb-8 md_mb-12 storyblok__outline\" data-v-65686310=\"\" data-blok-c=\"undefined\" data-blok-uid=\"undefined\"><\/div>\n<\/div>\n<\/div>\n<div class=\"mv-container min-h-fit storyblok__outline\" data-v-65686310=\"\" data-blok-c=\"undefined\" data-blok-uid=\"undefined\">\n<div class=\"pb-markdown min-h-fit lg_w-2\/3 mx-auto mv-type--title6 mv-list__number --spacious storyblok__outline\" data-v-65686310=\"\" data-blok-c=\"undefined\" data-blok-uid=\"undefined\">\n<p>&nbsp;<\/p>\n<\/div>\n<div class=\"mv-container min-h-fit storyblok__outline\" data-v-65686310=\"\" data-blok-c=\"undefined\" data-blok-uid=\"undefined\">\n<div class=\"w-full text-center lg_w-2\/3 mx-auto min-h-fit storyblok__outline\" data-v-65686310=\"\" data-blok-c=\"undefined\" data-blok-uid=\"undefined\">\n<div class=\"pb-markdown min-h-fit mv-type--titlebold4 text-center mb-8 md_mb-10 lg_mb-12 storyblok__outline\" data-v-65686310=\"\" data-blok-c=\"undefined\" data-blok-uid=\"undefined\">\n<h2 style=\"text-align: center;\">El curr\u00edculo<\/h2>\n<\/div>\n<\/div>\n<\/div>\n<div id=\"\" class=\"mv-container min-h-fit storyblok__outline\" data-v-65686310=\"\" data-blok-c=\"undefined\" data-blok-uid=\"undefined\">\n<div class=\"pb-markdown min-h-fit mv-type--titlebold5 text-center mb-8 md_mb-12 lg_mb-16 lg_w-2\/3 mx-auto storyblok__outline\" data-v-65686310=\"\" data-blok-c=\"undefined\" data-blok-uid=\"undefined\">\n<h3 style=\"text-align: center;\">Explora el plan de estudios del L\u00edder Transformacional<\/h3>\n<p>&nbsp;<\/p>\n<p><img decoding=\"async\" class=\"aligncenter\" src=\"https:\/\/storyblok-cdn.mindvalley.com\/f\/60579\/2068x1110\/405e8337e7\/tl_sp_devices_curriculum_en.png?quality=60&amp;auto=webp&amp;dpr=0.800000011920929&amp;width=752\" alt=\"El l\u00edder transformacional en m\u00faltiples dispositivos\" \/><\/p>\n<p>El L\u00edder Transformacional es un programa en l\u00ednea de 14 d\u00edas para l\u00edderes de todos los niveles que buscan dominar el liderazgo en su forma m\u00e1s efectiva y satisfactoria, mientras sirven como una fuerza para el bien.<\/p>\n<p>&nbsp;<\/p>\n<p>Con Monty Moran como tu coach de liderazgo, perfeccionar\u00e1s tus habilidades diariamente a trav\u00e9s de breves lecciones en video que te brindar\u00e1n las herramientas, la mentalidad y el alma que necesitas para guiar a otros (y a ti mismo) hacia resultados transformadores.<\/p>\n<p>&nbsp;<\/p>\n<p>Desde la cultura de la empresa hasta inspirar a su gente y encender su brillantez, establecer y lograr visiones imparables y mejorar su forma de pensar, presentarse y actuar todos los d\u00edas como l\u00edder y ser humano:<\/p>\n<p>&nbsp;<\/p>\n<p>Saldr\u00e1s del programa no s\u00f3lo como un L\u00edder Transformacional, sino tambi\u00e9n como una nueva persona cuya extraordinaria pasi\u00f3n, compasi\u00f3n e incluso valiente vulnerabilidad eleva a todos y a todo lo que est\u00e1 en tu presencia.<\/p>\n<\/div>\n<\/div>\n<\/div>\n<\/div>\n<\/div>\n","protected":false},"excerpt":{"rendered":"<p><strong>Convi\u00e9rtete en un l\u00edder que transforma a las personas que te rodean con Monty Moran, el visionario CEO que convirti\u00f3 a Chipotle en uno de los restaurantes m\u00e1s queridos del mundo.<\/strong><\/p>\n<p>14 lecciones<\/p>\n","protected":false},"featured_media":1798,"comment_status":"open","ping_status":"closed","template":"","meta":{"site-sidebar-layout":"default","site-content-layout":"default","ast-global-header-display":"","ast-main-header-display":"","ast-hfb-above-header-display":"","ast-hfb-below-header-display":"","ast-hfb-mobile-header-display":"","site-post-title":"","ast-breadcrumbs-content":"","ast-featured-img":"","footer-sml-layout":"","theme-transparent-header-meta":"default","adv-header-id-meta":"","stick-header-meta":"","header-above-stick-meta":"","header-main-stick-meta":"","header-below-stick-meta":"","_joinchat":[]},"product_brand":[],"product_cat":[23,22],"product_tag":[],"class_list":{"0":"post-1797","1":"product","2":"type-product","3":"status-publish","4":"has-post-thumbnail","6":"product_cat-cursos","7":"product_cat-cursos-mindvalley","8":"desktop-align-left","9":"tablet-align-left","10":"mobile-align-left","12":"first","13":"instock","14":"sale","15":"downloadable","16":"shipping-taxable","17":"purchasable","18":"product-type-simple"},"_links":{"self":[{"href":"https:\/\/quebaratodigital.com\/index.php?rest_route=\/wp\/v2\/product\/1797","targetHints":{"allow":["GET"]}}],"collection":[{"href":"https:\/\/quebaratodigital.com\/index.php?rest_route=\/wp\/v2\/product"}],"about":[{"href":"https:\/\/quebaratodigital.com\/index.php?rest_route=\/wp\/v2\/types\/product"}],"replies":[{"embeddable":true,"href":"https:\/\/quebaratodigital.com\/index.php?rest_route=%2Fwp%2Fv2%2Fcomments&post=1797"}],"wp:featuredmedia":[{"embeddable":true,"href":"https:\/\/quebaratodigital.com\/index.php?rest_route=\/wp\/v2\/media\/1798"}],"wp:attachment":[{"href":"https:\/\/quebaratodigital.com\/index.php?rest_route=%2Fwp%2Fv2%2Fmedia&parent=1797"}],"wp:term":[{"taxonomy":"product_brand","embeddable":true,"href":"https:\/\/quebaratodigital.com\/index.php?rest_route=%2Fwp%2Fv2%2Fproduct_brand&post=1797"},{"taxonomy":"product_cat","embeddable":true,"href":"https:\/\/quebaratodigital.com\/index.php?rest_route=%2Fwp%2Fv2%2Fproduct_cat&post=1797"},{"taxonomy":"product_tag","embeddable":true,"href":"https:\/\/quebaratodigital.com\/index.php?rest_route=%2Fwp%2Fv2%2Fproduct_tag&post=1797"}],"curies":[{"name":"wp","href":"https:\/\/api.w.org\/{rel}","templated":true}]}}