{"id":1804,"date":"2025-08-27T15:00:35","date_gmt":"2025-08-27T15:00:35","guid":{"rendered":"https:\/\/quebaratodigital.com\/?post_type=product&#038;p=1804"},"modified":"2025-08-27T15:00:35","modified_gmt":"2025-08-27T15:00:35","slug":"se-extraordinario-vishen","status":"publish","type":"product","link":"https:\/\/quebaratodigital.com\/?product=se-extraordinario-vishen","title":{"rendered":"Se Extraordinario Vishen"},"content":{"rendered":"<h2><span id=\"Por_que_elegir_este_programa\" class=\"ez-toc-section\">\u00bfPor qu\u00e9 elegir este programa?<\/span><\/h2>\n<p>&nbsp;<\/p>\n<p>El programa \u201cS\u00e9 extraordinario\u201d te gu\u00eda paso a paso en un viaje para alcanzar el Nivel 3 de consciencia, liberarte de modelos de realidad limitantes, y descubrir un potencial infinito en todas las \u00e1reas de tu vida.<\/p>\n<p>&nbsp;<\/p>\n<p>El m\u00e9todo de ense\u00f1anza de Vishen es tan poderoso que sus resultados transforman vidas, y se ha convertido r\u00e1pidamente en uno de los productos mejor evaluados por los alumnos de Mindvalley, con miles de testimonios impresionantes.<\/p>\n<p>&nbsp;<\/p>\n<p>Las ideas presentadas en este programa inspiraron a Vishen a escribir uno de los mejores libros de 2016: \u201cEl C\u00f3digo de las mentes extraordinarias\u201d, que se convirti\u00f3 en un \u00e9xito de ventas del New York Times y caus\u00f3 que Vishen compartiera escenario con el Dalai Lama, donde gan\u00f3 el premio al mejor conferencista. El libro permiti\u00f3 a Vishen, contra todo pron\u00f3stico, convertir su peque\u00f1o start-up de de capital en una empresa de educaci\u00f3n de millones de d\u00f3lares, con profesores como Neale Donald Walsch, Robin Sharma, Alan Watts, y muchos m\u00e1s.<\/p>\n<p>&nbsp;<\/p>\n<p>Esto es lo que pasa cuando se aplican las t\u00e9cnicas para Transformar la realidad.<\/p>\n<p>Sin embargo, muchas personas creen que solo algunos poseen el poder m\u00edstico para darle forma al mundo con el pensamiento, para saber qu\u00e9 decisiones tomar, y saber al instante cu\u00e1l es la verdad.<\/p>\n<p>&nbsp;<\/p>\n<p>Pero en este programa descubrir\u00e1s un sistema para ascender a niveles superiores de consciencia tan sencillo que cualquiera que lo aplique podr\u00e1 pasar a la siguiente etapa de su evoluci\u00f3n.<\/p>\n<p>&nbsp;<\/p>\n<h2><span id=\"Quien_es_el_instructor_del_curso\" class=\"ez-toc-section\">\u00bfQuien es el instructor del curso?<\/span><\/h2>\n<p>&nbsp;<\/p>\n<p>Vishen Lakhiani es el fundador y CEO de Mindvalley, una de las compa\u00f1\u00edas de desarrollo personal de m\u00e1s r\u00e1pido crecimiento en el mundo. Mindvalley ha revolucionado la industria del crecimiento personal y ha enamorado a una familia de m\u00e1s tres millones de clientes, suscriptores y fans incondicionales. Al frente de un equipo internacional de 300 personas de m\u00e1s de 50 pa\u00edses en la sede de Mindvalley, su meta es revolucionar el sistema educativo mundial, colocando en primer plano la educaci\u00f3n transformacional y el crecimiento personal, para generalizar estas pr\u00e1cticas en la sociedad.<\/p>\n<p>&nbsp;<\/p>\n<p>*Su \u00e9xito de ventas del New York Times, \u201cEl c\u00f3digo de las mentes extraordinarias\u201d combina estudios de biolog\u00eda evolutiva con razonamiento computacional. En septiembre y noviembre de 2017, lleg\u00f3 a ser el libro m\u00e1s vendido de todas las categor\u00edas en Amazon, as\u00ed como el libro m\u00e1s le\u00eddo en Amazon a nivel mundial.<\/p>\n<p>&nbsp;<\/p>\n<h2><span id=\"Que_aprenderas_en_el_curso\" class=\"ez-toc-section\">\u00bfQue aprender\u00e1s en el curso?<\/span><\/h2>\n<p>&nbsp;<\/p>\n<p>El programa \u201cS\u00e9 extraordinario\u201d te gu\u00eda a trav\u00e9s de 8 m\u00f3dulos f\u00e1ciles de seguir. Los m\u00f3dulos son semanales y cada uno se centra en un aspecto espec\u00edfico del Nivel 3 de consciencia. As\u00ed podr\u00e1s avanzar en la evoluci\u00f3n de tu consciencia a un ritmo constante y agradable.<\/p>\n<p>&nbsp;<\/p>\n<p>Todo lo que aprender\u00e1s est\u00e1 basado en el revolucionario sistema \u201cIngenier\u00eda de la consciencia\u201d de Vishen, y en los modelos de realidad. Todos nosotros vivimos la vida seg\u00fan sistemas y modelos, seamos conscientes o no. En este curso actualizaremos dichos sistemas y modelos con versiones m\u00e1s nuevas y eficientes. No tienes que hacer cambios dr\u00e1sticos de vida o sacrificios para ver resultados.<\/p>\n<p>&nbsp;<\/p>\n<p>A continuaci\u00f3n ver\u00e1s algunos de los resultados que obtendr\u00e1s a medida que avances en este curso:<\/p>\n<p>&nbsp;<\/p>\n<h3><span id=\"Veras_tu_mision_con_claridad\" class=\"ez-toc-section\">Ver\u00e1s tu misi\u00f3n con claridad<\/span><\/h3>\n<p>&nbsp;<\/p>\n<p>\u00bfPor qu\u00e9 est\u00e1s aqu\u00ed? \u00bfC\u00f3mo podr\u00edas causar un impacto en el mundo? Uno de los mayores interrogantes que todos tenemos es c\u00f3mo encontrar nuestra misi\u00f3n de vida. \u201cS\u00e9 extraordinario\u201d te mostrar\u00e1 ejercicios reveladores que te dar\u00e1n claridad y certeza para conocer y honrar tu prop\u00f3sito de vida.<\/p>\n<p>&nbsp;<\/p>\n<p>Cambiar\u00e1s tu realidad hasta en tus sue\u00f1os<br \/>\nAlgunas de las t\u00e9cnicas que descubrir\u00e1s en \u201cS\u00e9 extraordinario\u201d, como la Puerta Delta, te ense\u00f1ar\u00e1n a conectarte a una fuente superior mientras te encuentras en un estado de duermevela, a nivel cerebral Delta. Esta t\u00e9cnica te permitir\u00e1 cambiar tu realidad, incluso mientras tu mente consciente duerme.<\/p>\n<p>&nbsp;<\/p>\n<p>Ver\u00e1s la vida de manera completamente diferente<br \/>\nImagina despertarte entusiasmado todos los d\u00edas, ansioso de empezar tu trabajo, y encantado con cada segundo que pases en \u00e9l. Claro que habr\u00e1 d\u00edas retadores, pero cuando haces algo que te apasiona, vale la pena. Nunca querr\u00e1s hacer otra cosa.<\/p>\n<p>&nbsp;<\/p>\n<p>Ver\u00e1s cumplirse tus metas m\u00e1s incre\u00edbles<br \/>\nLa forma tradicional de fijar metas solo te permite proponerte cosas que puedas imaginar. Pero cuando aprendes a vivir con inspiraci\u00f3n, alcanzar\u00e1s y vivir\u00e1s cosas que jam\u00e1s habr\u00edas so\u00f1ado. Es como si te guiara un poder superior.<\/p>\n<p>&nbsp;<\/p>\n<p>Tomar\u00e1s decisiones correctas al instante<br \/>\nTu intuici\u00f3n ser\u00e1 tu mejor gu\u00eda. \u201cS\u00e9 extraordinario\u201d te ense\u00f1ar\u00e1 c\u00f3mo conectar con tu intuici\u00f3n para tomar mejores decisiones y mantenerte fiel a tu prop\u00f3sito. Te sentir\u00e1s m\u00e1s afortunado, m\u00e1s sabio y avanzar\u00e1s m\u00e1s r\u00e1pido que nunca hacia tu visi\u00f3n.<\/p>\n<p>&nbsp;<\/p>\n<p>Te sentir\u00e1s libre y arraigado en el momento presente<br \/>\nTodos sufrimos en silencio las heridas de nuestro pasado, enterradas en lo profundo de nuestro ser. En el segundo m\u00f3dulo de \u201cS\u00e9 extraordinario\u201d aprender\u00e1s una t\u00e9cnica poderosa y comprobada cient\u00edficamente, para liberarte de ese dolor y sentirte m\u00e1s libre que nunca.<\/p>\n<p>&nbsp;<\/p>\n<p>Vivir\u00e1s con plenitud y sin arrepentimientos<br \/>\n\u201cS\u00e9 extraordinario\u201d te permitir\u00e1 sentirte m\u00e1s conectado con la vida, m\u00e1s vivo. Ser\u00e1s m\u00e1s compasivo, menos irritable. Empezar\u00e1s a ver las sincron\u00edas y coincidencias que te har\u00e1n sentir que el universo est\u00e1 de tu lado. Vivir\u00e1s una vida extraordinaria.<\/p>\n<p>&nbsp;<\/p>\n","protected":false},"excerpt":{"rendered":"<p>Evoluciona tu consciencia. Eleva tu vida. S\u00e9 Extraordinario.<br \/>\nExplora en profundidad los estados \u00f3ptimos de consciencia con Vishen Lakhiani.<\/p>\n","protected":false},"featured_media":1677,"comment_status":"open","ping_status":"closed","template":"","meta":{"site-sidebar-layout":"default","site-content-layout":"default","ast-global-header-display":"","ast-main-header-display":"","ast-hfb-above-header-display":"","ast-hfb-below-header-display":"","ast-hfb-mobile-header-display":"","site-post-title":"","ast-breadcrumbs-content":"","ast-featured-img":"","footer-sml-layout":"","theme-transparent-header-meta":"default","adv-header-id-meta":"","stick-header-meta":"","header-above-stick-meta":"","header-main-stick-meta":"","header-below-stick-meta":"","_joinchat":[]},"product_brand":[],"product_cat":[23,22],"product_tag":[],"class_list":{"0":"post-1804","1":"product","2":"type-product","3":"status-publish","4":"has-post-thumbnail","6":"product_cat-cursos","7":"product_cat-cursos-mindvalley","8":"desktop-align-left","9":"tablet-align-left","10":"mobile-align-left","12":"first","13":"instock","14":"sale","15":"downloadable","16":"shipping-taxable","17":"purchasable","18":"product-type-simple"},"_links":{"self":[{"href":"https:\/\/quebaratodigital.com\/index.php?rest_route=\/wp\/v2\/product\/1804","targetHints":{"allow":["GET"]}}],"collection":[{"href":"https:\/\/quebaratodigital.com\/index.php?rest_route=\/wp\/v2\/product"}],"about":[{"href":"https:\/\/quebaratodigital.com\/index.php?rest_route=\/wp\/v2\/types\/product"}],"replies":[{"embeddable":true,"href":"https:\/\/quebaratodigital.com\/index.php?rest_route=%2Fwp%2Fv2%2Fcomments&post=1804"}],"wp:featuredmedia":[{"embeddable":true,"href":"https:\/\/quebaratodigital.com\/index.php?rest_route=\/wp\/v2\/media\/1677"}],"wp:attachment":[{"href":"https:\/\/quebaratodigital.com\/index.php?rest_route=%2Fwp%2Fv2%2Fmedia&parent=1804"}],"wp:term":[{"taxonomy":"product_brand","embeddable":true,"href":"https:\/\/quebaratodigital.com\/index.php?rest_route=%2Fwp%2Fv2%2Fproduct_brand&post=1804"},{"taxonomy":"product_cat","embeddable":true,"href":"https:\/\/quebaratodigital.com\/index.php?rest_route=%2Fwp%2Fv2%2Fproduct_cat&post=1804"},{"taxonomy":"product_tag","embeddable":true,"href":"https:\/\/quebaratodigital.com\/index.php?rest_route=%2Fwp%2Fv2%2Fproduct_tag&post=1804"}],"curies":[{"name":"wp","href":"https:\/\/api.w.org\/{rel}","templated":true}]}}