{"id":1810,"date":"2025-09-19T17:35:45","date_gmt":"2025-09-19T17:35:45","guid":{"rendered":"https:\/\/quebaratodigital.com\/?post_type=product&#038;p=1810"},"modified":"2025-11-17T08:51:04","modified_gmt":"2025-11-17T08:51:04","slug":"el-creador-de-7-cifras-john-lee-mindvalley","status":"publish","type":"product","link":"https:\/\/quebaratodigital.com\/?product=el-creador-de-7-cifras-john-lee-mindvalley","title":{"rendered":"El creador de 7 cifras John Lee Mindvalley"},"content":{"rendered":"<h2 class=\"mv-type--titlebold3 text-cool-grey-700\" style=\"text-align: center;\" data-v-aa593756=\"\">Haga crecer, monetice y transforme sus redes sociales en un negocio automatizado que trabaje para usted las 24 horas del d\u00eda, los 7 d\u00edas de la semana.<\/h2>\n<p>&nbsp;<\/p>\n<p class=\"mv-type--title6 text-cool-grey-600\" style=\"text-align: center;\" data-v-aa593756=\"\">Cree constantemente contenido que convierta a su creciente audiencia en clientes leales y ansiosos por comprar, recompens\u00e1ndolo con total libertad financiera y de estilo de vida.<\/p>\n<div id=\"\" class=\"grid grid-cols-12 min-h-fit storyblok__outline\" data-v-65686310=\"\" data-blok-c=\"undefined\" data-blok-uid=\"undefined\">\n<div id=\"\" class=\"col-span-12 lg_col-span-8 lg_col-start-3 min-h-fit storyblok__outline\" data-v-65686310=\"\" data-blok-c=\"undefined\" data-blok-uid=\"undefined\">\n<div class=\"pb-markdown min-h-fit mv-type--titlebold4 text-left mb-3 lg_mb-6 storyblok__outline\" data-v-65686310=\"\" data-blok-c=\"undefined\" data-blok-uid=\"undefined\">\n<h4 style=\"text-align: center;\">\u00bfTiene dificultades para descifrar el c\u00f3digo del \u00e9xito en las redes sociales?<\/h4>\n<p>&nbsp;<\/p>\n<\/div>\n<\/div>\n<\/div>\n<div id=\"\" class=\"grid grid-cols-12 min-h-fit storyblok__outline\" data-v-65686310=\"\" data-blok-c=\"undefined\" data-blok-uid=\"undefined\">\n<div id=\"\" class=\"col-span-12 lg_col-span-8 lg_col-start-3 min-h-fit storyblok__outline\" data-v-65686310=\"\" data-blok-c=\"undefined\" data-blok-uid=\"undefined\">\n<div class=\"pb-markdown min-h-fit mv-type--body text-left mb-3 storyblok__outline\" data-v-65686310=\"\" data-blok-c=\"undefined\" data-blok-uid=\"undefined\">\n<p>Has dedicado horas a crear contenido, con la esperanza de aumentar tu audiencia y finalmente ganar dinero de verdad. Sin embargo, los seguidores llegan poco a poco, \u00bfy los ingresos? Casi inexistentes.<\/p>\n<p>Quiz\u00e1s hayas alcanzado algunos logros, pero nada que se acerque a la libertad financiera que esperabas.<\/p>\n<p>Quiz\u00e1s piensas que tu nicho est\u00e1 demasiado saturado, o tal vez simplemente no tienes idea de c\u00f3mo generar ideas, y mucho menos publicar con regularidad.<\/p>\n<p>No est\u00e1s solo. Millones de creadores est\u00e1n atrapados en esta espiral: producen contenido que no convierte, buscan seguidores y pierden tiempo por dinero sin ver resultados reales.<\/p>\n<p>No tiene por qu\u00e9 ser as\u00ed.<\/p>\n<p>El programa The\u00a0<strong>7-Figure Creator Quest<\/strong>\u00a0con John Lee est\u00e1 dise\u00f1ado para convertir esa lucha en \u00e9xito.<\/p>\n<p>Sin conjeturas ni trucos: solo un sistema simple y repetible que transforma su presencia en las redes sociales en un negocio pr\u00f3spero y automatizado.<\/p>\n<p>&nbsp;<\/p>\n<\/div>\n<div id=\"\" class=\"grid grid-cols-12 min-h-fit storyblok__outline\" data-v-65686310=\"\" data-blok-c=\"undefined\" data-blok-uid=\"undefined\">\n<div id=\"\" class=\"col-span-12 lg_col-span-8 lg_col-start-3 min-h-fit storyblok__outline\" data-v-65686310=\"\" data-blok-c=\"undefined\" data-blok-uid=\"undefined\">\n<div class=\"pb-markdown min-h-fit mv-type--titlebold5 text-left mb-6 lg_mb-10 lg_text-center storyblok__outline\" data-v-65686310=\"\" data-blok-c=\"undefined\" data-blok-uid=\"undefined\"><\/div>\n<\/div>\n<\/div>\n<div data-v-65686310=\"\" data-blok-c=\"undefined\" data-blok-uid=\"undefined\"><\/div>\n<div data-v-65686310=\"\" data-blok-c=\"undefined\" data-blok-uid=\"undefined\">\n<div id=\"\" class=\"col-span-12 lg_col-span-8 lg_col-start-3 min-h-fit storyblok__outline\" data-v-65686310=\"\" data-blok-c=\"undefined\" data-blok-uid=\"undefined\">\n<div class=\"pb-markdown min-h-fit mv-type--title6 text-left mb-3 lg_mb-4 storyblok__outline\" data-v-65686310=\"\" data-blok-c=\"undefined\" data-blok-uid=\"undefined\"><\/div>\n<\/div>\n<div id=\"\" class=\"col-span-12 lg_col-span-8 lg_col-start-3 min-h-fit storyblok__outline\" data-v-65686310=\"\" data-blok-c=\"undefined\" data-blok-uid=\"undefined\">\n<p>&nbsp;<\/p>\n<section id=\"what_you_will_learn\" class=\"pb-Container what-youll-learn min-h-fit mv-section__gutter pb-navigable mv-container storyblok__outline\" data-name=\"What you\u2019ll learn\" data-blok-c=\"undefined\" data-blok-uid=\"undefined\">\n<div id=\"\" class=\"grid grid-cols-12 min-h-fit storyblok__outline\" data-v-65686310=\"\" data-blok-c=\"undefined\" data-blok-uid=\"undefined\">\n<div id=\"\" class=\"col-span-12 lg_col-span-8 lg_col-start-3 min-h-fit storyblok__outline\" data-v-65686310=\"\" data-blok-c=\"undefined\" data-blok-uid=\"undefined\">\n<div class=\"pb-markdown min-h-fit mv-type--titlebold3 lg_text-center mb-6 lg_mb-10 storyblok__outline\" data-v-65686310=\"\" data-blok-c=\"undefined\" data-blok-uid=\"undefined\">\n<h3 style=\"text-align: center;\">Lo que aprender\u00e1s<\/h3>\n<p>&nbsp;<\/p>\n<\/div>\n<\/div>\n<\/div>\n<div id=\"\" class=\"grid grid-cols-12 min-h-fit storyblok__outline\" data-v-65686310=\"\" data-blok-c=\"undefined\" data-blok-uid=\"undefined\">\n<div id=\"\" class=\"col-span-12 lg_col-span-8 lg_col-start-3 min-h-fit storyblok__outline\" data-v-65686310=\"\" data-blok-c=\"undefined\" data-blok-uid=\"undefined\">\n<div class=\"mv-list__number mv-type--body storyblok__outline\" data-v-65686310=\"\" data-blok-c=\"undefined\" data-blok-uid=\"undefined\">\n<ol>\n<li>\n<h3 class=\"mb-1 mv-type--title6\">Los dos factores que cambian el juego y que incluso los principales influencers pasan por alto<\/h3>\n<p class=\"hidden lg_block\">\n<\/li>\n<li>\n<h3 class=\"mb-1 mv-type--title6\">Haz que los algoritmos de m\u00faltiples plataformas te amen<\/h3>\n<p class=\"hidden lg_block\">\n<\/li>\n<li>\n<h3 class=\"mb-1 mv-type--title6\">Construya una m\u00e1quina de contenido que atraiga y convierta en piloto autom\u00e1tico<\/h3>\n<p class=\"hidden lg_block\">\n<\/li>\n<li>\n<h3 class=\"mb-1 mv-type--title6\">Convierta incluso las microaudiencias en macroganancias desde el primer d\u00eda<\/h3>\n<p class=\"hidden lg_block\">\n<\/li>\n<li>\n<h3 class=\"mb-1 mv-type--title6\">Aproveche la IA y la automatizaci\u00f3n para multiplicar sus esfuerzos<\/h3>\n<p class=\"hidden lg_block\">\n<\/li>\n<li>\n<h3 class=\"mb-1 mv-type--title6\">C\u00f3mo construir una comunidad que anhele tus ofertas<\/h3>\n<p class=\"hidden lg_block\">\n<\/li>\n<li>\n<h3 class=\"mb-1 mv-type--title6\">Construye tu imperio de ingresos pasivos 24\/7<\/h3>\n<p class=\"hidden lg_block\">\n<\/li>\n<\/ol>\n<\/div>\n<\/div>\n<\/div>\n<\/section>\n<section id=\"what_you_will_learn\" class=\"pb-Container quest-outcome-stats min-h-fit mv-section__gutter mv-section__gutter--medium storyblok__outline\" data-name=\"Quest Outcome Stats\" data-blok-c=\"undefined\" data-blok-uid=\"undefined\">\n<div id=\"\" class=\"min-h-fit storyblok__outline\" data-v-65686310=\"\" data-blok-c=\"undefined\" data-blok-uid=\"undefined\">\n<section class=\"mv-container storyblok__outline\" data-v-c2a8aa68=\"\" data-v-65686310=\"\" data-blok-c=\"undefined\" data-blok-uid=\"undefined\">\n<div class=\"grid lg_grid-cols-12 relative gap-9\" data-v-c2a8aa68=\"\">\n<div class=\"image hidden lg_block\" data-v-c2a8aa68=\"\"><\/div>\n<div data-v-c2a8aa68=\"\"><\/div>\n<div data-v-c2a8aa68=\"\"><\/div>\n<\/div>\n<\/section>\n<\/div>\n<\/section>\n<section id=\"what_you_will_learn\" class=\"pb-Container quest-outcome-stats min-h-fit mv-section__gutter mv-section__gutter--medium storyblok__outline\" data-name=\"Quest Outcome Stats\" data-blok-c=\"undefined\" data-blok-uid=\"undefined\">\n<div id=\"\" class=\"min-h-fit storyblok__outline\" data-v-65686310=\"\" data-blok-c=\"undefined\" data-blok-uid=\"undefined\">\n<section class=\"mv-container storyblok__outline\" data-v-c2a8aa68=\"\" data-v-65686310=\"\" data-blok-c=\"undefined\" data-blok-uid=\"undefined\">\n<div class=\"grid lg_grid-cols-12 relative gap-9\" data-v-c2a8aa68=\"\">\n<div data-v-c2a8aa68=\"\">\n<div id=\"\" class=\"mv-container w-full lg_w-2\/3 mx-auto grid grid-cols-1 gap-4 md_gap-6 min-h-fit storyblok__outline\" data-v-65686310=\"\" data-blok-c=\"undefined\" data-blok-uid=\"undefined\">\n<div class=\"pb-markdown min-h-fit mv-type--titlebold3 text-left lg_text-center storyblok__outline\" data-v-65686310=\"\" data-blok-c=\"undefined\" data-blok-uid=\"undefined\">\n<p>&nbsp;<\/p>\n<\/div>\n<\/div>\n<div class=\"grid grid-cols-12 gap-6 mv-container\" data-v-6e1f6448=\"\" data-test=\"two-column\">\n<div class=\"m-auto col-span-12 lg_col-span-5\" data-v-6e1f6448=\"\" data-test=\"two-column-left\">\n<div class=\"grid grid-cols-1 gap-3\" data-v-6e1f6448=\"\">\n<div class=\"variant6\" data-v-6e1f6448=\"\">\n<div class=\"pb-markdown min-h-fit mv-type--body body-copy mx-auto text-left storyblok__outline\" data-v-6e1f6448=\"\" data-blok-c=\"undefined\" data-blok-uid=\"undefined\">\n<p>El creador de 7 cifras es un curso transformacional en l\u00ednea de 17 d\u00edas dirigido por el experto en redes sociales John Lee.<\/p>\n<p>&nbsp;<\/p>\n<p>En lecciones diarias breves, descubrir\u00e1s el proceso paso a paso para construir una poderosa marca en las redes sociales y desbloquear m\u00faltiples fuentes de ingresos.<\/p>\n<p>&nbsp;<\/p>\n<p>Desde dominar la creaci\u00f3n de contenido hasta descifrar algoritmos de redes sociales y construir embudos de ventas de arriba a abajo, cada sesi\u00f3n lo equipa con estrategias pr\u00e1cticas que puede aplicar al instante.<\/p>\n<p>&nbsp;<\/p>\n<p>Al finalizar la misi\u00f3n, tendr\u00e1s una hoja de ruta clara para convertir tu pasi\u00f3n en un negocio potencial de 7 cifras que funciona en piloto autom\u00e1tico, lo que te permitir\u00e1 concentrarte en lo que m\u00e1s amas.<\/p>\n<p>&nbsp;<\/p>\n<p>Con una caja de herramientas de recursos e instrucciones espec\u00edficas para cada plataforma que se actualizan peri\u00f3dicamente, estar\u00e1 preparado para dominar las redes sociales mucho despu\u00e9s de finalizar el programa.<\/p>\n<\/div>\n<\/div>\n<\/div>\n<\/div>\n<\/div>\n<\/div>\n<\/div>\n<\/section>\n<\/div>\n<\/section>\n<\/div>\n<\/div>\n<\/div>\n<\/div>\n","protected":false},"excerpt":{"rendered":"<h5 class=\"mv-type--titlebold3 text-cool-grey-700\" style=\"text-align: left;\">Haga crecer, monetice y transforme sus redes sociales en un negocio automatizado que trabaje para usted las 24 horas del d\u00eda, los 7 d\u00edas de la semana.<\/h5>\n<p>17 lecciones<\/p>\n","protected":false},"featured_media":1811,"comment_status":"open","ping_status":"closed","template":"","meta":{"site-sidebar-layout":"default","site-content-layout":"default","ast-global-header-display":"","ast-main-header-display":"","ast-hfb-above-header-display":"","ast-hfb-below-header-display":"","ast-hfb-mobile-header-display":"","site-post-title":"","ast-breadcrumbs-content":"","ast-featured-img":"","footer-sml-layout":"","theme-transparent-header-meta":"default","adv-header-id-meta":"","stick-header-meta":"","header-above-stick-meta":"","header-main-stick-meta":"","header-below-stick-meta":"","_joinchat":[]},"product_brand":[],"product_cat":[23,22],"product_tag":[],"class_list":{"0":"post-1810","1":"product","2":"type-product","3":"status-publish","4":"has-post-thumbnail","6":"product_cat-cursos","7":"product_cat-cursos-mindvalley","8":"desktop-align-left","9":"tablet-align-left","10":"mobile-align-left","12":"first","13":"instock","14":"sale","15":"downloadable","16":"shipping-taxable","17":"purchasable","18":"product-type-simple"},"_links":{"self":[{"href":"https:\/\/quebaratodigital.com\/index.php?rest_route=\/wp\/v2\/product\/1810","targetHints":{"allow":["GET"]}}],"collection":[{"href":"https:\/\/quebaratodigital.com\/index.php?rest_route=\/wp\/v2\/product"}],"about":[{"href":"https:\/\/quebaratodigital.com\/index.php?rest_route=\/wp\/v2\/types\/product"}],"replies":[{"embeddable":true,"href":"https:\/\/quebaratodigital.com\/index.php?rest_route=%2Fwp%2Fv2%2Fcomments&post=1810"}],"wp:featuredmedia":[{"embeddable":true,"href":"https:\/\/quebaratodigital.com\/index.php?rest_route=\/wp\/v2\/media\/1811"}],"wp:attachment":[{"href":"https:\/\/quebaratodigital.com\/index.php?rest_route=%2Fwp%2Fv2%2Fmedia&parent=1810"}],"wp:term":[{"taxonomy":"product_brand","embeddable":true,"href":"https:\/\/quebaratodigital.com\/index.php?rest_route=%2Fwp%2Fv2%2Fproduct_brand&post=1810"},{"taxonomy":"product_cat","embeddable":true,"href":"https:\/\/quebaratodigital.com\/index.php?rest_route=%2Fwp%2Fv2%2Fproduct_cat&post=1810"},{"taxonomy":"product_tag","embeddable":true,"href":"https:\/\/quebaratodigital.com\/index.php?rest_route=%2Fwp%2Fv2%2Fproduct_tag&post=1810"}],"curies":[{"name":"wp","href":"https:\/\/api.w.org\/{rel}","templated":true}]}}