{"id":1855,"date":"2025-12-23T17:30:48","date_gmt":"2025-12-23T17:30:48","guid":{"rendered":"https:\/\/quebaratodigital.com\/?post_type=product&#038;p=1855"},"modified":"2025-12-23T17:30:49","modified_gmt":"2025-12-23T17:30:49","slug":"crea-tu-abundancia-lain","status":"publish","type":"product","link":"https:\/\/quebaratodigital.com\/?product=crea-tu-abundancia-lain","title":{"rendered":"Crea tu Abundancia Lain"},"content":{"rendered":"<h2 class=\"title-special\" style=\"text-align: center;\">Entrenamiento pr\u00e1ctico sobre los PRINCIPIOS METAF\u00cdSICOS\/CU\u00c1NTICOS aplicados a la riqueza, el dinero y la prosperidad.<\/h2>\n<p>&nbsp;<\/p>\n<p>En este ENTRENAMIENTO 100% ONLINE descubrir\u00e1s de la mano de Lain Garc\u00eda Calvo las mejores estrategias y herramientas para conocer y poner en pr\u00e1ctica todos los principios sobre el dinero, la abundancia, la riqueza y la prosperidad.<\/p>\n<p>Aprender\u00e1s:<\/p>\n<p>\u2705 C\u00f3mo matar al monstruo de la escasez y alimentar a la bestia de la abundancia.<\/p>\n<p>\u2705 Usar los PRINCIPIOS para crear m\u00e1s dinero en tu vida.<\/p>\n<p>\u2705 C\u00f3mo salir de deudas.<\/p>\n<p>\u2705 C\u00f3mo crear libertad financiera para tu vida y la de tu familia.<\/p>\n<p>\u2705 Cambiar las creencias limitantes del dinero y obtener creencias potenciadas de abundancia.<\/p>\n<p>\u2705 Y mucho m\u00e1s!<\/p>\n","protected":false},"excerpt":{"rendered":"<h5 class=\"title-special\" style=\"text-align: left;\">Entrenamiento pr\u00e1ctico sobre los PRINCIPIOS METAF\u00cdSICOS\/CU\u00c1NTICOS aplicados a la riqueza, el dinero y la prosperidad.<\/h5>\n","protected":false},"featured_media":1856,"comment_status":"open","ping_status":"closed","template":"","meta":{"site-sidebar-layout":"default","site-content-layout":"default","ast-global-header-display":"","ast-main-header-display":"","ast-hfb-above-header-display":"","ast-hfb-below-header-display":"","ast-hfb-mobile-header-display":"","site-post-title":"","ast-breadcrumbs-content":"","ast-featured-img":"","footer-sml-layout":"","theme-transparent-header-meta":"default","adv-header-id-meta":"","stick-header-meta":"","header-above-stick-meta":"","header-main-stick-meta":"","header-below-stick-meta":"","_joinchat":[]},"product_brand":[],"product_cat":[23],"product_tag":[],"class_list":{"0":"post-1855","1":"product","2":"type-product","3":"status-publish","4":"has-post-thumbnail","6":"product_cat-cursos","7":"desktop-align-left","8":"tablet-align-left","9":"mobile-align-left","11":"first","12":"instock","13":"shipping-taxable","14":"purchasable","15":"product-type-simple"},"_links":{"self":[{"href":"https:\/\/quebaratodigital.com\/index.php?rest_route=\/wp\/v2\/product\/1855","targetHints":{"allow":["GET"]}}],"collection":[{"href":"https:\/\/quebaratodigital.com\/index.php?rest_route=\/wp\/v2\/product"}],"about":[{"href":"https:\/\/quebaratodigital.com\/index.php?rest_route=\/wp\/v2\/types\/product"}],"replies":[{"embeddable":true,"href":"https:\/\/quebaratodigital.com\/index.php?rest_route=%2Fwp%2Fv2%2Fcomments&post=1855"}],"wp:featuredmedia":[{"embeddable":true,"href":"https:\/\/quebaratodigital.com\/index.php?rest_route=\/wp\/v2\/media\/1856"}],"wp:attachment":[{"href":"https:\/\/quebaratodigital.com\/index.php?rest_route=%2Fwp%2Fv2%2Fmedia&parent=1855"}],"wp:term":[{"taxonomy":"product_brand","embeddable":true,"href":"https:\/\/quebaratodigital.com\/index.php?rest_route=%2Fwp%2Fv2%2Fproduct_brand&post=1855"},{"taxonomy":"product_cat","embeddable":true,"href":"https:\/\/quebaratodigital.com\/index.php?rest_route=%2Fwp%2Fv2%2Fproduct_cat&post=1855"},{"taxonomy":"product_tag","embeddable":true,"href":"https:\/\/quebaratodigital.com\/index.php?rest_route=%2Fwp%2Fv2%2Fproduct_tag&post=1855"}],"curies":[{"name":"wp","href":"https:\/\/api.w.org\/{rel}","templated":true}]}}