{"id":1857,"date":"2025-12-23T17:34:10","date_gmt":"2025-12-23T17:34:10","guid":{"rendered":"https:\/\/quebaratodigital.com\/?post_type=product&#038;p=1857"},"modified":"2025-12-23T17:34:28","modified_gmt":"2025-12-23T17:34:28","slug":"1857","status":"publish","type":"product","link":"https:\/\/quebaratodigital.com\/?product=1857","title":{"rendered":"Sanaci\u00f3n del Alma Lain"},"content":{"rendered":"<h3 class=\"title-special\" style=\"text-align: center;\">Entrenamiento pr\u00e1ctico sobre los PRINCIPIOS para DESBLOQUEAR PATRONES INCONSCIENTES y las CREENCIAS LIMITANTES que te impiden lograr lo que deseas.<\/h3>\n<p>&nbsp;<\/p>\n<p>En este ENTRENAMIENTO 100% ONLINE descubrir\u00e1s de la mano de Lain Garc\u00eda Calvo las mejores estrategias y herramientas para conocer y poner en pr\u00e1ctica todos los principios de la METAF\u00cdSICA, la ley de la atracci\u00f3n y la MANIFESTACI\u00d3N de tus deseos, enfocado en romper definitivamente los patrones inconscientes y sistemas de creencias que est\u00e1n saboteando el \u00e9xito en tu vida.<\/p>\n<p>&nbsp;<\/p>\n<p>Aprender\u00e1s:<\/p>\n<p>\u2705 C\u00f3mo eliminar el KARMA antiguo (y no crear m\u00e1s nuevo).<\/p>\n<p>\u2705 C\u00f3mo SUSTITUIR CREENCIAS LIMITANTES que te impiden obtener lo que deseas.<\/p>\n<p>\u2705 El proceso de ALQUIMIA ESPIRITUAL para transformar tu vida.<\/p>\n<p>\u2705 El ANTIGUO SECRETO SAGRADO DE \u201cDESENGRAMAR\u201d para limpiar los moldes de tu pasado que te impiden ser tu mismo.<\/p>\n<p>\u2705 Y mucho m\u00e1s!<\/p>\n","protected":false},"excerpt":{"rendered":"<div class=\"title-special\">Entrenamiento pr\u00e1ctico sobre los PRINCIPIOS para DESBLOQUEAR PATRONES INCONSCIENTES y las CREENCIAS LIMITANTES que te impiden lograr lo que deseas.<\/div>\n","protected":false},"featured_media":1858,"comment_status":"open","ping_status":"closed","template":"","meta":{"site-sidebar-layout":"default","site-content-layout":"default","ast-global-header-display":"","ast-main-header-display":"","ast-hfb-above-header-display":"","ast-hfb-below-header-display":"","ast-hfb-mobile-header-display":"","site-post-title":"","ast-breadcrumbs-content":"","ast-featured-img":"","footer-sml-layout":"","theme-transparent-header-meta":"default","adv-header-id-meta":"","stick-header-meta":"","header-above-stick-meta":"","header-main-stick-meta":"","header-below-stick-meta":"","_joinchat":[]},"product_brand":[],"product_cat":[23],"product_tag":[],"class_list":{"0":"post-1857","1":"product","2":"type-product","3":"status-publish","4":"has-post-thumbnail","6":"product_cat-cursos","7":"desktop-align-left","8":"tablet-align-left","9":"mobile-align-left","11":"first","12":"instock","13":"downloadable","14":"shipping-taxable","15":"purchasable","16":"product-type-simple"},"_links":{"self":[{"href":"https:\/\/quebaratodigital.com\/index.php?rest_route=\/wp\/v2\/product\/1857","targetHints":{"allow":["GET"]}}],"collection":[{"href":"https:\/\/quebaratodigital.com\/index.php?rest_route=\/wp\/v2\/product"}],"about":[{"href":"https:\/\/quebaratodigital.com\/index.php?rest_route=\/wp\/v2\/types\/product"}],"replies":[{"embeddable":true,"href":"https:\/\/quebaratodigital.com\/index.php?rest_route=%2Fwp%2Fv2%2Fcomments&post=1857"}],"wp:featuredmedia":[{"embeddable":true,"href":"https:\/\/quebaratodigital.com\/index.php?rest_route=\/wp\/v2\/media\/1858"}],"wp:attachment":[{"href":"https:\/\/quebaratodigital.com\/index.php?rest_route=%2Fwp%2Fv2%2Fmedia&parent=1857"}],"wp:term":[{"taxonomy":"product_brand","embeddable":true,"href":"https:\/\/quebaratodigital.com\/index.php?rest_route=%2Fwp%2Fv2%2Fproduct_brand&post=1857"},{"taxonomy":"product_cat","embeddable":true,"href":"https:\/\/quebaratodigital.com\/index.php?rest_route=%2Fwp%2Fv2%2Fproduct_cat&post=1857"},{"taxonomy":"product_tag","embeddable":true,"href":"https:\/\/quebaratodigital.com\/index.php?rest_route=%2Fwp%2Fv2%2Fproduct_tag&post=1857"}],"curies":[{"name":"wp","href":"https:\/\/api.w.org\/{rel}","templated":true}]}}