{"id":1859,"date":"2025-12-23T17:56:44","date_gmt":"2025-12-23T17:56:44","guid":{"rendered":"https:\/\/quebaratodigital.com\/?post_type=product&#038;p=1859"},"modified":"2025-12-23T17:56:44","modified_gmt":"2025-12-23T17:56:44","slug":"reto-energia-del-dinero-25-dias-mariana","status":"publish","type":"product","link":"https:\/\/quebaratodigital.com\/?product=reto-energia-del-dinero-25-dias-mariana","title":{"rendered":"RETO ENERGIA DEL DINERO 25 Dias Mariana"},"content":{"rendered":"<h3><strong>\u00bfSab\u00edas que est\u00e1s rechazando el dinero?<\/strong><\/h3>\n<p>&nbsp;<\/p>\n<p>Lo s\u00e9 porque la mayor\u00eda de nosotros lo hacemos de forma inconsciente, es decir:\u00a0<strong>NO TE DAS CUENTA que lo est\u00e1s rechazando.\u00a0<\/strong><\/p>\n<p>Si quieres destruir tu concepto y relaci\u00f3n con el dinero actual tengo algo que decirte\u2026<\/p>\n<p>&nbsp;<\/p>\n<p><strong>Este Reto ha cambiado todas las historias de carencia.<\/strong><\/p>\n<p><strong>Manifestar dinero nunca fue tan f\u00e1cil&#8230;<\/strong><\/p>\n<p>&nbsp;<\/p>\n<p><strong>Y no lo digo yo, lo dicen las\u00a0m\u00e1s de 3,500 personas\u00a0que lo han tomado.<\/strong><\/p>\n<p>Pero si no te abres a nuevas formas de pensar, vas a seguir viendo lo que ES de la misma manera limitada.<\/p>\n<p><strong>Te lo dice la persona m\u00e1s esc\u00e9ptica que conozco\u261d\ufe0f (tu servidora).<\/strong><\/p>\n<p>Ya tuve suficiente del t\u00e9rmino abundancia.<\/p>\n<p>&nbsp;<\/p>\n<p>La abundancia es un t\u00e9rmino amplio, complejo, et\u00e9rico, energ\u00e9tico, m\u00edstico. Abundancia no es lo mismo que dinero.<\/p>\n<p><strong>Pero d\u00e9jame decirte que s\u00ed hay una f\u00f3rmula\ud83e\uddec para entender la ley de la atracci\u00f3n aplicada al dinero.\u00a0<\/strong><\/p>\n<p>Y una vez entiendes esto,\u00a0<strong>va a cambiar PARA SIEMPRE la forma en la que ves, produces y usas el dinero.<\/strong><\/p>\n<p>Vas a saber qu\u00e9 hacer, empezando por tu mente (porque todo primero es mente, y si no crees en esto, ah\u00ed est\u00e1 la mente creando) hasta tus acciones para crear dinero.<\/p>\n<p>&nbsp;<\/p>\n<p><img decoding=\"async\" src=\"https:\/\/kajabi-storefronts-production.kajabi-cdn.com\/kajabi-storefronts-production\/file-uploads\/themes\/2160288779\/settings_images\/acf20f-f574-c2ab-c101-ffa8502a8f66_Mockup_Reto_1.png\" \/><\/p>\n<p>&nbsp;<\/p>\n<div id=\"block-1687542404704_0\" class=\"\n  block-type--text\n  text-left\n  col-9\n\n  \" data-reveal-event=\"\" data-reveal-offset=\"\" data-reveal-units=\"seconds\"><\/p>\n<div class=\"block box-shadow- aos-init aos-animate\" data-aos=\"none\" data-aos-delay=\"0\" data-aos-duration=\"0\">\n<h3><strong>IMAGINA&#8230;<\/strong><\/h3>\n<\/div>\n<\/div>\n<div id=\"block-1687542543595\" class=\"\n  block-type--text\n  text-left\n  col-9\n\n  \" data-reveal-event=\"\" data-reveal-offset=\"\" data-reveal-units=\"seconds\"><\/p>\n<div class=\"block box-shadow- background-light aos-init aos-animate\" data-aos=\"none\" data-aos-delay=\"0\" data-aos-duration=\"0\">\n<ul>\n<li>Comprender a profundidad cada uno de\u00a0<strong>los pasos para manifestar dinero.<\/strong><\/li>\n<li>Dejar de ser v\u00edctima de la realidad que has vivido toda tu vida.<\/li>\n<li><strong>Empezar a notar sincronicidades<\/strong>\u00a0y nuevas posibilidades econ\u00f3micas.<\/li>\n<li>Aprender a relacionarte con el dinero y practicar finanzas m\u00e1s conscientes.<\/li>\n<li>Reprogramar en tu subconsciente creencias de riqueza,\u00a0<strong>dejando atr\u00e1s las creencias y h\u00e1bitos que te hac\u00edan rechazar el dinero.<\/strong><\/li>\n<li>Sorprenderte recibiendo mayores e inesperadas cantidades de dinero.<\/li>\n<li>Tener una relaci\u00f3n tan amorosa y responsable con el dinero, que te permita\u00a0<strong>atraerlo, sostenerlo y aumentarlo a lo largo del tiempo.<\/strong><\/li>\n<li>Limpiar de culpas tu relaci\u00f3n con el dinero y empezar a sentirte BIEN viviendo en un nuevo nivel de riqueza.<\/li>\n<li>Empezar el camino para que puedas ser\u00a0<strong>econ\u00f3micamente independiente.<\/strong><\/li>\n<\/ul>\n<\/div>\n<\/div>\n<div id=\"block-1739996170106\" class=\"\n  block-type--text\n  text-center\n  col-6\n\n  \" data-reveal-event=\"\" data-reveal-offset=\"\" data-reveal-units=\"seconds\"><\/p>\n<div class=\"block box-shadow- aos-init aos-animate\" data-aos=\"none\" data-aos-delay=\"0\" data-aos-duration=\"0\">\n<p>Si quieres decirle S\u00ed a empezar a sintonizar y vivir con la frecuencia de la riqueza, aprovecha hoy mismo e inscr\u00edbete\u2026.<\/p>\n<p>&nbsp;<\/p>\n<h4><strong>RETO DE 25 D\u00cdAS<br \/>\nLA ENERG\u00cdA DEL DINERO<\/strong><\/h4>\n<p>&nbsp;<\/p>\n<p><img fetchpriority=\"high\" decoding=\"async\" class=\"aligncenter\" src=\"https:\/\/kajabi-storefronts-production.kajabi-cdn.com\/kajabi-storefronts-production\/file-uploads\/themes\/2160288779\/settings_images\/a538f72-11f0-c047-b1f3-6e0e4f7c_ImagenTemarioReto_Desktop_2.png\" width=\"682\" height=\"374\" \/><\/p>\n<\/div>\n<p style=\"text-align: center;\">NADA cambia hasta que no pases de la teor\u00eda a la pr\u00e1ctica, as\u00ed que si quieres decirle S\u00ed a empezar a sintonizar y vivir con la frecuencia de la riqueza, te invito a sumarte a la lista de espera para mi pr\u00f3ximo&#8230;<\/p>\n<p style=\"text-align: center;\">\n<h3 style=\"text-align: center;\"><strong>Reto de 25 d\u00edas\u00a0<\/strong><\/h3>\n<h3 style=\"text-align: center;\"><strong>La Energ\u00eda del Dinero<\/strong><\/h3>\n<p>&nbsp;<\/p>\n<\/div>\n","protected":false},"excerpt":{"rendered":"<p class=\"cvGsUA direction-ltr align-center para-style-body\"><span class=\"a_GcMg font-feature-liga-off font-feature-clig-off font-feature-calt-off text-decoration-none text-strikethrough-none\">El espacio donde la pr\u00e1ctica diaria cambiar\u00e1 para siempre tu<\/span><\/p>\n<p class=\"cvGsUA direction-ltr align-center para-style-body\"><span class=\"a_GcMg font-feature-liga-off font-feature-clig-off font-feature-calt-off text-decoration-none text-strikethrough-none\">relaci\u00f3n con el dinero y atraer\u00e1s tanto como t\u00fa quieras<\/span><\/p>\n<p class=\"cvGsUA direction-ltr align-center para-style-body\"><span class=\"a_GcMg font-feature-liga-off font-feature-clig-off font-feature-calt-off text-decoration-none text-strikethrough-none\">comprobando que el dinero te ama.<\/span><\/p>\n","protected":false},"featured_media":1860,"comment_status":"open","ping_status":"closed","template":"","meta":{"site-sidebar-layout":"default","site-content-layout":"default","ast-global-header-display":"","ast-main-header-display":"","ast-hfb-above-header-display":"","ast-hfb-below-header-display":"","ast-hfb-mobile-header-display":"","site-post-title":"","ast-breadcrumbs-content":"","ast-featured-img":"","footer-sml-layout":"","theme-transparent-header-meta":"default","adv-header-id-meta":"","stick-header-meta":"","header-above-stick-meta":"","header-main-stick-meta":"","header-below-stick-meta":"","_joinchat":[]},"product_brand":[],"product_cat":[23],"product_tag":[],"class_list":{"0":"post-1859","1":"product","2":"type-product","3":"status-publish","4":"has-post-thumbnail","6":"product_cat-cursos","7":"desktop-align-left","8":"tablet-align-left","9":"mobile-align-left","11":"first","12":"instock","13":"downloadable","14":"shipping-taxable","15":"purchasable","16":"product-type-simple"},"_links":{"self":[{"href":"https:\/\/quebaratodigital.com\/index.php?rest_route=\/wp\/v2\/product\/1859","targetHints":{"allow":["GET"]}}],"collection":[{"href":"https:\/\/quebaratodigital.com\/index.php?rest_route=\/wp\/v2\/product"}],"about":[{"href":"https:\/\/quebaratodigital.com\/index.php?rest_route=\/wp\/v2\/types\/product"}],"replies":[{"embeddable":true,"href":"https:\/\/quebaratodigital.com\/index.php?rest_route=%2Fwp%2Fv2%2Fcomments&post=1859"}],"wp:featuredmedia":[{"embeddable":true,"href":"https:\/\/quebaratodigital.com\/index.php?rest_route=\/wp\/v2\/media\/1860"}],"wp:attachment":[{"href":"https:\/\/quebaratodigital.com\/index.php?rest_route=%2Fwp%2Fv2%2Fmedia&parent=1859"}],"wp:term":[{"taxonomy":"product_brand","embeddable":true,"href":"https:\/\/quebaratodigital.com\/index.php?rest_route=%2Fwp%2Fv2%2Fproduct_brand&post=1859"},{"taxonomy":"product_cat","embeddable":true,"href":"https:\/\/quebaratodigital.com\/index.php?rest_route=%2Fwp%2Fv2%2Fproduct_cat&post=1859"},{"taxonomy":"product_tag","embeddable":true,"href":"https:\/\/quebaratodigital.com\/index.php?rest_route=%2Fwp%2Fv2%2Fproduct_tag&post=1859"}],"curies":[{"name":"wp","href":"https:\/\/api.w.org\/{rel}","templated":true}]}}