{"id":1861,"date":"2025-12-23T18:35:15","date_gmt":"2025-12-23T18:35:15","guid":{"rendered":"https:\/\/quebaratodigital.com\/?post_type=product&#038;p=1861"},"modified":"2025-12-23T18:35:15","modified_gmt":"2025-12-23T18:35:15","slug":"reprograma-tu-cuerpo-en-21-dias-maria-montemayor","status":"publish","type":"product","link":"https:\/\/quebaratodigital.com\/?product=reprograma-tu-cuerpo-en-21-dias-maria-montemayor","title":{"rendered":"Reprograma tu cuerpo en 21 d\u00edas  &#8211; Maria Montemayor"},"content":{"rendered":"<h3 data-start=\"137\" data-end=\"190\"><strong data-start=\"141\" data-end=\"190\">\ud83d\udcd8 \u00bfQu\u00e9 es \u201cReprograma tu cuerpo en 21 d\u00edas\u201d?<\/strong><\/h3>\n<p data-start=\"192\" data-end=\"534\"><em data-start=\"192\" data-end=\"225\">Reprograma tu cuerpo en 21 d\u00edas<\/em> es un <strong data-start=\"232\" data-end=\"285\">programa online de transformaci\u00f3n f\u00edsica y mental<\/strong> creado por <strong data-start=\"297\" data-end=\"317\">Mar\u00eda Montemayor<\/strong> que combina <strong data-start=\"330\" data-end=\"379\">nutrici\u00f3n, psicolog\u00eda y reprogramaci\u00f3n mental<\/strong> para ayudarte a cambiar tus h\u00e1bitos con el objetivo de mejorar tu salud, tu relaci\u00f3n con la comida y tu metabolismo.<\/p>\n<h3 data-start=\"541\" data-end=\"573\"><\/h3>\n<h3 data-start=\"541\" data-end=\"573\"><strong data-start=\"545\" data-end=\"573\">\ud83c\udfaf Objetivo del programa<\/strong><\/h3>\n<p data-start=\"575\" data-end=\"631\">El curso est\u00e1 dise\u00f1ado para que, en <strong data-start=\"611\" data-end=\"622\">21 d\u00edas<\/strong>, logres:<\/p>\n<p data-start=\"633\" data-end=\"1065\">\u2714 Cambiar tus <strong data-start=\"647\" data-end=\"685\">h\u00e1bitos mentales y comportamientos<\/strong> que te sabotean con la comida.<br data-start=\"716\" data-end=\"719\" \/>\u2714 <strong data-start=\"721\" data-end=\"756\">Desintoxicar y nutrir tu cuerpo<\/strong> con un plan de alimentaci\u00f3n saludable.<br data-start=\"795\" data-end=\"798\" \/>\u2714 Reprogramar tu mente subconsciente para <strong data-start=\"840\" data-end=\"869\">romper patrones negativos<\/strong>.<br data-start=\"870\" data-end=\"873\" \/>\u2714 Aceptarte mejor y tener una relaci\u00f3n m\u00e1s sana con tu cuerpo y tu alimentaci\u00f3n.<br data-start=\"953\" data-end=\"956\" \/>\u2714 Generar cambios sostenibles en tu estilo de vida (m\u00e1s all\u00e1 del peso).<\/p>\n<h3 data-start=\"1072\" data-end=\"1106\"><\/h3>\n<h3 data-start=\"1072\" data-end=\"1106\"><strong data-start=\"1076\" data-end=\"1106\">\ud83d\udccb Qu\u00e9 incluye el programa<\/strong><\/h3>\n<p data-start=\"1108\" data-end=\"1165\">\ud83e\udde0 <strong data-start=\"1111\" data-end=\"1163\">Psicolog\u00eda de Alimentaci\u00f3n y Nutrici\u00f3n Funcional<\/strong><\/p>\n<ul data-start=\"1166\" data-end=\"1324\">\n<li data-start=\"1166\" data-end=\"1324\">\n<p data-start=\"1168\" data-end=\"1324\">Ense\u00f1anzas que explican por qu\u00e9 la mente y las emociones influyen directamente en tu metabolismo y h\u00e1bitos saludables.<\/p>\n<\/li>\n<\/ul>\n<p data-start=\"1326\" data-end=\"1397\">\ud83e\udd57 <strong data-start=\"1329\" data-end=\"1395\">Plan de alimentaci\u00f3n antioxidante y desinflamatorio de 21 d\u00edas<\/strong><\/p>\n<ul data-start=\"1398\" data-end=\"1586\">\n<li data-start=\"1398\" data-end=\"1499\">\n<p data-start=\"1400\" data-end=\"1499\">Men\u00fa sugerido que te ayuda a mejorar la digesti\u00f3n, reducir inflamaci\u00f3n y equilibrar tus hormonas.<\/p>\n<\/li>\n<li data-start=\"1500\" data-end=\"1586\">\n<p data-start=\"1502\" data-end=\"1586\">M\u00e1s de <strong data-start=\"1509\" data-end=\"1547\">80 recetas saludables y deliciosas<\/strong>.<\/p>\n<\/li>\n<\/ul>\n<p data-start=\"1588\" data-end=\"1635\">\ud83c\udfa7 <strong data-start=\"1591\" data-end=\"1633\">Hipnosis guiadas y ejercicios mentales<\/strong><\/p>\n<ul data-start=\"1636\" data-end=\"1861\">\n<li data-start=\"1636\" data-end=\"1735\">\n<p data-start=\"1638\" data-end=\"1735\">Sesiones de hipnosis para trabajar con tu mente subconsciente y sustituir creencias limitantes.<\/p>\n<\/li>\n<li data-start=\"1736\" data-end=\"1861\">\n<p data-start=\"1738\" data-end=\"1861\">Ejercicios para identificar y cambiar patrones que afectan tu relaci\u00f3n con la comida.<\/p>\n<\/li>\n<\/ul>\n<p data-start=\"1863\" data-end=\"1909\">\ud83d\udcf9 <strong data-start=\"1866\" data-end=\"1907\">Videos pr\u00e1cticos y material educativo<\/strong><\/p>\n<ul data-start=\"1910\" data-end=\"2091\">\n<li data-start=\"1910\" data-end=\"1976\">\n<p data-start=\"1912\" data-end=\"1976\">Contenidos paso a paso que explican c\u00f3mo aplicar lo aprendido.<\/p>\n<\/li>\n<li data-start=\"1977\" data-end=\"2091\">\n<p data-start=\"1979\" data-end=\"2091\">Consejos inspiradores para mantener la motivaci\u00f3n durante todo el proceso.<\/p>\n<\/li>\n<\/ul>\n<p data-start=\"2093\" data-end=\"2137\">\ud83d\udc65 <strong data-start=\"2096\" data-end=\"2135\">Apoyo comunitario (grupo exclusivo)<\/strong><\/p>\n<ul data-start=\"2138\" data-end=\"2271\">\n<li data-start=\"2138\" data-end=\"2271\">\n<p data-start=\"2140\" data-end=\"2271\">Acceso a un c\u00edrculo o grupo en redes para compartir experiencias, recibir apoyo y motivaci\u00f3n.<\/p>\n<\/li>\n<\/ul>\n<h3 data-start=\"2278\" data-end=\"2306\"><\/h3>\n<h3 data-start=\"2278\" data-end=\"2306\"><strong data-start=\"2282\" data-end=\"2306\">\ud83e\udde0 Enfoque del curso<\/strong><\/h3>\n<p data-start=\"2308\" data-end=\"2689\">La premisa central del curso es que <strong data-start=\"2344\" data-end=\"2404\">simplemente saber qu\u00e9 comer o qu\u00e9 hacer no es suficiente<\/strong>, porque la mayor\u00eda de decisiones relacionadas con la comida y el cuerpo vienen de h\u00e1bitos subconscientes arraigados desde la infancia. El programa propone <strong data-start=\"2560\" data-end=\"2597\">trabajar desde ese nivel profundo<\/strong>, no solo con fuerzas de voluntad ni dietas estrictas.<\/p>\n<h3 data-start=\"2696\" data-end=\"2725\"><\/h3>\n<h3 data-start=\"2696\" data-end=\"2725\"><strong data-start=\"2700\" data-end=\"2725\">\ud83d\udcc5 Duraci\u00f3n y formato<\/strong><\/h3>\n<p data-start=\"2727\" data-end=\"3047\">\ud83d\udccc <strong data-start=\"2730\" data-end=\"2743\">Duraci\u00f3n:<\/strong> 21 d\u00edas de contenido guiado.<br data-start=\"2772\" data-end=\"2775\" \/>\ud83d\udccc <strong data-start=\"2778\" data-end=\"2790\">Formato:<\/strong> Curso online con acceso a videos, recetas, audios de hipnosis y materiales descargables.<br data-start=\"2879\" data-end=\"2882\" \/>\ud83d\udccc <strong data-start=\"2885\" data-end=\"2896\">Acceso:<\/strong> Dependiendo de la modalidad contratada, puede incluir acceso de por vida o por tiempo limitado seg\u00fan el paquete.<\/p>\n<h3 data-start=\"3054\" data-end=\"3075\"><\/h3>\n<h3 data-start=\"3054\" data-end=\"3075\"><strong data-start=\"3058\" data-end=\"3075\">\ud83d\udca1 En resumen<\/strong><\/h3>\n<p data-start=\"3077\" data-end=\"3170\">Este programa no solo se trata de \u201cperder peso\u201d o seguir una dieta por tres semanas, sino de:<\/p>\n<p data-start=\"3172\" data-end=\"3371\">\ud83c\udf3f Reeducar tu cuerpo y tu mente.<br data-start=\"3205\" data-end=\"3208\" \/>\ud83e\udde0 Desarrollar consciencia sobre tus h\u00e1bitos emocionales y alimenticios.<br data-start=\"3280\" data-end=\"3283\" \/>\ud83d\udcaa Crear cambios que puedas sostener en el tiempo.<\/p>\n","protected":false},"excerpt":{"rendered":"<p><em data-start=\"192\" data-end=\"225\">Reprograma tu cuerpo en 21 d\u00edas<\/em> es un <strong data-start=\"232\" data-end=\"285\">programa online de transformaci\u00f3n f\u00edsica y mental<\/strong> creado por <strong data-start=\"297\" data-end=\"317\">Mar\u00eda Montemayor<\/strong> que combina <strong data-start=\"330\" data-end=\"379\">nutrici\u00f3n, psicolog\u00eda y reprogramaci\u00f3n mental<\/strong> para ayudarte a cambiar tus h\u00e1bitos con el objetivo de mejorar tu salud, tu relaci\u00f3n con la comida y tu metabolismo.<\/p>\n","protected":false},"featured_media":1862,"comment_status":"open","ping_status":"closed","template":"","meta":{"site-sidebar-layout":"default","site-content-layout":"default","ast-global-header-display":"","ast-main-header-display":"","ast-hfb-above-header-display":"","ast-hfb-below-header-display":"","ast-hfb-mobile-header-display":"","site-post-title":"","ast-breadcrumbs-content":"","ast-featured-img":"","footer-sml-layout":"","theme-transparent-header-meta":"default","adv-header-id-meta":"","stick-header-meta":"","header-above-stick-meta":"","header-main-stick-meta":"","header-below-stick-meta":"","_joinchat":[]},"product_brand":[],"product_cat":[23],"product_tag":[],"class_list":{"0":"post-1861","1":"product","2":"type-product","3":"status-publish","4":"has-post-thumbnail","6":"product_cat-cursos","7":"desktop-align-left","8":"tablet-align-left","9":"mobile-align-left","11":"first","12":"instock","13":"downloadable","14":"shipping-taxable","15":"purchasable","16":"product-type-simple"},"_links":{"self":[{"href":"https:\/\/quebaratodigital.com\/index.php?rest_route=\/wp\/v2\/product\/1861","targetHints":{"allow":["GET"]}}],"collection":[{"href":"https:\/\/quebaratodigital.com\/index.php?rest_route=\/wp\/v2\/product"}],"about":[{"href":"https:\/\/quebaratodigital.com\/index.php?rest_route=\/wp\/v2\/types\/product"}],"replies":[{"embeddable":true,"href":"https:\/\/quebaratodigital.com\/index.php?rest_route=%2Fwp%2Fv2%2Fcomments&post=1861"}],"wp:featuredmedia":[{"embeddable":true,"href":"https:\/\/quebaratodigital.com\/index.php?rest_route=\/wp\/v2\/media\/1862"}],"wp:attachment":[{"href":"https:\/\/quebaratodigital.com\/index.php?rest_route=%2Fwp%2Fv2%2Fmedia&parent=1861"}],"wp:term":[{"taxonomy":"product_brand","embeddable":true,"href":"https:\/\/quebaratodigital.com\/index.php?rest_route=%2Fwp%2Fv2%2Fproduct_brand&post=1861"},{"taxonomy":"product_cat","embeddable":true,"href":"https:\/\/quebaratodigital.com\/index.php?rest_route=%2Fwp%2Fv2%2Fproduct_cat&post=1861"},{"taxonomy":"product_tag","embeddable":true,"href":"https:\/\/quebaratodigital.com\/index.php?rest_route=%2Fwp%2Fv2%2Fproduct_tag&post=1861"}],"curies":[{"name":"wp","href":"https:\/\/api.w.org\/{rel}","templated":true}]}}