{"id":1869,"date":"2025-12-24T23:47:07","date_gmt":"2025-12-24T23:47:07","guid":{"rendered":"https:\/\/quebaratodigital.com\/?post_type=product&#038;p=1869"},"modified":"2025-12-24T23:47:07","modified_gmt":"2025-12-24T23:47:07","slug":"cumbre-time-to-rise-2024-tony-robbins","status":"publish","type":"product","link":"https:\/\/quebaratodigital.com\/?product=cumbre-time-to-rise-2024-tony-robbins","title":{"rendered":"Cumbre Time to Rise 2024 \u2013 Tony Robbins"},"content":{"rendered":"<h2 id=\"brxe-ffbugs\" class=\"brxe-heading title-product\">Descripci\u00f3n del curso \ud83d\udcdd<\/h2>\n<div id=\"brxe-maorst\" class=\"brxe-div pa-toggle-text\">\n<div id=\"brxe-ptoqdk\" class=\"brxe-code\" data-script-id=\"ptoqdk\"><\/div>\n<div id=\"brxe-dhtyds\" class=\"brxe-text pa-toggle-content is-expanded\">\n<h5 class=\"titulos-largos\"><strong>Cree un plan de \u00e9xito para 2024 en vivo en este evento gratuito de enero con Tony Robbins<\/strong><\/h5>\n<h5 class=\"titulos-largos\"><strong>Convi\u00e9rtete en la persona que est\u00e1s destinado a ser en 2024 con Tony Robbins del 25 al 27 de enero<\/strong><\/h5>\n<p>\u00bfCu\u00e1ndo\u2026 te convertir\u00e1s en la persona que siempre debiste ser?<br \/>\n\u00bfCu\u00e1ndo\u2026 experimentar\u00e1 el mundo la verdadera grandeza que hay en tu interior?<br \/>\n\u00bfCu\u00e1ndo\u2026 dar\u00e1s un paso al frente?<\/p>\n<h5><strong>\u00a1Ahora es tiempo!<\/strong><\/h5>\n<p>Es hora de despertar y darte cuenta de qui\u00e9n eres realmente.<br \/>\nEs hora de transformar tus sue\u00f1os en acciones.<br \/>\nEs hora de dejar de conformarte con menos y hacer de hoy el comienzo de tu mejor a\u00f1o.<br \/>\nEs hora de alcanzar tu pr\u00f3ximo nivel para que puedas hacer m\u00e1s, crear m\u00e1s, compartir m\u00e1s y dar M\u00c1S.<\/p>\n<p>Tu \u201ccu\u00e1ndo\u201d es AHORA.<\/p>\n<p>Es hora de levantarse.<\/p>\n<p><em>Esta cumbre gratuita comienza del 25 al 27 de enero de 2024 a las 11 a. m., hora del Pac\u00edfico | 2 p. m., hora del Este.<\/em><\/p>\n<h5 class=\"titulos-largos\"><strong>Durante la cumbre gratuita de 3 d\u00edas Time to Rise con Tony Robbins, podr\u00e1s\u2026<\/strong><\/h5>\n<ol class=\"mb-4 list-decimal space-y-1 text-base opacity-60\">\n<li><strong>Acelera tu viaje sabiendo que est\u00e1s en el camino correcto<\/strong><br \/>\nObt\u00e9n el nuevo sistema de 7 pasos para aclarar tu visi\u00f3n, verificar tu camino y acelerar el viaje que est\u00e1 destinado a ti.<\/li>\n<li><strong>Dise\u00f1a un \u201cPlan de Resultados 2024\u201d para que este a\u00f1o sea el mejor de todos<\/strong><br \/>\nPasa de intenciones amplias a acciones concretas que te llenen de la confianza que necesitas para mantenerte comprometido durante el a\u00f1o.<\/li>\n<li><strong>Descubra y supere lo que le ha frenado en el pasado<\/strong><br \/>\nObtenga conocimientos cr\u00edticos sobre lo que le ha frenado en el pasado, redise\u00f1e su futuro y haga los cambios necesarios para que este sea su mejor a\u00f1o.<\/li>\n<li><strong>Descubra el cambio de identidad que empoderar\u00e1 su yo aut\u00e9ntico.<\/strong><br \/>\nAbrace y eleve la transformaci\u00f3n de su yo excepcional, creando una vida m\u00e1s all\u00e1 de lo ordinario y dando un paso hacia lo que realmente es capaz de llegar a ser.<\/li>\n<li><strong>Maximice su potencial con herramientas comprobadas de la \u201cciencia del crecimiento\u201d<\/strong><br \/>\nObtenga la estrategia n\u00famero uno respaldada cient\u00edficamente y comprobada en Stanford para lograr r\u00e1pidamente saltos significativos en intervalos breves pero potentes y acelerar exponencialmente el \u00e9xito.<\/li>\n<\/ol>\n<h5 class=\"titulos-largos\"><strong>Es hora de un nuevo a\u00f1o, un nuevo comienzo, un nuevo yo<\/strong><\/h5>\n<p>El A\u00f1o Nuevo tiene algo singularmente inspirador. Cada a\u00f1o nos sentimos obligados a reinventarnos: a ser m\u00e1s, hacer m\u00e1s, compartir m\u00e1s, crear m\u00e1s y dar m\u00e1s.<\/p>\n<p>Un calendario nuevo trae consigo un nuevo comienzo, una nueva perspectiva, nuevas acciones y nuevos resultados. Es emocionante, divertido y energizante. Este va a ser TU a\u00f1o. Entonces, \u00bfqu\u00e9 podr\u00eda salir mal?<\/p>\n<p>Sin embargo, la realidad es dura. Alrededor del 80% de las personas abandonan sus prop\u00f3sitos de A\u00f1o Nuevo en la segunda semana de febrero. La mayor\u00eda de las personas hablan m\u00e1s de sus sue\u00f1os y metas que de perseguirlos.<\/p>\n<p>Te invitamos a que te unas a los pocos que lo hacen, no solo a los que hablan. Comienza con un plan claro para 2024, y no cualquier plan. Este plan est\u00e1 respaldado por la ciencia y ha sido probado por millones de personas en todo el mundo. Si est\u00e1s dispuesto a dedicar solo 3 horas al d\u00eda durante 3 d\u00edas durante la Cumbre Time to Rise, recibir\u00e1s tu plan de resultados para 2024 de forma gratuita.<\/p>\n<h5><strong>Si no es ahora, \u00bfcu\u00e1ndo?<\/strong><\/h5>\n<p>\u00bfPodemos estar de acuerdo en que el mundo parece haberse vuelto un poco loco?<\/p>\n<p>Cuando ves las noticias, parece como si vivi\u00e9ramos en una distorsi\u00f3n del tiempo. Es como si estuvi\u00e9ramos retrocediendo en lugar de avanzar.<\/p>\n<p>Sin embargo, esta agitaci\u00f3n se ha convertido en la nueva normalidad para muchos de nosotros.<\/p>\n<p>En tiempos como estos, queda claro que existe una necesidad cr\u00edtica de l\u00edderes: aquellos que no solo despierten su verdadero yo sino que tambi\u00e9n inspiren a quienes los rodean.<\/p>\n<p>No se trata s\u00f3lo de reconocer el caos; se trata de superarlo.<\/p>\n<p>Durante la cumbre gratuita de 3 d\u00edas Time to Rise, Tony Robbins compartir\u00e1 estrategias y herramientas dise\u00f1adas para ayudarle a USTED a ascender.<\/p>\n<p>Descubrir\u00e1s c\u00f3mo reivindicar tu verdadero yo y aprovechar las enormes oportunidades que te ofrecer\u00e1 el a\u00f1o 2024, si sabes d\u00f3nde buscar.<\/p>\n<p>Este es m\u00e1s que un \u201cevento gratuito\u201d. Es una llamada de atenci\u00f3n para que aproveches tu potencial\u2026 para que te eleves al nivel que deseas para ti y para quienes te rodean.<\/p>\n<h5 class=\"titulos-largos\"><strong>\u00bfVas a dar un paso adelante o vas a quedarte donde est\u00e1s?<\/strong><\/h5>\n<p>Ya sea que tengas una vida excelente pero quieras m\u00e1s o est\u00e9s cansado del status quo, esta Cumbre es para TI.<\/p>\n<p>Esto es lo que obtendr\u00e1s en la cumbre Time to Rise, que comienza el 25 de enero de 2024 a las 11 a. m., hora del Pac\u00edfico | 2 p. m., hora del Este (la misma hora todos los d\u00edas)\u2026<\/p>\n<ul class=\"mb-4 list-disc space-y-1 text-base opacity-60\">\n<li>3 d\u00edas llenos de acci\u00f3n (solo 3 horas al d\u00eda) de capacitaci\u00f3n virtual EN VIVO con Tony Robbins, el estratega de vida y negocios n\u00famero uno del mundo<\/li>\n<li>Sistemas probados para mejorar todas las \u00e1reas de tu vida (modelados seg\u00fan las personas m\u00e1s exitosas en cada industria, deporte y experiencia imaginables)<\/li>\n<li>Herramientas para potenciar tu a\u00f1o y elaborar no solo un plan de resultados para 2024, sino tambi\u00e9n un proceso que puedas usar todos los a\u00f1os en adelante<\/li>\n<li>Acceso a una comunidad global vibrante que lo acoger\u00e1, lo apoyar\u00e1 y lo impulsar\u00e1 hacia adelante. No hay nada m\u00e1s poderoso que tener la comunidad adecuada a su lado. Y esta comunidad no tiene comparaci\u00f3n.<\/li>\n<\/ul>\n<h5 class=\"titulos-largos\"><strong>Esta es la raz\u00f3n por la que la cumbre Time to Rise es 100 % gratuita<\/strong><\/h5>\n<p>Ahora es el momento en que los l\u00edderes deben unirse para empoderarse y apoyarse mutuamente. Es por eso que Tony comparte generosamente sus herramientas y estrategias comprobadas en la cumbre Time to Rise.<\/p>\n<p>Lo \u00fanico que te pide es que entregues todo tu ser al evento y transmitas tu sabidur\u00eda a los dem\u00e1s.<\/p>\n<\/div>\n<\/div>\n","protected":false},"excerpt":{"rendered":"<div id=\"brxe-iglkzy\" class=\"brxe-product-short-description\">\n<div class=\"woocommerce-product-details__short-description\">\n<p>Ahora es el momento en que los l\u00edderes deben unirse para empoderarse y apoyarse mutuamente. Es por eso que Tony comparte generosamente sus herramientas y estrategias comprobadas en la cumbre Time to Rise.<\/p>\n<\/div>\n<\/div>\n<div id=\"brxe-xitoor\" class=\"brxe-div\">\n<div id=\"brxe-lejltf\" class=\"brxe-bu-atc hide-elements-members woocommerce buatc-container product-type-simple loop-on hide-tick-icon\" tabindex=\"0\" data-interactions=\"[{&quot;id&quot;:&quot;qkrgyj&quot;,&quot;trigger&quot;:&quot;wooAddedToCart&quot;,&quot;action&quot;:&quot;toggleOffCanvas&quot;,&quot;offCanvasSelector&quot;:&quot;#carrito-flotante&quot;,&quot;target&quot;:&quot;offcanvas&quot;}]\" data-interaction-id=\"7e10df\" data-brx-toggle-offcanvas=\"true\" aria-expanded=\"false\" aria-label=\"Abrir\"><\/div>\n<\/div>\n","protected":false},"featured_media":1870,"comment_status":"open","ping_status":"closed","template":"","meta":{"site-sidebar-layout":"default","site-content-layout":"default","ast-global-header-display":"","ast-main-header-display":"","ast-hfb-above-header-display":"","ast-hfb-below-header-display":"","ast-hfb-mobile-header-display":"","site-post-title":"","ast-breadcrumbs-content":"","ast-featured-img":"","footer-sml-layout":"","theme-transparent-header-meta":"default","adv-header-id-meta":"","stick-header-meta":"","header-above-stick-meta":"","header-main-stick-meta":"","header-below-stick-meta":"","_joinchat":[]},"product_brand":[],"product_cat":[23],"product_tag":[],"class_list":{"0":"post-1869","1":"product","2":"type-product","3":"status-publish","4":"has-post-thumbnail","6":"product_cat-cursos","7":"desktop-align-left","8":"tablet-align-left","9":"mobile-align-left","11":"first","12":"instock","13":"downloadable","14":"shipping-taxable","15":"purchasable","16":"product-type-simple"},"_links":{"self":[{"href":"https:\/\/quebaratodigital.com\/index.php?rest_route=\/wp\/v2\/product\/1869","targetHints":{"allow":["GET"]}}],"collection":[{"href":"https:\/\/quebaratodigital.com\/index.php?rest_route=\/wp\/v2\/product"}],"about":[{"href":"https:\/\/quebaratodigital.com\/index.php?rest_route=\/wp\/v2\/types\/product"}],"replies":[{"embeddable":true,"href":"https:\/\/quebaratodigital.com\/index.php?rest_route=%2Fwp%2Fv2%2Fcomments&post=1869"}],"wp:featuredmedia":[{"embeddable":true,"href":"https:\/\/quebaratodigital.com\/index.php?rest_route=\/wp\/v2\/media\/1870"}],"wp:attachment":[{"href":"https:\/\/quebaratodigital.com\/index.php?rest_route=%2Fwp%2Fv2%2Fmedia&parent=1869"}],"wp:term":[{"taxonomy":"product_brand","embeddable":true,"href":"https:\/\/quebaratodigital.com\/index.php?rest_route=%2Fwp%2Fv2%2Fproduct_brand&post=1869"},{"taxonomy":"product_cat","embeddable":true,"href":"https:\/\/quebaratodigital.com\/index.php?rest_route=%2Fwp%2Fv2%2Fproduct_cat&post=1869"},{"taxonomy":"product_tag","embeddable":true,"href":"https:\/\/quebaratodigital.com\/index.php?rest_route=%2Fwp%2Fv2%2Fproduct_tag&post=1869"}],"curies":[{"name":"wp","href":"https:\/\/api.w.org\/{rel}","templated":true}]}}