{"id":1871,"date":"2025-12-24T23:50:39","date_gmt":"2025-12-24T23:50:39","guid":{"rendered":"https:\/\/quebaratodigital.com\/?post_type=product&#038;p=1871"},"modified":"2025-12-24T23:50:39","modified_gmt":"2025-12-24T23:50:39","slug":"cita-con-el-destino-virtual-tonny-robbins","status":"publish","type":"product","link":"https:\/\/quebaratodigital.com\/?product=cita-con-el-destino-virtual-tonny-robbins","title":{"rendered":"Cita con el Destino Virtual \u2013 Tonny Robbins"},"content":{"rendered":"<h2 id=\"brxe-ffbugs\" class=\"brxe-heading title-product\">Descripci\u00f3n del curso \ud83d\udcdd<\/h2>\n<div id=\"brxe-maorst\" class=\"brxe-div pa-toggle-text\">\n<div id=\"brxe-ptoqdk\" class=\"brxe-code\" data-script-id=\"ptoqdk\"><\/div>\n<div id=\"brxe-dhtyds\" class=\"brxe-text pa-toggle-content is-expanded\">\n<p>Emb\u00e1rquese en una traves\u00eda de 6 d\u00edas EN VIVO con Tony en un ambiente de apoyo y de inmersi\u00f3n total! En Date With Destiny (Cita con el Destino) no descubrir\u00e1 simplemente qui\u00e9n es usted- sino que descubrir\u00e1 y crear\u00e1 su propia experiencia que cambiar\u00e1 su vida para siempre. Conecte con su verdadero prop\u00f3sito y encienda su pasi\u00f3n para conseguir la m\u00e1xima visi\u00f3n de su vida, su carrera, sus finanzas, salud y relaciones. Obtendr\u00e1 un claro y a la vez profundo conocimiento de qu\u00e9 es lo que en realidad le motiva; pensamientos, sensaciones y comportamientos para empezar a construir hacia su propio logro personal.<\/p>\n<p>En Date With Destiny (Cita con el Destino) no descubrir\u00e1 simplemente qui\u00e9n es usted- sino que descubrir\u00e1 y crear\u00e1 su propia experiencia que cambiar\u00e1 su vida para siempre.<\/p>\n<p>&nbsp;<\/p>\n<p>DESCUBRE TU PROP\u00d3SITO<\/p>\n<p>\u00bfAlguna vez te has preguntado o te has preguntado qu\u00e9 te impulsa en la vida? \u00bfTe encuentras cuestionando tu prop\u00f3sito? En Date With Destiny, aprender\u00e1s las respuestas a estas preguntas y ganar\u00e1s mucho m\u00e1s. Este evento de \u00e9xito internacional ha ayudado a millones a lograr la vida que antes solo so\u00f1aban que era posible. En el transcurso de seis d\u00edas, en Date With Destiny, Tony Robbins te ayudar\u00e1 a encontrar la respuesta, brind\u00e1ndote herramientas para remodelar tu destino y dise\u00f1ar la vida de tus sue\u00f1os.<\/p>\n<p>Si lo que busca es m\u00e1s satisfacci\u00f3n, m\u00e1s pasi\u00f3n o m\u00e1s felicidad, entonces Date With Destiny es el evento adecuado para usted. Comenzar\u00e1 por obtener una comprensi\u00f3n de por qu\u00e9 hace las cosas que hace mientras descubre los valores y motivaciones \u00fanicos que dan forma a c\u00f3mo piensa, siente y se comporta. Identificar\u00e1 los desencadenantes que crean dolor y placer en su vida y aprender\u00e1 las estrategias para eliminar el dolor para siempre, mientras aprende a adoptar la mentalidad de que el dolor no es permanente: el dolor puede ser en realidad un regalo del cual podemos aprender un Gran oferta.<\/p>\n<p>Como dice Tony, es en tus momentos de decisi\u00f3n que se forma tu destino. Tome la decisi\u00f3n de dar forma a su propio destino: descubra su prop\u00f3sito en la vida y aprenda lo que realmente lo motiva. Realinee sus valores y comience a vivir la vida que desea y merece<\/p>\n<\/div>\n<\/div>\n","protected":false},"excerpt":{"rendered":"<div id=\"brxe-iglkzy\" class=\"brxe-product-short-description\">\n<div class=\"woocommerce-product-details__short-description\">\n<p>Obtendr\u00e1 un claro y a la vez profundo conocimiento de qu\u00e9 es lo que en realidad le motiva; pensamientos, sensaciones y comportamientos para empezar a construir hacia su propio logro personal.<\/p>\n<\/div>\n<\/div>\n<div id=\"brxe-xitoor\" class=\"brxe-div\">\n<div id=\"brxe-lejltf\" class=\"brxe-bu-atc hide-elements-members woocommerce buatc-container product-type-simple loop-on hide-tick-icon\" tabindex=\"0\" data-interactions=\"[{&quot;id&quot;:&quot;qkrgyj&quot;,&quot;trigger&quot;:&quot;wooAddedToCart&quot;,&quot;action&quot;:&quot;toggleOffCanvas&quot;,&quot;offCanvasSelector&quot;:&quot;#carrito-flotante&quot;,&quot;target&quot;:&quot;offcanvas&quot;}]\" data-interaction-id=\"fe636a\" data-brx-toggle-offcanvas=\"true\" aria-expanded=\"false\" aria-label=\"Abrir\"><\/div>\n<\/div>\n","protected":false},"featured_media":1872,"comment_status":"open","ping_status":"closed","template":"","meta":{"site-sidebar-layout":"default","site-content-layout":"default","ast-global-header-display":"","ast-main-header-display":"","ast-hfb-above-header-display":"","ast-hfb-below-header-display":"","ast-hfb-mobile-header-display":"","site-post-title":"","ast-breadcrumbs-content":"","ast-featured-img":"","footer-sml-layout":"","theme-transparent-header-meta":"default","adv-header-id-meta":"","stick-header-meta":"","header-above-stick-meta":"","header-main-stick-meta":"","header-below-stick-meta":"","_joinchat":[]},"product_brand":[],"product_cat":[23],"product_tag":[],"class_list":{"0":"post-1871","1":"product","2":"type-product","3":"status-publish","4":"has-post-thumbnail","6":"product_cat-cursos","7":"desktop-align-left","8":"tablet-align-left","9":"mobile-align-left","11":"first","12":"instock","13":"downloadable","14":"shipping-taxable","15":"purchasable","16":"product-type-simple"},"_links":{"self":[{"href":"https:\/\/quebaratodigital.com\/index.php?rest_route=\/wp\/v2\/product\/1871","targetHints":{"allow":["GET"]}}],"collection":[{"href":"https:\/\/quebaratodigital.com\/index.php?rest_route=\/wp\/v2\/product"}],"about":[{"href":"https:\/\/quebaratodigital.com\/index.php?rest_route=\/wp\/v2\/types\/product"}],"replies":[{"embeddable":true,"href":"https:\/\/quebaratodigital.com\/index.php?rest_route=%2Fwp%2Fv2%2Fcomments&post=1871"}],"wp:featuredmedia":[{"embeddable":true,"href":"https:\/\/quebaratodigital.com\/index.php?rest_route=\/wp\/v2\/media\/1872"}],"wp:attachment":[{"href":"https:\/\/quebaratodigital.com\/index.php?rest_route=%2Fwp%2Fv2%2Fmedia&parent=1871"}],"wp:term":[{"taxonomy":"product_brand","embeddable":true,"href":"https:\/\/quebaratodigital.com\/index.php?rest_route=%2Fwp%2Fv2%2Fproduct_brand&post=1871"},{"taxonomy":"product_cat","embeddable":true,"href":"https:\/\/quebaratodigital.com\/index.php?rest_route=%2Fwp%2Fv2%2Fproduct_cat&post=1871"},{"taxonomy":"product_tag","embeddable":true,"href":"https:\/\/quebaratodigital.com\/index.php?rest_route=%2Fwp%2Fv2%2Fproduct_tag&post=1871"}],"curies":[{"name":"wp","href":"https:\/\/api.w.org\/{rel}","templated":true}]}}