{"id":1873,"date":"2025-12-25T00:23:54","date_gmt":"2025-12-25T00:23:54","guid":{"rendered":"https:\/\/quebaratodigital.com\/?post_type=product&#038;p=1873"},"modified":"2025-12-25T00:23:55","modified_gmt":"2025-12-25T00:23:55","slug":"desata-tu-poder-interior-espanol-tony-robbins","status":"publish","type":"product","link":"https:\/\/quebaratodigital.com\/?product=desata-tu-poder-interior-espanol-tony-robbins","title":{"rendered":"Desata tu poder interior (Espa\u00f1ol) \u2013 Tony Robbins"},"content":{"rendered":"<h2 id=\"brxe-ffbugs\" class=\"brxe-heading title-product\">Descripci\u00f3n del curso \ud83d\udcdd<\/h2>\n<div id=\"brxe-maorst\" class=\"brxe-div pa-toggle-text\">\n<div id=\"brxe-ptoqdk\" class=\"brxe-code\" data-script-id=\"ptoqdk\"><\/div>\n<div id=\"brxe-dhtyds\" class=\"brxe-text pa-toggle-content is-expanded\">\n<p>Desata tu poder interior (Espa\u00f1ol) de Tony Robbins | No se conforme con menos de lo que vale. Si lo que quiere es crear una vida llena de pasi\u00f3n, grandes logros y recompensas, la soluci\u00f3n m\u00e1s efectiva es sin duda el crecimiento y la superaci\u00f3n personal. Pero antes de que pueda realizar satisfactoriamente un cambio positivo, debe entender mejor cu\u00e1les son las cosas que le influencian y le hacer ir adelante.<\/p>\n<p>&nbsp;<\/p>\n<p>En Tony Robbins Unleash the Power Within (Libera tu poder interior) sera capaz de desarrollar el conocimiento y las herramientas para crear cambios y desafiar sus propias limitaciones.<\/p>\n<p>&nbsp;<\/p>\n<p>Esta es una gran oportunidad de centrarse \u00fanicamente en su desarrollo y crecimiento personal, y una ocasi\u00f3n para que aprenda c\u00f3mo ser una persona m\u00e1s fuerte, m\u00e1s habilidosa y poderosa. Los triunfadores siempre encuentran una manera, y Tony Robbins puede ayudarle a encontrar la suya en Unleash the Power Within<\/p>\n<\/div>\n<\/div>\n","protected":false},"excerpt":{"rendered":"<div id=\"brxe-iglkzy\" class=\"brxe-product-short-description\">\n<div class=\"woocommerce-product-details__short-description\">\n<p>Con este curso ser\u00e1s capaz de desarrollar el conocimiento y las herramientas para crear cambios y desafiar sus propias limitaciones.<\/p>\n<\/div>\n<\/div>\n<div id=\"brxe-xitoor\" class=\"brxe-div\">\n<div id=\"brxe-stlvsc\" class=\"brxe-bu-atwsl\" data-wsl-config=\"{&quot;product&quot;:93480,&quot;postType&quot;:&quot;product&quot;,&quot;notify&quot;:false,&quot;rmnotice&quot;:false,&quot;action&quot;:&quot;add&quot;,&quot;addText&quot;:&quot;A\\u00f1ador a favoritos&quot;,&quot;removeText&quot;:&quot;Agregado a favoritos&quot;,&quot;cookie_key&quot;:&quot;bu_wishlist_product_0&quot;,&quot;wslItems&quot;:[],&quot;wslRemoveAction&quot;:&quot;no&quot;,&quot;hasTooltip&quot;:&quot;yes&quot;,&quot;content&quot;:&quot;Agregar a favoritos&quot;,&quot;addedContent&quot;:&quot;Agregado&quot;,&quot;animation&quot;:&quot;fade&quot;,&quot;placement&quot;:&quot;bottom&quot;}\" data-index=\"0\" aria-expanded=\"false\"><\/div>\n<\/div>\n","protected":false},"featured_media":1874,"comment_status":"open","ping_status":"closed","template":"","meta":{"site-sidebar-layout":"default","site-content-layout":"default","ast-global-header-display":"","ast-main-header-display":"","ast-hfb-above-header-display":"","ast-hfb-below-header-display":"","ast-hfb-mobile-header-display":"","site-post-title":"","ast-breadcrumbs-content":"","ast-featured-img":"","footer-sml-layout":"","theme-transparent-header-meta":"default","adv-header-id-meta":"","stick-header-meta":"","header-above-stick-meta":"","header-main-stick-meta":"","header-below-stick-meta":"","_joinchat":[]},"product_brand":[],"product_cat":[23],"product_tag":[],"class_list":{"0":"post-1873","1":"product","2":"type-product","3":"status-publish","4":"has-post-thumbnail","6":"product_cat-cursos","7":"desktop-align-left","8":"tablet-align-left","9":"mobile-align-left","11":"first","12":"instock","13":"downloadable","14":"shipping-taxable","15":"purchasable","16":"product-type-simple"},"_links":{"self":[{"href":"https:\/\/quebaratodigital.com\/index.php?rest_route=\/wp\/v2\/product\/1873","targetHints":{"allow":["GET"]}}],"collection":[{"href":"https:\/\/quebaratodigital.com\/index.php?rest_route=\/wp\/v2\/product"}],"about":[{"href":"https:\/\/quebaratodigital.com\/index.php?rest_route=\/wp\/v2\/types\/product"}],"replies":[{"embeddable":true,"href":"https:\/\/quebaratodigital.com\/index.php?rest_route=%2Fwp%2Fv2%2Fcomments&post=1873"}],"wp:featuredmedia":[{"embeddable":true,"href":"https:\/\/quebaratodigital.com\/index.php?rest_route=\/wp\/v2\/media\/1874"}],"wp:attachment":[{"href":"https:\/\/quebaratodigital.com\/index.php?rest_route=%2Fwp%2Fv2%2Fmedia&parent=1873"}],"wp:term":[{"taxonomy":"product_brand","embeddable":true,"href":"https:\/\/quebaratodigital.com\/index.php?rest_route=%2Fwp%2Fv2%2Fproduct_brand&post=1873"},{"taxonomy":"product_cat","embeddable":true,"href":"https:\/\/quebaratodigital.com\/index.php?rest_route=%2Fwp%2Fv2%2Fproduct_cat&post=1873"},{"taxonomy":"product_tag","embeddable":true,"href":"https:\/\/quebaratodigital.com\/index.php?rest_route=%2Fwp%2Fv2%2Fproduct_tag&post=1873"}],"curies":[{"name":"wp","href":"https:\/\/api.w.org\/{rel}","templated":true}]}}