{"id":1875,"date":"2025-12-25T00:30:14","date_gmt":"2025-12-25T00:30:14","guid":{"rendered":"https:\/\/quebaratodigital.com\/?post_type=product&#038;p=1875"},"modified":"2025-12-25T00:30:14","modified_gmt":"2025-12-25T00:30:14","slug":"business-mastery-virtual-tony-robbins","status":"publish","type":"product","link":"https:\/\/quebaratodigital.com\/?product=business-mastery-virtual-tony-robbins","title":{"rendered":"Business Mastery Virtual Tony Robbins"},"content":{"rendered":"<p><img decoding=\"async\" src=\"https:\/\/cursosvips.com\/wp-content\/uploads\/2022\/08\/Texto1-1024x255-1.jpg\" \/><\/p>\n<p>No vivimos en el mismo mundo en el que viv\u00edamos a principios de 2020\u2026 y si tu negocio no se mantiene al d\u00eda con este mundo que cambia r\u00e1pidamente, corre el riesgo de quedarse atr\u00e1s. Pero eso no significa que nos rindamos y nos conformemos.<\/p>\n<p>&nbsp;<\/p>\n<p><img fetchpriority=\"high\" decoding=\"async\" class=\"alignleft  wp-image-10254\" src=\"https:\/\/cursosvips.com\/wp-content\/uploads\/2022\/08\/tn_Captura-de-pantalla-2021-04-30-a-las-17.29.50.jpg\" sizes=\"auto, (max-width: 265px) 100vw, 265px\" srcset=\"https:\/\/cursosvips.com\/wp-content\/uploads\/2022\/08\/tn_Captura-de-pantalla-2021-04-30-a-las-17.29.50.jpg 400w, https:\/\/cursosvips.com\/wp-content\/uploads\/2022\/08\/tn_Captura-de-pantalla-2021-04-30-a-las-17.29.50-348x400.jpg 348w\" alt=\"\" width=\"265\" height=\"305\" \/>En estos momentos puedes quedar atrapado en la tormenta y sufrir, o puedes usar este tiempo para innovar, crear y dominar todo tu conjunto de habilidades para lanzarte a un futuro pr\u00f3spero y exitoso. Con Business Mastery, obtendr\u00e1s las herramientas y capacidades que necesitas para aprovechar esta temporada de incertidumbre.<\/p>\n<p>La mayor\u00eda de los due\u00f1os de negocios est\u00e1n acurrucados simplemente con la esperanza de sobrevivir, pero eso no conducir\u00e1 al crecimiento exponencial ni a los resultados masivos que desean en su negocio.<\/p>\n<p>\u00a1\u00danete a nosotros en este \u00e9pico curso virtual de dominio empresarial: 5 d\u00edas de inmersi\u00f3n EN DIRECTO con Tony Robbins y expertos en todas las \u00e1reas de negocio, adem\u00e1s de un plan de estudios de un a\u00f1o que podr\u00e1s implementar en tu propio tiempo! Con Business Mastery, crear\u00e1s un plan para que tu empresa no solo sobreviva a estos tiempos de locura, sino que prospere exitosamente.<\/p>\n<p>\u00a1Prep\u00e1rate para dar la bienvenida al propio Tony Robbins y al poder incomparable de su curso \u00abBusiness Mastery\u00bb directamente en tu hogar! Tony est\u00e1 cambiando el mundo con este evento de negocios. \u00bfEstar\u00e1s all\u00ed para experimentarlo t\u00fa mismo con nosotros? \u00a1Te esperamos!<\/p>\n<p><img decoding=\"async\" class=\"aligncenter  wp-image-10252\" src=\"https:\/\/cursosvips.com\/wp-content\/uploads\/2022\/08\/Texto2-1024x255-1.jpg\" sizes=\"auto, (max-width: 614px) 100vw, 614px\" srcset=\"https:\/\/cursosvips.com\/wp-content\/uploads\/2022\/08\/Texto2-1024x255-1.jpg 1024w, https:\/\/cursosvips.com\/wp-content\/uploads\/2022\/08\/Texto2-1024x255-1-800x199.jpg 800w, https:\/\/cursosvips.com\/wp-content\/uploads\/2022\/08\/Texto2-1024x255-1-768x191.jpg 768w, https:\/\/cursosvips.com\/wp-content\/uploads\/2022\/08\/Texto2-1024x255-1-504x126.jpg 504w\" alt=\"\" width=\"614\" height=\"153\" \/><\/p>\n<div class=\"elementor-element elementor-element-a231bc9 elementor-widget elementor-widget-text-editor\" data-id=\"a231bc9\" data-element_type=\"widget\" data-widget_type=\"text-editor.default\">\n<div class=\"elementor-widget-container\">\n<div class=\"elementor-text-editor elementor-clearfix\">\n<h2>\u00a1APRENDE DE LOS MEJORES DEL MUNDO!<\/h2>\n<\/div>\n<\/div>\n<\/div>\n<section class=\"elementor-section elementor-inner-section elementor-element elementor-element-e0bc071 elementor-section-boxed elementor-section-height-default elementor-section-height-default\" data-id=\"e0bc071\" data-element_type=\"section\">\n<div class=\"elementor-container elementor-column-gap-default\">\n<div class=\"elementor-row\">\n<div class=\"elementor-column elementor-col-50 elementor-inner-column elementor-element elementor-element-2a3d82f\" data-id=\"2a3d82f\" data-element_type=\"column\">\n<div class=\"elementor-column-wrap elementor-element-populated\">\n<div class=\"elementor-widget-wrap\">\n<div class=\"elementor-element elementor-element-1e7e524 elementor-widget elementor-widget-image\" data-id=\"1e7e524\" data-element_type=\"widget\" data-widget_type=\"image.default\">\n<div class=\"elementor-widget-container\">\n<div class=\"elementor-image\"><img decoding=\"async\" class=\"alignleft  wp-image-10257\" src=\"https:\/\/cursosvips.com\/wp-content\/uploads\/2022\/08\/tn_Tony2-1024x749-1.jpg\" alt=\"\" width=\"292\" height=\"214\" \/>SOBRE TONY ROBBINS<\/div>\n<\/div>\n<\/div>\n<\/div>\n<\/div>\n<\/div>\n<div class=\"elementor-column elementor-col-50 elementor-inner-column elementor-element elementor-element-b556edf\" data-id=\"b556edf\" data-element_type=\"column\">\n<div class=\"elementor-column-wrap elementor-element-populated\">\n<div class=\"elementor-widget-wrap\">\n<div class=\"elementor-element elementor-element-8568f1f elementor-widget elementor-widget-text-editor\" data-id=\"8568f1f\" data-element_type=\"widget\" data-widget_type=\"text-editor.default\">\n<div class=\"elementor-widget-container\">\n<div class=\"elementor-text-editor elementor-clearfix\">\n<p><strong>La autoridad mundial n\u00famero 1 en crecimiento personal, transformaci\u00f3n empresarial y rendimiento m\u00e1ximo.<\/strong><\/p>\n<p>Despu\u00e9s de entrenar personalmente a m\u00e1s de 50 millones de personas, Tony domina la psicolog\u00eda del \u00e9xito y es considerado el estratega de vida y negocios n\u00famero uno del mundo.<\/p>\n<p>Tony utiliza sus 4 d\u00e9cadas de experiencia y las habilidades que ha adquirido al trabajar con estas figuras legendarias de cerca, para transformar la vida de aquellos que asisten a su megaevento Unleash The Power Within.<\/p>\n<p><img loading=\"lazy\" decoding=\"async\" class=\"aligncenter size-full wp-image-10253\" src=\"https:\/\/cursosvips.com\/wp-content\/uploads\/2022\/08\/tn_Banner3-Curso-Business-Mastery-Virtual-Tonny-Robins.jpg\" sizes=\"auto, (max-width: 725px) 100vw, 725px\" srcset=\"https:\/\/cursosvips.com\/wp-content\/uploads\/2022\/08\/tn_Banner3-Curso-Business-Mastery-Virtual-Tonny-Robins.jpg 725w, https:\/\/cursosvips.com\/wp-content\/uploads\/2022\/08\/tn_Banner3-Curso-Business-Mastery-Virtual-Tonny-Robins-711x400.jpg 711w, https:\/\/cursosvips.com\/wp-content\/uploads\/2022\/08\/tn_Banner3-Curso-Business-Mastery-Virtual-Tonny-Robins-504x284.jpg 504w\" alt=\"\" width=\"725\" height=\"408\" \/><\/p>\n<\/div>\n<\/div>\n<\/div>\n<\/div>\n<\/div>\n<\/div>\n<\/div>\n<\/div>\n<\/section>\n<p>&nbsp;<\/p>\n","protected":false},"excerpt":{"rendered":"<h4>\u00danete a nosotros en este \u00e9pico curso virtual de dominio empresarial: 5 d\u00edas de inmersi\u00f3n en directo con Tony Robbins y expertos en todas las \u00e1reas de negocio.<\/h4>\n","protected":false},"featured_media":1876,"comment_status":"open","ping_status":"closed","template":"","meta":{"site-sidebar-layout":"default","site-content-layout":"default","ast-global-header-display":"","ast-main-header-display":"","ast-hfb-above-header-display":"","ast-hfb-below-header-display":"","ast-hfb-mobile-header-display":"","site-post-title":"","ast-breadcrumbs-content":"","ast-featured-img":"","footer-sml-layout":"","theme-transparent-header-meta":"default","adv-header-id-meta":"","stick-header-meta":"","header-above-stick-meta":"","header-main-stick-meta":"","header-below-stick-meta":"","_joinchat":[]},"product_brand":[],"product_cat":[23],"product_tag":[],"class_list":{"0":"post-1875","1":"product","2":"type-product","3":"status-publish","4":"has-post-thumbnail","6":"product_cat-cursos","7":"desktop-align-left","8":"tablet-align-left","9":"mobile-align-left","11":"first","12":"instock","13":"downloadable","14":"shipping-taxable","15":"purchasable","16":"product-type-simple"},"_links":{"self":[{"href":"https:\/\/quebaratodigital.com\/index.php?rest_route=\/wp\/v2\/product\/1875","targetHints":{"allow":["GET"]}}],"collection":[{"href":"https:\/\/quebaratodigital.com\/index.php?rest_route=\/wp\/v2\/product"}],"about":[{"href":"https:\/\/quebaratodigital.com\/index.php?rest_route=\/wp\/v2\/types\/product"}],"replies":[{"embeddable":true,"href":"https:\/\/quebaratodigital.com\/index.php?rest_route=%2Fwp%2Fv2%2Fcomments&post=1875"}],"wp:featuredmedia":[{"embeddable":true,"href":"https:\/\/quebaratodigital.com\/index.php?rest_route=\/wp\/v2\/media\/1876"}],"wp:attachment":[{"href":"https:\/\/quebaratodigital.com\/index.php?rest_route=%2Fwp%2Fv2%2Fmedia&parent=1875"}],"wp:term":[{"taxonomy":"product_brand","embeddable":true,"href":"https:\/\/quebaratodigital.com\/index.php?rest_route=%2Fwp%2Fv2%2Fproduct_brand&post=1875"},{"taxonomy":"product_cat","embeddable":true,"href":"https:\/\/quebaratodigital.com\/index.php?rest_route=%2Fwp%2Fv2%2Fproduct_cat&post=1875"},{"taxonomy":"product_tag","embeddable":true,"href":"https:\/\/quebaratodigital.com\/index.php?rest_route=%2Fwp%2Fv2%2Fproduct_tag&post=1875"}],"curies":[{"name":"wp","href":"https:\/\/api.w.org\/{rel}","templated":true}]}}