{"id":1879,"date":"2025-12-25T00:48:41","date_gmt":"2025-12-25T00:48:41","guid":{"rendered":"https:\/\/quebaratodigital.com\/?post_type=product&#038;p=1879"},"modified":"2025-12-25T00:48:41","modified_gmt":"2025-12-25T00:48:41","slug":"inteligencia-emocional-margarita-pasos","status":"publish","type":"product","link":"https:\/\/quebaratodigital.com\/?product=inteligencia-emocional-margarita-pasos","title":{"rendered":"Inteligencia Emocional &#8211; Margarita Pasos"},"content":{"rendered":"<div class=\"elementor-element elementor-element-27f4bf9 elementor-widget__width-inherit elementor-widget elementor-widget-text-editor\" data-id=\"27f4bf9\" data-element_type=\"widget\" data-widget_type=\"text-editor.default\">\n<div class=\"elementor-widget-container\">\u00a1APRENDE A MANEJAR TUS EMOCIONES AHORA!<\/div>\n<div><\/div>\n<\/div>\n<div class=\"elementor-element elementor-element-e7a39b6 elementor-widget__width-inherit elementor-widget elementor-widget-text-editor\" data-id=\"e7a39b6\" data-element_type=\"widget\" data-widget_type=\"text-editor.default\">\n<div class=\"elementor-widget-container\">\n<p>Muchos de nuestros alumnos han logrado\u00a0retomar el control de sus emociones en 21 d\u00edas\u00a0o menos y t\u00fa tambi\u00e9n puedes lograrlo con nuestro curso.<\/p>\n<p>&nbsp;<\/p>\n<\/div>\n<div class=\"elementor-element elementor-element-c8d51c9 elementor-widget elementor-widget-text-editor\" data-id=\"c8d51c9\" data-element_type=\"widget\" data-widget_type=\"text-editor.default\">\n<div class=\"elementor-widget-container\">Si te identificas con algunas de estas emociones y te dijera que\u00a0TE PUEDO ENSE\u00d1AR UNA METODOLOG\u00cdA QUE REPROGRAMAR\u00c1 TU MENTE\u00a0para controlarlas, \u00bfTe gustar\u00eda aprenderla?<\/div>\n<div><\/div>\n<\/div>\n<div class=\"elementor-element elementor-element-1d989b8 elementor-widget elementor-widget-text-editor\" data-id=\"1d989b8\" data-element_type=\"widget\" data-widget_type=\"text-editor.default\">\n<div class=\"elementor-widget-container\">\n<ul>\n<li>Tus conversaciones habitualmente son negativas.<\/li>\n<li>\u200bUn nuevo desaf\u00edo te genera estr\u00e9s y ansiedad<\/li>\n<li>Constantemente piensas: \u201cnada me sale, solamente tengo problemas\u201d<\/li>\n<li>Te sientes agotado, te duele la cabeza, no duermes bien<\/li>\n<li>Luego de explosiones de ira, te arrepientes de lo que hiciste o dijiste<\/li>\n<li>Tienes baja autoestima<\/li>\n<\/ul>\n<div class=\"elementor-element elementor-element-87591ef elementor-widget__width-inherit elementor-widget elementor-widget-heading\" data-id=\"87591ef\" data-element_type=\"widget\" data-widget_type=\"heading.default\">\n<div class=\"elementor-widget-container\">\n<h2 class=\"elementor-heading-title elementor-size-default\">\u00bfTe has dado cuenta que la mayor\u00eda de cosas negativas que piensas,\u00a0nunca pasan?<\/h2>\n<p>&nbsp;<\/p>\n<\/div>\n<\/div>\n<div class=\"elementor-element elementor-element-8cda28f elementor-widget__width-inherit elementor-widget elementor-widget-text-editor\" data-id=\"8cda28f\" data-element_type=\"widget\" data-widget_type=\"text-editor.default\">\n<div class=\"elementor-widget-container\">\n<p>Exactamente el 95% de esas tragedias que se te vienen a la mente, no se hacen realidad y por el contrario, lo que han hecho es quitarte energ\u00eda y entusiasmo.<\/p>\n<\/div>\n<div class=\"elementor-element elementor-element-8d407df elementor-widget__width-inherit elementor-widget elementor-widget-heading\" data-id=\"8d407df\" data-element_type=\"widget\" data-widget_type=\"heading.default\">\n<div class=\"elementor-widget-container\">\n<h2 class=\"elementor-heading-title elementor-size-default\">Lo que lograr\u00e1s con este curso:<\/h2>\n<\/div>\n<\/div>\n<div class=\"elementor-element elementor-element-fe34632 elementor-widget__width-inherit elementor-widget elementor-widget-heading\" data-id=\"fe34632\" data-element_type=\"widget\" data-widget_type=\"heading.default\">\n<div class=\"elementor-widget-container\">\n<h2 class=\"elementor-heading-title elementor-size-default\">\u201cINTELIGENCIA EMOCIONAL\u201d<\/h2>\n<\/div>\n<\/div>\n<div class=\"elementor-element elementor-element-cd85348 e-con-full e-flex e-con e-child\" data-id=\"cd85348\" data-element_type=\"container\">\n<div class=\"elementor-element elementor-element-c4b5537 elementor-position-inline-start play-icon elementor-mobile-position-inline-start elementor-view-default elementor-widget elementor-widget-icon-box\" data-id=\"c4b5537\" data-element_type=\"widget\" data-widget_type=\"icon-box.default\">\n<div class=\"elementor-widget-container\">\n<div class=\"elementor-icon-box-wrapper\">\n<div class=\"elementor-icon-box-icon\"><\/div>\n<div class=\"elementor-icon-box-content\">\n<p class=\"elementor-icon-box-description\">Elevar tu Inteligencia Emocional.<\/p>\n<\/div>\n<\/div>\n<\/div>\n<\/div>\n<div class=\"elementor-element elementor-element-0502d2e elementor-position-inline-start play-icon elementor-mobile-position-inline-start elementor-view-default elementor-widget elementor-widget-icon-box\" data-id=\"0502d2e\" data-element_type=\"widget\" data-widget_type=\"icon-box.default\">\n<div class=\"elementor-widget-container\">\n<div class=\"elementor-icon-box-wrapper\">\n<div class=\"elementor-icon-box-icon\"><\/div>\n<div class=\"elementor-icon-box-content\">\n<p class=\"elementor-icon-box-description\">Dominar las conversaciones que tienes contigo mismo para el bienestar.<\/p>\n<\/div>\n<\/div>\n<\/div>\n<\/div>\n<div class=\"elementor-element elementor-element-4c4905b elementor-position-inline-start play-icon elementor-mobile-position-inline-start elementor-view-default elementor-widget elementor-widget-icon-box\" data-id=\"4c4905b\" data-element_type=\"widget\" data-widget_type=\"icon-box.default\">\n<div class=\"elementor-widget-container\">\n<div class=\"elementor-icon-box-wrapper\">\n<div class=\"elementor-icon-box-icon\"><\/div>\n<div class=\"elementor-icon-box-content\">\n<p class=\"elementor-icon-box-description\">Practicar la dieta mental para sentirte feliz y relajado.<\/p>\n<\/div>\n<\/div>\n<\/div>\n<\/div>\n<div class=\"elementor-element elementor-element-d6de8dc elementor-position-inline-start play-icon elementor-mobile-position-inline-start elementor-view-default elementor-widget elementor-widget-icon-box\" data-id=\"d6de8dc\" data-element_type=\"widget\" data-widget_type=\"icon-box.default\">\n<div class=\"elementor-widget-container\">\n<div class=\"elementor-icon-box-wrapper\">\n<div class=\"elementor-icon-box-icon\"><\/div>\n<div class=\"elementor-icon-box-content\">\n<p class=\"elementor-icon-box-description\">Encontrar la motivaci\u00f3n dentro de ti.<\/p>\n<\/div>\n<\/div>\n<\/div>\n<\/div>\n<\/div>\n<div class=\"elementor-element elementor-element-c0c9d0f e-con-full e-flex e-con e-child\" data-id=\"c0c9d0f\" data-element_type=\"container\">\n<div class=\"elementor-element elementor-element-4243690 elementor-position-inline-start play-icon elementor-mobile-position-inline-start elementor-view-default elementor-widget elementor-widget-icon-box\" data-id=\"4243690\" data-element_type=\"widget\" data-widget_type=\"icon-box.default\">\n<div class=\"elementor-widget-container\">\n<div class=\"elementor-icon-box-wrapper\">\n<div class=\"elementor-icon-box-icon\"><\/div>\n<div class=\"elementor-icon-box-content\">\n<p class=\"elementor-icon-box-description\">Entender c\u00f3mo se forman y cambian las emociones.<\/p>\n<\/div>\n<\/div>\n<\/div>\n<\/div>\n<div class=\"elementor-element elementor-element-3a05ef7 elementor-position-inline-start play-icon elementor-mobile-position-inline-start elementor-view-default elementor-widget elementor-widget-icon-box\" data-id=\"3a05ef7\" data-element_type=\"widget\" data-widget_type=\"icon-box.default\">\n<div class=\"elementor-widget-container\">\n<div class=\"elementor-icon-box-wrapper\">\n<div class=\"elementor-icon-box-icon\"><\/div>\n<div class=\"elementor-icon-box-content\">\n<p class=\"elementor-icon-box-description\">Cambiar tu concepto de ti mismo.<\/p>\n<\/div>\n<\/div>\n<\/div>\n<\/div>\n<div class=\"elementor-element elementor-element-34e7171 elementor-position-inline-start play-icon elementor-mobile-position-inline-start elementor-view-default elementor-widget elementor-widget-icon-box\" data-id=\"34e7171\" data-element_type=\"widget\" data-widget_type=\"icon-box.default\">\n<div class=\"elementor-widget-container\">\n<div class=\"elementor-icon-box-wrapper\">\n<div class=\"elementor-icon-box-icon\"><\/div>\n<div class=\"elementor-icon-box-content\">\n<p class=\"elementor-icon-box-description\">Tomar el control de tu mente y tus emociones.<\/p>\n<p>&nbsp;<\/p>\n<\/div>\n<\/div>\n<p>En total son\u00a018 Masterclasses\u00a0y\u00a07 BONOS\u00a0que podr\u00e1s estudiar a la hora que quieras, desde el dispositivo que quieras, las veces que quieras. \u00a1S\u00ed, este curso ser\u00e1 tuyo para la vida!<\/p>\n<p>Tendr\u00e1s una gu\u00eda para ejercicios, tips para poner en pr\u00e1ctica y la DIETA MENTAL que todo el mundo deber\u00eda aplicar para su bienestar.<\/p>\n<\/div>\n<\/div>\n<\/div>\n<\/div>\n<\/div>\n<\/div>\n<\/div>\n","protected":false},"excerpt":{"rendered":"<p>Para superar los ataques de p\u00e1nico y la depresi\u00f3n, descubr\u00ed herramientas fundamentales que te ense\u00f1ar\u00e9 para que tomes el control de cualquier emoci\u00f3n desbordada.<\/p>\n","protected":false},"featured_media":1880,"comment_status":"open","ping_status":"closed","template":"","meta":{"site-sidebar-layout":"default","site-content-layout":"default","ast-global-header-display":"","ast-main-header-display":"","ast-hfb-above-header-display":"","ast-hfb-below-header-display":"","ast-hfb-mobile-header-display":"","site-post-title":"","ast-breadcrumbs-content":"","ast-featured-img":"","footer-sml-layout":"","theme-transparent-header-meta":"default","adv-header-id-meta":"","stick-header-meta":"","header-above-stick-meta":"","header-main-stick-meta":"","header-below-stick-meta":"","_joinchat":[]},"product_brand":[],"product_cat":[23],"product_tag":[],"class_list":{"0":"post-1879","1":"product","2":"type-product","3":"status-publish","4":"has-post-thumbnail","6":"product_cat-cursos","7":"desktop-align-left","8":"tablet-align-left","9":"mobile-align-left","11":"first","12":"instock","13":"downloadable","14":"shipping-taxable","15":"purchasable","16":"product-type-simple"},"_links":{"self":[{"href":"https:\/\/quebaratodigital.com\/index.php?rest_route=\/wp\/v2\/product\/1879","targetHints":{"allow":["GET"]}}],"collection":[{"href":"https:\/\/quebaratodigital.com\/index.php?rest_route=\/wp\/v2\/product"}],"about":[{"href":"https:\/\/quebaratodigital.com\/index.php?rest_route=\/wp\/v2\/types\/product"}],"replies":[{"embeddable":true,"href":"https:\/\/quebaratodigital.com\/index.php?rest_route=%2Fwp%2Fv2%2Fcomments&post=1879"}],"wp:featuredmedia":[{"embeddable":true,"href":"https:\/\/quebaratodigital.com\/index.php?rest_route=\/wp\/v2\/media\/1880"}],"wp:attachment":[{"href":"https:\/\/quebaratodigital.com\/index.php?rest_route=%2Fwp%2Fv2%2Fmedia&parent=1879"}],"wp:term":[{"taxonomy":"product_brand","embeddable":true,"href":"https:\/\/quebaratodigital.com\/index.php?rest_route=%2Fwp%2Fv2%2Fproduct_brand&post=1879"},{"taxonomy":"product_cat","embeddable":true,"href":"https:\/\/quebaratodigital.com\/index.php?rest_route=%2Fwp%2Fv2%2Fproduct_cat&post=1879"},{"taxonomy":"product_tag","embeddable":true,"href":"https:\/\/quebaratodigital.com\/index.php?rest_route=%2Fwp%2Fv2%2Fproduct_tag&post=1879"}],"curies":[{"name":"wp","href":"https:\/\/api.w.org\/{rel}","templated":true}]}}