{"id":1882,"date":"2025-12-25T00:52:32","date_gmt":"2025-12-25T00:52:32","guid":{"rendered":"https:\/\/quebaratodigital.com\/?post_type=product&#038;p=1882"},"modified":"2025-12-25T00:52:33","modified_gmt":"2025-12-25T00:52:33","slug":"manifiesta-lo-que-te-propongas-de-margarita-pasos","status":"publish","type":"product","link":"https:\/\/quebaratodigital.com\/?product=manifiesta-lo-que-te-propongas-de-margarita-pasos","title":{"rendered":"Manifiesta lo que te Propongas de Margarita Pasos"},"content":{"rendered":"<div class=\"elementor-element elementor-element-b660b0f premium-title-color elementor-widget elementor-widget-premium-addon-title\" data-id=\"b660b0f\" data-element_type=\"widget\" data-widget_type=\"premium-addon-title.default\">\n<div class=\"elementor-widget-container\">\n<div class=\"premium-title-container style1\">\n<h2 class=\"premium-title-header premium-title-style1\"><span class=\"premium-title-text\">\u00bfQu\u00e9 aprender\u00e1s en Manifiesta lo que te Propongas de Margarita Pasos?<\/span><\/h2>\n<\/div>\n<\/div>\n<\/div>\n<section class=\"elementor-section elementor-inner-section elementor-element elementor-element-0837d40 elementor-section-boxed elementor-section-height-default elementor-section-height-default\" data-id=\"0837d40\" data-element_type=\"section\" data-settings=\"{&quot;jet_parallax_layout_list&quot;:[]}\">\n<div class=\"elementor-container elementor-column-gap-default\">\n<div class=\"elementor-column elementor-col-100 elementor-inner-column elementor-element elementor-element-024b031\" data-id=\"024b031\" data-element_type=\"column\">\n<div class=\"elementor-widget-wrap elementor-element-populated\">\n<div class=\"elementor-element elementor-element-b13c974 elementor-align-start elementor-icon-list--layout-traditional elementor-list-item-link-full_width elementor-widget elementor-widget-icon-list\" data-id=\"b13c974\" data-element_type=\"widget\" data-widget_type=\"icon-list.default\">\n<div class=\"elementor-widget-container\">\n<ul class=\"elementor-icon-list-items\">\n<li class=\"elementor-icon-list-item\"><span class=\"elementor-icon-list-text\"><i class=\"fa fa-check\" aria-hidden=\"true\"><\/i>\u00a0Aprende a encontrar y eliminar frenos mentales<\/span><\/li>\n<li class=\"elementor-icon-list-item\"><span class=\"elementor-icon-list-text\"><i class=\"fa fa-check\" aria-hidden=\"true\"><\/i>\u00a0Descubre c\u00f3mo visualizar lo que quieres para manifestarlo r\u00e1pidamente<\/span><\/li>\n<li class=\"elementor-icon-list-item\"><span class=\"elementor-icon-list-text\"><i class=\"fa fa-check\" aria-hidden=\"true\"><\/i>\u00a0Aprende a confiar en ti<\/span><\/li>\n<\/ul>\n<\/div>\n<\/div>\n<\/div>\n<\/div>\n<\/div>\n<\/section>\n<div class=\"elementor-element elementor-element-1fd3b23 premium-title-color elementor-widget elementor-widget-premium-addon-title\" data-id=\"1fd3b23\" data-element_type=\"widget\" data-widget_type=\"premium-addon-title.default\">\n<div class=\"elementor-widget-container\">\n<div class=\"premium-title-container style1\">\n<h2 class=\"premium-title-header premium-title-style1\"><span class=\"premium-title-text\">\u00bfQu\u00e9 es Manifiesta lo que te Propongas de Margarita Pasos?<\/span><\/h2>\n<p>&nbsp;<\/p>\n<\/div>\n<\/div>\n<\/div>\n<div class=\"elementor-element elementor-element-37ba0f01 elementor-widget elementor-widget-woocommerce-product-content\" data-id=\"37ba0f01\" data-element_type=\"widget\" data-widget_type=\"woocommerce-product-content.default\">\n<div class=\"elementor-widget-container\">\n<p>Con el curso\u00a0<strong>Manifiesta lo que te Propongas de Margarita Pasos<\/strong>\u00a0programa tu mente para que sea tu aliada.<\/p>\n<div>\n<p>\u00a1No est\u00e1s solo! Con este curso queremos acompa\u00f1arte y respaldarte, porque nuestras propias vivencias nos han ense\u00f1ado mucho, nos han fortalecido y por eso, deseamos compartir contigo lo que nos funcion\u00f3 para que lo incorpores en tus h\u00e1bitos, Margarita Pasos te ense\u00f1ara como puedes generar grandes pasos para ti de manera f\u00e1cil, sencilla y rapida.<\/p>\n<p>&nbsp;<\/p>\n<\/div>\n<h2>\u00bfQu\u00e9 Aprender\u00e1s en Manifiesta lo que te Propongas?<\/h2>\n<p>Si te sientes estancado, no avanzas o trazas metas que no logras, este curso es para ti!<br \/>\nEn este curso te ense\u00f1aremos a:<\/p>\n<ul>\n<li>Programar tu mente para que sea tu aliada en lugar de frenarte<\/li>\n<li>Creer en ti como nunca antes lo hab\u00edas hecho<\/li>\n<li>Encontrar y eliminar frenos mentales que se te programaron de peque\u00f1o y que hoy te sabotean<\/li>\n<li>Visualizar y afirmar lo que quieres para manifestarlo r\u00e1pidamente<\/li>\n<li>Vivir una vida m\u00e1s tranquila confiando en tu capacidad de producir resultados.<\/li>\n<\/ul>\n<p>&nbsp;<\/p>\n<h2>\u00bfQui\u00e9n es Margarita Pasos?<\/h2>\n<p>Es entrenadora corporativa, lider de opinion, empresaria y\u00a0conferencista. Escritora y filantropa optimista inquebrantable dedicada a ayudarte a convertirte en la persona que m\u00e1s deseas ser, utilizando tu pasi\u00f3n personal como el motor de tu crecimiento, Margarita es reconocida en toda Latinoam\u00e9rica por su exitosa trayectoria internacional de m\u00e1s de 20 a\u00f1os.<\/p>\n<\/div>\n<\/div>\n","protected":false},"excerpt":{"rendered":"<p>Con el curso\u00a0<strong>Manifiesta lo que te Propongas de Margarita Pasos<\/strong>\u00a0programa tu mente para que sea tu aliada.<\/p>\n<div><\/div>\n","protected":false},"featured_media":1883,"comment_status":"open","ping_status":"closed","template":"","meta":{"site-sidebar-layout":"default","site-content-layout":"default","ast-global-header-display":"","ast-main-header-display":"","ast-hfb-above-header-display":"","ast-hfb-below-header-display":"","ast-hfb-mobile-header-display":"","site-post-title":"","ast-breadcrumbs-content":"","ast-featured-img":"","footer-sml-layout":"","theme-transparent-header-meta":"default","adv-header-id-meta":"","stick-header-meta":"","header-above-stick-meta":"","header-main-stick-meta":"","header-below-stick-meta":"","_joinchat":[]},"product_brand":[],"product_cat":[23],"product_tag":[],"class_list":{"0":"post-1882","1":"product","2":"type-product","3":"status-publish","4":"has-post-thumbnail","6":"product_cat-cursos","7":"desktop-align-left","8":"tablet-align-left","9":"mobile-align-left","11":"first","12":"instock","13":"downloadable","14":"shipping-taxable","15":"purchasable","16":"product-type-simple"},"_links":{"self":[{"href":"https:\/\/quebaratodigital.com\/index.php?rest_route=\/wp\/v2\/product\/1882","targetHints":{"allow":["GET"]}}],"collection":[{"href":"https:\/\/quebaratodigital.com\/index.php?rest_route=\/wp\/v2\/product"}],"about":[{"href":"https:\/\/quebaratodigital.com\/index.php?rest_route=\/wp\/v2\/types\/product"}],"replies":[{"embeddable":true,"href":"https:\/\/quebaratodigital.com\/index.php?rest_route=%2Fwp%2Fv2%2Fcomments&post=1882"}],"wp:featuredmedia":[{"embeddable":true,"href":"https:\/\/quebaratodigital.com\/index.php?rest_route=\/wp\/v2\/media\/1883"}],"wp:attachment":[{"href":"https:\/\/quebaratodigital.com\/index.php?rest_route=%2Fwp%2Fv2%2Fmedia&parent=1882"}],"wp:term":[{"taxonomy":"product_brand","embeddable":true,"href":"https:\/\/quebaratodigital.com\/index.php?rest_route=%2Fwp%2Fv2%2Fproduct_brand&post=1882"},{"taxonomy":"product_cat","embeddable":true,"href":"https:\/\/quebaratodigital.com\/index.php?rest_route=%2Fwp%2Fv2%2Fproduct_cat&post=1882"},{"taxonomy":"product_tag","embeddable":true,"href":"https:\/\/quebaratodigital.com\/index.php?rest_route=%2Fwp%2Fv2%2Fproduct_tag&post=1882"}],"curies":[{"name":"wp","href":"https:\/\/api.w.org\/{rel}","templated":true}]}}