{"id":1885,"date":"2025-12-25T19:00:08","date_gmt":"2025-12-25T19:00:08","guid":{"rendered":"https:\/\/quebaratodigital.com\/?post_type=product&#038;p=1885"},"modified":"2025-12-25T19:00:08","modified_gmt":"2025-12-25T19:00:08","slug":"pack-cursos-velocity-club-incubadora-despegue","status":"publish","type":"product","link":"https:\/\/quebaratodigital.com\/?product=pack-cursos-velocity-club-incubadora-despegue","title":{"rendered":"Pack Cursos Velocity Club \u2013 Incubadora Despegue"},"content":{"rendered":"<h2 id=\"brxe-ffbugs\" class=\"brxe-heading title-product\">Descripci\u00f3n del curso \ud83d\udcdd<\/h2>\n<p>&nbsp;<\/p>\n<div id=\"brxe-maorst\" class=\"brxe-div pa-toggle-text\">\n<div id=\"brxe-ptoqdk\" class=\"brxe-code\" data-script-id=\"ptoqdk\"><\/div>\n<div id=\"brxe-dhtyds\" class=\"brxe-text pa-toggle-content is-expanded\">\n<h4 class=\"titulos-largos\">La propuesta m\u00e1s irresistible de marketing y emprendimiento Desde solo 33 c\u00e9ntimos al d\u00eda Acceso sin l\u00edmite a las mejores ideas para transformar tu negocio y tu vida Todo con un coste de suscripci\u00f3n bajo.<\/h4>\n<p>&nbsp;<\/p>\n<p>\u2022 Toda la formaci\u00f3n y consejos para tu<br \/>\nemprendimiento desde 33 c\u00e9ntimos al d\u00eda.<\/p>\n<p>\u2022 Ideas transformadoras para tu negocio en micro clases de 15 minutos: aprende r\u00e1pido,<br \/>\ncon poca inversi\u00f3n de tiempo.<\/p>\n<p>\u2022 Material publicado en una \u00fanica plataforma para que no tengas que invertir m\u00e1s.<\/p>\n<p>\u2022 V\u00eddeos con m\u00e1xima calidad audiovisual,<br \/>\nen la comodidad de tu casa.<\/p>\n<p>&nbsp;<\/p>\n<h4 class=\"titulos-largos\">Adem\u00e1s, descubre todo lo que vas a obtener dentro de velocity<\/h4>\n<p>&nbsp;<\/p>\n<div class=\"elementor-element elementor-element-5591417 elementor-widget elementor-widget-heading\" data-id=\"5591417\" data-element_type=\"widget\" data-widget_type=\"heading.default\">\n<div class=\"elementor-widget-container\">\n<h3 class=\"elementor-heading-title elementor-size-default\">IDEAS Transformadoras<\/h3>\n<\/div>\n<\/div>\n<div class=\"elementor-element elementor-element-a81ec02 elementor-widget elementor-widget-text-editor\" data-id=\"a81ec02\" data-element_type=\"widget\" data-widget_type=\"text-editor.default\">\n<div class=\"elementor-widget-container\">\n<p><strong>Grandes ideas de grandes mentes con el potencial<br \/>\nde cambiar vidas.<\/strong><\/p>\n<div class=\"elementor-element elementor-element-3f64084 elementor-widget elementor-widget-heading\" data-id=\"3f64084\" data-element_type=\"widget\" data-widget_type=\"heading.default\">\n<div class=\"elementor-widget-container\">\n<h3 class=\"elementor-heading-title elementor-size-default\">El mentalista<\/h3>\n<\/div>\n<\/div>\n<div class=\"elementor-element elementor-element-a53af71 elementor-widget elementor-widget-text-editor\" data-id=\"a53af71\" data-element_type=\"widget\" data-widget_type=\"text-editor.default\">\n<div class=\"elementor-widget-container\">\n<p><strong>Lo \u00faltimo en Neuromarketing \u2013 Una serie de Velocity<br \/>\nen la que exploramos la nueva comunicaci\u00f3n y<br \/>\npersuasi\u00f3n.<\/strong><\/p>\n<div class=\"elementor-element elementor-element-4c80ccd elementor-widget elementor-widget-heading\" data-id=\"4c80ccd\" data-element_type=\"widget\" data-widget_type=\"heading.default\">\n<div class=\"elementor-widget-container\">\n<h3 class=\"elementor-heading-title elementor-size-default\">Los ganadores<\/h3>\n<\/div>\n<\/div>\n<div class=\"elementor-element elementor-element-2f183fc elementor-widget elementor-widget-text-editor\" data-id=\"2f183fc\" data-element_type=\"widget\" data-widget_type=\"text-editor.default\">\n<div class=\"elementor-widget-container\">\n<p><strong>Descubre a grandes competidores y c\u00f3mo ganan.<\/strong><\/p>\n<div class=\"elementor-element elementor-element-63dcb90 elementor-widget elementor-widget-heading\" data-id=\"63dcb90\" data-element_type=\"widget\" data-widget_type=\"heading.default\">\n<div class=\"elementor-widget-container\">\n<h3 class=\"elementor-heading-title elementor-size-default\">La m\u00e1quina de las ideas<\/h3>\n<\/div>\n<\/div>\n<div class=\"elementor-element elementor-element-c6ae767 elementor-widget elementor-widget-text-editor\" data-id=\"c6ae767\" data-element_type=\"widget\" data-widget_type=\"text-editor.default\">\n<div class=\"elementor-widget-container\">\n<p><strong>C\u00f3mo generar ideas ganadoras.<\/strong><\/p>\n<div class=\"elementor-element elementor-element-5129b01 elementor-widget elementor-widget-heading\" data-id=\"5129b01\" data-element_type=\"widget\" data-widget_type=\"heading.default\">\n<div class=\"elementor-widget-container\">\n<h3 class=\"elementor-heading-title elementor-size-default\">Pensar dos veces<\/h3>\n<\/div>\n<\/div>\n<div class=\"elementor-element elementor-element-ad165cc elementor-widget elementor-widget-text-editor\" data-id=\"ad165cc\" data-element_type=\"widget\" data-widget_type=\"text-editor.default\">\n<div class=\"elementor-widget-container\">\n<p><strong>Las claves para tomar mejores decisiones.<\/strong><\/p>\n<div class=\"elementor-element elementor-element-4da9653 elementor-widget elementor-widget-heading\" data-id=\"4da9653\" data-element_type=\"widget\" data-widget_type=\"heading.default\">\n<div class=\"elementor-widget-container\">\n<h3 class=\"elementor-heading-title elementor-size-default\">La nueva productividad<\/h3>\n<\/div>\n<\/div>\n<div class=\"elementor-element elementor-element-f505019 elementor-widget elementor-widget-text-editor\" data-id=\"f505019\" data-element_type=\"widget\" data-widget_type=\"text-editor.default\">\n<div class=\"elementor-widget-container\">\n<p><strong>Descubre como lograr m\u00e1s con menos enfuerzo.<\/strong><\/p>\n<div class=\"elementor-element elementor-element-e27d9c6 elementor-widget elementor-widget-heading\" data-id=\"e27d9c6\" data-element_type=\"widget\" data-widget_type=\"heading.default\">\n<div class=\"elementor-widget-container\">\n<h3 class=\"elementor-heading-title elementor-size-default\">Ideas 10 x<\/h3>\n<\/div>\n<\/div>\n<div class=\"elementor-element elementor-element-618ee72 elementor-widget elementor-widget-text-editor\" data-id=\"618ee72\" data-element_type=\"widget\" data-widget_type=\"text-editor.default\">\n<div class=\"elementor-widget-container\">\n<p><strong>El club para las ideas m\u00e1s exclusivas, para dar 10X resultados.<\/strong><\/p>\n<div class=\"elementor-element elementor-element-f121615 elementor-widget elementor-widget-heading\" data-id=\"f121615\" data-element_type=\"widget\" data-widget_type=\"heading.default\">\n<div class=\"elementor-widget-container\">\n<h3 class=\"elementor-heading-title elementor-size-default\">estratega<\/h3>\n<\/div>\n<\/div>\n<div class=\"elementor-element elementor-element-42208fe elementor-widget elementor-widget-text-editor\" data-id=\"42208fe\" data-element_type=\"widget\" data-widget_type=\"text-editor.default\">\n<div class=\"elementor-widget-container\">\n<p><strong>Explora desde los or\u00edgenes de la estrategia,<br \/>\nhasta las t\u00e1cticas contempor\u00e1neas del mundo<br \/>\ntecnol\u00f3gico.<\/strong><\/p>\n<div class=\"elementor-element elementor-element-d49dc7b elementor-widget elementor-widget-heading\" data-id=\"d49dc7b\" data-element_type=\"widget\" data-widget_type=\"heading.default\">\n<div class=\"elementor-widget-container\">\n<h3 class=\"elementor-heading-title elementor-size-default\">modelos mentales<\/h3>\n<\/div>\n<\/div>\n<div class=\"elementor-element elementor-element-a9934b2 elementor-widget elementor-widget-text-editor\" data-id=\"a9934b2\" data-element_type=\"widget\" data-widget_type=\"text-editor.default\">\n<div class=\"elementor-widget-container\">\n<p><strong>Los mejores modelos mentales para pensar mejor<br \/>\n<\/strong><strong>y tomar mejores decisiones.<\/strong><\/p>\n<h3 class=\"elementor-heading-title elementor-size-default titulos-largos\">Los mejores cursos de emprendimiento de marketing incluido en tu membres\u00eda.<\/h3>\n<\/div>\n<\/div>\n<\/div>\n<\/div>\n<\/div>\n<\/div>\n<\/div>\n<\/div>\n<\/div>\n<\/div>\n<\/div>\n<\/div>\n<\/div>\n<\/div>\n<\/div>\n<\/div>\n<\/div>\n<\/div>\n<\/div>\n<\/div>\n","protected":false},"excerpt":{"rendered":"<div id=\"brxe-iglkzy\" class=\"brxe-product-short-description\">\n<div class=\"woocommerce-product-details__short-description\">\n<p>El mejor contenido Premium de emprendimiento y desarrollo personal. Acceso sin l\u00edmite a las mejores ideas para transformar tu negocio y tu vida.<\/p>\n<\/div>\n<\/div>\n<div id=\"brxe-xitoor\" class=\"brxe-div\">\n<div id=\"brxe-lejltf\" class=\"brxe-bu-atc hide-elements-members woocommerce buatc-container product-type-simple loop-on hide-tick-icon\" tabindex=\"0\" data-interactions=\"[{&quot;id&quot;:&quot;qkrgyj&quot;,&quot;trigger&quot;:&quot;wooAddedToCart&quot;,&quot;action&quot;:&quot;toggleOffCanvas&quot;,&quot;offCanvasSelector&quot;:&quot;#carrito-flotante&quot;,&quot;target&quot;:&quot;offcanvas&quot;}]\" data-interaction-id=\"9aab7a\" data-brx-toggle-offcanvas=\"true\" aria-expanded=\"false\" aria-label=\"Abrir\"><\/div>\n<\/div>\n","protected":false},"featured_media":1888,"comment_status":"open","ping_status":"closed","template":"","meta":{"site-sidebar-layout":"default","site-content-layout":"default","ast-global-header-display":"","ast-main-header-display":"","ast-hfb-above-header-display":"","ast-hfb-below-header-display":"","ast-hfb-mobile-header-display":"","site-post-title":"","ast-breadcrumbs-content":"","ast-featured-img":"","footer-sml-layout":"","theme-transparent-header-meta":"default","adv-header-id-meta":"","stick-header-meta":"","header-above-stick-meta":"","header-main-stick-meta":"","header-below-stick-meta":"","_joinchat":[]},"product_brand":[],"product_cat":[23,25],"product_tag":[],"class_list":{"0":"post-1885","1":"product","2":"type-product","3":"status-publish","4":"has-post-thumbnail","6":"product_cat-cursos","7":"product_cat-packs","8":"desktop-align-left","9":"tablet-align-left","10":"mobile-align-left","12":"first","13":"instock","14":"downloadable","15":"shipping-taxable","16":"purchasable","17":"product-type-simple"},"_links":{"self":[{"href":"https:\/\/quebaratodigital.com\/index.php?rest_route=\/wp\/v2\/product\/1885","targetHints":{"allow":["GET"]}}],"collection":[{"href":"https:\/\/quebaratodigital.com\/index.php?rest_route=\/wp\/v2\/product"}],"about":[{"href":"https:\/\/quebaratodigital.com\/index.php?rest_route=\/wp\/v2\/types\/product"}],"replies":[{"embeddable":true,"href":"https:\/\/quebaratodigital.com\/index.php?rest_route=%2Fwp%2Fv2%2Fcomments&post=1885"}],"wp:featuredmedia":[{"embeddable":true,"href":"https:\/\/quebaratodigital.com\/index.php?rest_route=\/wp\/v2\/media\/1888"}],"wp:attachment":[{"href":"https:\/\/quebaratodigital.com\/index.php?rest_route=%2Fwp%2Fv2%2Fmedia&parent=1885"}],"wp:term":[{"taxonomy":"product_brand","embeddable":true,"href":"https:\/\/quebaratodigital.com\/index.php?rest_route=%2Fwp%2Fv2%2Fproduct_brand&post=1885"},{"taxonomy":"product_cat","embeddable":true,"href":"https:\/\/quebaratodigital.com\/index.php?rest_route=%2Fwp%2Fv2%2Fproduct_cat&post=1885"},{"taxonomy":"product_tag","embeddable":true,"href":"https:\/\/quebaratodigital.com\/index.php?rest_route=%2Fwp%2Fv2%2Fproduct_tag&post=1885"}],"curies":[{"name":"wp","href":"https:\/\/api.w.org\/{rel}","templated":true}]}}