{"id":1902,"date":"2026-01-17T23:50:21","date_gmt":"2026-01-17T23:50:21","guid":{"rendered":"https:\/\/quebaratodigital.com\/?post_type=product&#038;p=1902"},"modified":"2026-03-10T23:41:48","modified_gmt":"2026-03-10T23:41:48","slug":"eleva-tu-vida-con-ia-vishen-mindvalley-espanol","status":"publish","type":"product","link":"https:\/\/quebaratodigital.com\/?product=eleva-tu-vida-con-ia-vishen-mindvalley-espanol","title":{"rendered":"Eleva tu vida con IA Vishen Mindvalley Espa\u00f1ol"},"content":{"rendered":"<p>Cree herramientas que piensen como usted, respalden sus objetivos y le brinden tiempo, claridad y flujo creativo en solo 21 d\u00edas, todo mientras lo ubican silenciosamente entre los mejores usuarios de IA del mundo.<\/p>\n<p>&nbsp;<\/p>\n<div id=\"\" class=\"grid grid-cols-12 min-h-fit storyblok__outline\" data-v-65686310=\"\" data-blok-c=\"undefined\" data-blok-uid=\"undefined\">\n<div id=\"\" class=\"col-span-12 lg_col-span-8 lg_col-start-3 min-h-fit storyblok__outline\" data-v-65686310=\"\" data-blok-c=\"undefined\" data-blok-uid=\"undefined\">\n<div class=\"pb-markdown min-h-fit mv-type--titlebold4 text-left mb-3 storyblok__outline\" data-v-65686310=\"\" data-blok-c=\"undefined\" data-blok-uid=\"undefined\">\n<h3><span dir=\"auto\">\u00bfSientes que la revoluci\u00f3n de la IA comenz\u00f3\u2026 y ya te la perdiste?<\/span><\/h3>\n<\/div>\n<\/div>\n<\/div>\n<div id=\"\" class=\"grid grid-cols-12 min-h-fit storyblok__outline\" data-v-65686310=\"\" data-blok-c=\"undefined\" data-blok-uid=\"undefined\">\n<div id=\"\" class=\"col-span-12 lg_col-span-8 lg_col-start-3 min-h-fit storyblok__outline\" data-v-65686310=\"\" data-blok-c=\"undefined\" data-blok-uid=\"undefined\">\n<div class=\"pb-markdown min-h-fit mv-type--body text-left mb-3 storyblok__outline\" data-v-65686310=\"\" data-blok-c=\"undefined\" data-blok-uid=\"undefined\">\n<p><strong><span dir=\"auto\">La IA no est\u00e1 aqu\u00ed para reemplazarte. Est\u00e1 aqu\u00ed para revelarte.<\/span><\/strong><\/p>\n<p>&nbsp;<\/p>\n<p><span dir=\"auto\">La IA ya est\u00e1 cambiando el mundo que te rodea, y si te has sentido atrasado, abrumado o inseguro de por d\u00f3nde empezar, no est\u00e1s solo.<\/span><\/p>\n<p><span dir=\"auto\">La mayor\u00eda de las personas est\u00e1n atrapadas en el \u201climbo de la IA\u201d: experimentan con indicaciones, miran TikToks, prueban trucos, pero nunca obtienen resultados reales y duraderos.<\/span><\/p>\n<p><span dir=\"auto\">\u00bfPor qu\u00e9? Porque\u00a0<\/span><strong><span dir=\"auto\">nadie te prepar\u00f3 para prosperar en este nuevo mundo.<\/span><\/strong><span dir=\"auto\">\u00a0En cambio, te dejan solo para que lo resuelvas, sin estructura, sin confianza y con la creciente sensaci\u00f3n de que quiz\u00e1s el barco ya zarp\u00f3.<\/span><\/p>\n<p><span dir=\"auto\">\u00bfLa verdad? No necesitas programar. No necesitas buscar indicaciones. Y a\u00fan est\u00e1s a tiempo.<\/span><\/p>\n<p><span dir=\"auto\">S\u00f3lo necesitas el m\u00e9todo correcto: uno que funcione con tu cerebro, tu creatividad y tu vida real.<\/span><\/p>\n<p>&nbsp;<\/p>\n<\/div>\n<div id=\"\" class=\"grid grid-cols-12 min-h-fit storyblok__outline\" data-v-65686310=\"\" data-blok-c=\"undefined\" data-blok-uid=\"undefined\">\n<div id=\"\" class=\"col-span-12 lg_col-span-8 lg_col-start-3 min-h-fit storyblok__outline\" data-v-65686310=\"\" data-blok-c=\"undefined\" data-blok-uid=\"undefined\">\n<div class=\"pb-markdown min-h-fit mv-type--titlebold5 text-left mb-6 lg_text-center storyblok__outline\" data-v-65686310=\"\" data-blok-c=\"undefined\" data-blok-uid=\"undefined\">\n<h3><span dir=\"auto\">Amplifica cada \u00e1rea de tu vida con IA \u2014 en solo 21 d\u00edas<\/span><\/h3>\n<\/div>\n<\/div>\n<\/div>\n<div id=\"\" class=\"grid grid-cols-12 mb-6 min-h-fit storyblok__outline\" data-v-65686310=\"\" data-blok-c=\"undefined\" data-blok-uid=\"undefined\">\n<div class=\"col-span-12 lg_col-span-10 lg_col-start-2 mb-3 storyblok__outline\" data-v-65686310=\"\" data-blok-c=\"undefined\" data-blok-uid=\"undefined\"><img decoding=\"async\" class=\"cld-responsive rounded-lg ls-is-cached lazyloaded\" src=\"https:\/\/storyblok-cdn.mindvalley.com\/f\/60579\/1984x1116\/00d1903d40\/02-01-solution-v2.webp?quality=60&amp;auto=webp&amp;dpr=1.100000023841858&amp;width=1000\" alt=\"\u00danete a Vykintas, Vishen y Manon en la nueva misi\u00f3n de Mindvalley: Amplificar con IA.\" width=\"240\" height=\"auto\" data-v-16049712=\"\" data-blok-c=\"undefined\" data-blok-uid=\"undefined\" \/><\/div>\n<div data-v-65686310=\"\" data-blok-c=\"undefined\" data-blok-uid=\"undefined\"><\/div>\n<\/div>\n<div id=\"\" class=\"grid grid-cols-12 min-h-fit storyblok__outline\" data-v-65686310=\"\" data-blok-c=\"undefined\" data-blok-uid=\"undefined\">\n<div id=\"\" class=\"col-span-12 lg_col-span-8 lg_col-start-3 min-h-fit storyblok__outline\" data-v-65686310=\"\" data-blok-c=\"undefined\" data-blok-uid=\"undefined\">\n<div class=\"pb-markdown min-h-fit mv-type--body storyblok__outline\" data-v-65686310=\"\" data-blok-c=\"undefined\" data-blok-uid=\"undefined\">\n<p><span dir=\"auto\">Imagina dise\u00f1ar tu propio coach de bienestar. Un compa\u00f1ero de diario que te ayude a procesar tus emociones. Un escritor de marca personal. Un planificador de viajes. Un colaborador musical. Un asistente de negocios que redacte, programe y refine tu contenido.<\/span><\/p>\n<p><span dir=\"auto\">Eso es lo que sucede dentro de\u00a0<\/span><em><span dir=\"auto\">Amplify con IA<\/span><\/em><span dir=\"auto\">\u00a0: un viaje de 21 d\u00edas en el que utilizas las mejores herramientas del mundo (como ChatGPT, Midjourney y Suno) para resolver problemas reales en tu vida real.<\/span><\/p>\n<p><span dir=\"auto\">No memorizar\u00e1s indicaciones ni ver\u00e1s tutoriales aburridos. Construir\u00e1s cosas que cre\u00edas imposibles y te divertir\u00e1s haci\u00e9ndolo.<\/span><\/p>\n<p><span dir=\"auto\">Y mientras creas, estar\u00e1s absorbiendo el tipo de fluidez transferible en IA que silenciosamente te coloca entre los usuarios m\u00e1s capaces del mundo, a a\u00f1os luz de los aficionados.<\/span><\/p>\n<p><span dir=\"auto\">Sin agotamiento. Sin agobio. Solo una herramienta a la vez. Una victoria a la vez. Hasta que la IA no sea algo que pruebes, sino algo que\u00a0<\/span><em><span dir=\"auto\">te impulse.<\/span><\/em><\/p>\n<\/div>\n<\/div>\n<div id=\"\" class=\"grid grid-cols-12 min-h-fit storyblok__outline\" data-v-65686310=\"\" data-blok-c=\"undefined\" data-blok-uid=\"undefined\">\n<div id=\"\" class=\"col-span-12 lg_col-span-8 lg_col-start-3 min-h-fit storyblok__outline\" data-v-65686310=\"\" data-blok-c=\"undefined\" data-blok-uid=\"undefined\">\n<div class=\"pb-markdown min-h-fit mv-type--titlebold3 lg_text-center mb-6 lg_mb-10 storyblok__outline\" data-v-65686310=\"\" data-blok-c=\"undefined\" data-blok-uid=\"undefined\">\n<h2><span dir=\"auto\">Lo que aprender\u00e1s<\/span><\/h2>\n<\/div>\n<\/div>\n<\/div>\n<div id=\"\" class=\"grid grid-cols-12 min-h-fit storyblok__outline\" data-v-65686310=\"\" data-blok-c=\"undefined\" data-blok-uid=\"undefined\">\n<div id=\"\" class=\"col-span-12 lg_col-span-8 lg_col-start-3 min-h-fit storyblok__outline\" data-v-65686310=\"\" data-blok-c=\"undefined\" data-blok-uid=\"undefined\">\n<div class=\"mv-list__number mv-type--body storyblok__outline\" data-v-65686310=\"\" data-blok-c=\"undefined\" data-blok-uid=\"undefined\">\n<ol>\n<li>\n<h3 class=\"mb-1 mv-type--title6\"><span dir=\"auto\">Por qu\u00e9 la \u00abingenier\u00eda r\u00e1pida\u00bb es completamente contradictoria<\/span><\/h3>\n<p class=\"\"><span dir=\"auto\">C\u00f3mo un marco simple de 3 pasos utilizado por los mejores investigadores de IA le permite obtener resultados 10 veces m\u00e1s claros en cualquier herramienta.<\/span><\/p>\n<\/li>\n<li>\n<h3 class=\"mb-1 mv-type--title6\"><span dir=\"auto\">El flujo de trabajo \u201cCl\u00f3nate a ti mismo\u201d que te permite entrenar a ChatGPT para que piense como t\u00fa<\/span><\/h3>\n<p class=\"\"><span dir=\"auto\">Escribe publicaciones de blog, correos electr\u00f3nicos y mensajes directos completos que suenen incre\u00edblemente como tu mejor versi\u00f3n.<\/span><\/p>\n<\/li>\n<li>\n<h3 class=\"mb-1 mv-type--title6\"><span dir=\"auto\">C\u00f3mo crear tu propio asistente personal de IA personalizado en 15 minutos<\/span><\/h3>\n<p class=\"\"><span dir=\"auto\">Pruebe chatGPT en el mundo real y cree potentes asistentes a partir de sus resultados que automatizan las cinco tareas que siempre evita.<\/span><\/p>\n<\/li>\n<li>\n<h3 class=\"mb-1 mv-type--title6\"><span dir=\"auto\">Una forma de crear canciones con calidad de estudio sin necesidad de experiencia musical<\/span><\/h3>\n<p class=\"\"><span dir=\"auto\">Usando una herramienta llamada Suno y un peque\u00f1o ejercicio extra\u00f1o tomado de los guionistas de Pixar, crear\u00e1s tu propia pista de publicidad (la terminar\u00e1s y querr\u00e1s compartirla al instante).<\/span><\/p>\n<\/li>\n<li>\n<h3 class=\"mb-1 mv-type--title6\"><span dir=\"auto\">La configuraci\u00f3n olvidada de ChatGPT que lo transforma de una m\u00e1quina de consejos gen\u00e9rica a un estratega profundamente personal<\/span><\/h3>\n<p class=\"\"><span dir=\"auto\">Incluso los terapeutas y entrenadores est\u00e1n empezando a utilizar esto con sus clientes.<\/span><\/p>\n<\/li>\n<li>\n<h3 class=\"mb-1 mv-type--title6\"><span dir=\"auto\">Crea im\u00e1genes impresionantes en un abrir y cerrar de ojos.<\/span><\/h3>\n<p class=\"\"><span dir=\"auto\">C\u00f3mo usar Midjourney y Canva juntos para dise\u00f1ar presentaciones, elementos visuales para redes sociales o tableros de visi\u00f3n que parezcan personalizados, incluso si no sabes dibujar una figura de palitos.<\/span><\/p>\n<\/li>\n<li>\n<h3 class=\"mb-1 mv-type--title6\"><span dir=\"auto\">Por qu\u00e9 la \u201c\u00e9lite experta en IA\u201d no estudia herramientas<\/span><\/h3>\n<p class=\"\"><span dir=\"auto\">Lo que hacen en cambio para mantenerse a\u00f1os por delante de las masas: comenzar\u00e1n a hacerlo naturalmente al final de la semana 1.<\/span><\/p>\n<\/li>\n<\/ol>\n<\/div>\n<\/div>\n<\/div>\n<\/div>\n<\/div>\n<\/div>\n","protected":false},"excerpt":{"rendered":"<div class=\"pb-markdown min-h-fit mv-type--titlebold3 text-cool-grey-700 storyblok__outline\" data-v-65686310=\"\" data-blok-c=\"undefined\" data-blok-uid=\"undefined\">\n<h4><span dir=\"auto\">Vu\u00e9lvete peligrosamente bueno con la IA en solo 21 d\u00edas<\/span><\/h4>\n<p>19 Lecciones<\/p>\n<\/div>\n<div class=\"pb-markdown min-h-fit mv-type--title6 text-cool-grey-600 storyblok__outline\" data-v-65686310=\"\" data-blok-c=\"undefined\" data-blok-uid=\"undefined\"><\/div>\n","protected":false},"featured_media":1903,"comment_status":"open","ping_status":"closed","template":"","meta":{"site-sidebar-layout":"default","site-content-layout":"default","ast-global-header-display":"","ast-main-header-display":"","ast-hfb-above-header-display":"","ast-hfb-below-header-display":"","ast-hfb-mobile-header-display":"","site-post-title":"","ast-breadcrumbs-content":"","ast-featured-img":"","footer-sml-layout":"","theme-transparent-header-meta":"default","adv-header-id-meta":"","stick-header-meta":"","header-above-stick-meta":"","header-main-stick-meta":"","header-below-stick-meta":"","_joinchat":[]},"product_brand":[],"product_cat":[23,22],"product_tag":[],"class_list":{"0":"post-1902","1":"product","2":"type-product","3":"status-publish","4":"has-post-thumbnail","6":"product_cat-cursos","7":"product_cat-cursos-mindvalley","8":"desktop-align-left","9":"tablet-align-left","10":"mobile-align-left","12":"first","13":"instock","14":"sale","15":"downloadable","16":"shipping-taxable","17":"purchasable","18":"product-type-simple"},"_links":{"self":[{"href":"https:\/\/quebaratodigital.com\/index.php?rest_route=\/wp\/v2\/product\/1902","targetHints":{"allow":["GET"]}}],"collection":[{"href":"https:\/\/quebaratodigital.com\/index.php?rest_route=\/wp\/v2\/product"}],"about":[{"href":"https:\/\/quebaratodigital.com\/index.php?rest_route=\/wp\/v2\/types\/product"}],"replies":[{"embeddable":true,"href":"https:\/\/quebaratodigital.com\/index.php?rest_route=%2Fwp%2Fv2%2Fcomments&post=1902"}],"wp:featuredmedia":[{"embeddable":true,"href":"https:\/\/quebaratodigital.com\/index.php?rest_route=\/wp\/v2\/media\/1903"}],"wp:attachment":[{"href":"https:\/\/quebaratodigital.com\/index.php?rest_route=%2Fwp%2Fv2%2Fmedia&parent=1902"}],"wp:term":[{"taxonomy":"product_brand","embeddable":true,"href":"https:\/\/quebaratodigital.com\/index.php?rest_route=%2Fwp%2Fv2%2Fproduct_brand&post=1902"},{"taxonomy":"product_cat","embeddable":true,"href":"https:\/\/quebaratodigital.com\/index.php?rest_route=%2Fwp%2Fv2%2Fproduct_cat&post=1902"},{"taxonomy":"product_tag","embeddable":true,"href":"https:\/\/quebaratodigital.com\/index.php?rest_route=%2Fwp%2Fv2%2Fproduct_tag&post=1902"}],"curies":[{"name":"wp","href":"https:\/\/api.w.org\/{rel}","templated":true}]}}