{"id":1916,"date":"2026-03-10T23:44:36","date_gmt":"2026-03-10T23:44:36","guid":{"rendered":"https:\/\/quebaratodigital.com\/?post_type=product&#038;p=1916"},"modified":"2026-03-10T23:44:36","modified_gmt":"2026-03-10T23:44:36","slug":"dinero-inteligente-jaspreet-singh-mindvalley","status":"publish","type":"product","link":"https:\/\/quebaratodigital.com\/?product=dinero-inteligente-jaspreet-singh-mindvalley","title":{"rendered":"Dinero inteligente Jaspreet Singh Mindvalley"},"content":{"rendered":"<div class=\"flex flex-col gap-y-4 md:flex-row md:gap-x-6\" data-v-52c693f7=\"\">\n<p class=\"flex-1 body-small\" data-v-52c693f7=\"\" data-testid=\"quest-description-content\">Emb\u00e1rcate en tu viaje hacia el \u00e9xito financiero con Jaspreet Singh y aprende a combinar la sabidur\u00eda sensata con estrategias eficaces.<\/p>\n<p data-v-52c693f7=\"\" data-testid=\"quest-description-content\">\n<p class=\"flex-1 body-small\" data-v-52c693f7=\"\" data-testid=\"quest-description-content\">Este Programa ofrece una gu\u00eda pr\u00e1ctica para elevar tu destreza financiera y construir una base s\u00f3lida que afiance tu riqueza futura. Profundiza en conocimientos y ejercicios con prop\u00f3sito para mejorar tus finanzas y dominar estrategias que te permitan gestionar y mitigar los riesgos financieros.<\/p>\n<p data-v-52c693f7=\"\" data-testid=\"quest-description-content\">\n<p class=\"flex-1 body-small\" data-v-52c693f7=\"\" data-testid=\"quest-description-content\">Esto no solo se trata de educaci\u00f3n, sino que constituye una hoja de ruta pr\u00e1ctica hacia el empoderamiento financiero y el \u00e9xito duradero.<\/p>\n<p data-v-52c693f7=\"\" data-testid=\"quest-description-content\">\n<\/div>\n<div class=\"flex flex-col gap-y-4 md:flex-row md:gap-x-6\" data-v-52c693f7=\"\">\n<ul>\n<li>Domina tu mentalidad monetaria: descubre c\u00f3mo cambiar tu relaci\u00f3n con el dinero usando la teor\u00eda Quadrafit y logra una verdadera confianza financiera y el \u00e9xito a largo plazo.<\/li>\n<\/ul>\n<p>&nbsp;<\/p>\n<ul>\n<li>Desbloquea las 3 claves para una buena salud financiera: aprende los principios b\u00e1sicos, simplificados en tres pr\u00e1cticos pasos, que la mayor\u00eda pasa por alto cuando se trata de crear una riqueza duradera.<\/li>\n<\/ul>\n<p>&nbsp;<\/p>\n<ul>\n<li>Haz que tu dinero trabaje por ti: explora estrategias de inversi\u00f3n garantizadas que hagan crecer tu patrimonio mientras duermes y sin importar tu punto de partida.<\/li>\n<\/ul>\n<p>&nbsp;<\/p>\n<ul>\n<li>H\u00e1bitos financieros duraderos: establece rutinas financieras diarias dise\u00f1adas para construir un futuro econ\u00f3mico seguro, sin necesidad de herramientas complejas ni conocimientos propios de expertos.<\/li>\n<\/ul>\n<p>&nbsp;<\/p>\n<ul>\n<li>Convierte tus ingresos en libertad: conoce paso a paso el enfoque de Jaspreet para administrar los flujos de ingresos y lograr la m\u00e1xima libertad financiera, sin el estr\u00e9s que causa la incertidumbre.<\/li>\n<\/ul>\n<p>&nbsp;<\/p>\n<ul>\n<li>Tu ruta hacia la creaci\u00f3n de riqueza: descifra las t\u00e9cnicas que utilizan los millonarios para generar riqueza y mantenerse en la cima, incluso durante las crisis econ\u00f3micas.<\/li>\n<\/ul>\n<p>&nbsp;<\/p>\n<ul>\n<li>Los secretos para incrementar tu riqueza de manera constante: descubre por qu\u00e9 los movimientos financieros peque\u00f1os y constantes conducen a un crecimiento exponencial y c\u00f3mo aplicarlos en tu vida.<\/li>\n<\/ul>\n<p>&nbsp;<\/p>\n<ul>\n<li>Crea tu plan de acci\u00f3n personalizado: termina el Programa con una ruta financiera clara y viable que te prepare para tomar decisiones financieras inteligentes y eficaces durante el resto de tu vida.<\/li>\n<\/ul>\n<\/div>\n","protected":false},"excerpt":{"rendered":"<p>Emb\u00e1rcate en tu viaje hacia el \u00e9xito financiero con Jaspreet Singh y aprende a combinar la sabidur\u00eda sensata con estrategias eficaces.<\/p>\n<p>14 lecciones<\/p>\n","protected":false},"featured_media":1917,"comment_status":"open","ping_status":"closed","template":"","meta":{"site-sidebar-layout":"default","site-content-layout":"default","ast-global-header-display":"","ast-main-header-display":"","ast-hfb-above-header-display":"","ast-hfb-below-header-display":"","ast-hfb-mobile-header-display":"","site-post-title":"","ast-breadcrumbs-content":"","ast-featured-img":"","footer-sml-layout":"","theme-transparent-header-meta":"default","adv-header-id-meta":"","stick-header-meta":"","header-above-stick-meta":"","header-main-stick-meta":"","header-below-stick-meta":"","_joinchat":[]},"product_brand":[],"product_cat":[23,22],"product_tag":[],"class_list":{"0":"post-1916","1":"product","2":"type-product","3":"status-publish","4":"has-post-thumbnail","6":"product_cat-cursos","7":"product_cat-cursos-mindvalley","8":"desktop-align-left","9":"tablet-align-left","10":"mobile-align-left","12":"first","13":"instock","14":"sale","15":"downloadable","16":"shipping-taxable","17":"purchasable","18":"product-type-simple"},"_links":{"self":[{"href":"https:\/\/quebaratodigital.com\/index.php?rest_route=\/wp\/v2\/product\/1916","targetHints":{"allow":["GET"]}}],"collection":[{"href":"https:\/\/quebaratodigital.com\/index.php?rest_route=\/wp\/v2\/product"}],"about":[{"href":"https:\/\/quebaratodigital.com\/index.php?rest_route=\/wp\/v2\/types\/product"}],"replies":[{"embeddable":true,"href":"https:\/\/quebaratodigital.com\/index.php?rest_route=%2Fwp%2Fv2%2Fcomments&post=1916"}],"wp:featuredmedia":[{"embeddable":true,"href":"https:\/\/quebaratodigital.com\/index.php?rest_route=\/wp\/v2\/media\/1917"}],"wp:attachment":[{"href":"https:\/\/quebaratodigital.com\/index.php?rest_route=%2Fwp%2Fv2%2Fmedia&parent=1916"}],"wp:term":[{"taxonomy":"product_brand","embeddable":true,"href":"https:\/\/quebaratodigital.com\/index.php?rest_route=%2Fwp%2Fv2%2Fproduct_brand&post=1916"},{"taxonomy":"product_cat","embeddable":true,"href":"https:\/\/quebaratodigital.com\/index.php?rest_route=%2Fwp%2Fv2%2Fproduct_cat&post=1916"},{"taxonomy":"product_tag","embeddable":true,"href":"https:\/\/quebaratodigital.com\/index.php?rest_route=%2Fwp%2Fv2%2Fproduct_tag&post=1916"}],"curies":[{"name":"wp","href":"https:\/\/api.w.org\/{rel}","templated":true}]}}