{"id":1920,"date":"2026-03-14T23:21:12","date_gmt":"2026-03-14T23:21:12","guid":{"rendered":"https:\/\/quebaratodigital.com\/?post_type=product&#038;p=1920"},"modified":"2026-03-14T23:21:12","modified_gmt":"2026-03-14T23:21:12","slug":"codigos-mentales-edmundo-velasco","status":"publish","type":"product","link":"https:\/\/quebaratodigital.com\/?product=codigos-mentales-edmundo-velasco","title":{"rendered":"C\u00f3digos Mentales &#8211; Edmundo Velasco"},"content":{"rendered":"<p class=\"pf0\"><span class=\"cf0\">Con tan solo 15 minutos al d\u00eda, reprograma tu subconsciente con AUDIOS que integran t\u00e9cnicas avanzadas de PNL<img decoding=\"async\" class=\"emoji\" role=\"img\" draggable=\"false\" src=\"https:\/\/s.w.org\/images\/core\/emoji\/17.0.2\/svg\/1f9e0.svg\" alt=\"\ud83e\udde0\" \/>\u00a0para crear en tu vida RIQUEZA, AMOR, SALUD, \u00c9XITO y un VERDADERO PODER PERSONAL.<\/span><\/p>\n<p class=\"pf0\"><span class=\"cf0\">Incorpora a tu vida la t\u00e9cnica m\u00e1s poderosa de cambio mental: las MET\u00c1FORAS.<\/span><\/p>\n<p>&nbsp;<\/p>\n<p class=\"pf0\"><strong><span class=\"cf0\">\u00bfQU\u00c9 ES EL PROGRAMA COMPLETO C\u00d3DIGOS MENTALES?<\/span><\/strong><\/p>\n<p class=\"pf0\"><span class=\"cf0\">C\u00f3digos Mentales es un programa profundo de transformaci\u00f3n personal dise\u00f1ado para ayudarte a desbloquear los patrones inconscientes que determinan tu realidad, y reprogramar tu mente para crear resultados extraordinarios en las \u00e1reas m\u00e1s importantes de tu vida: Riqueza, salud, amor, autoestima y poder personal.<\/span><\/p>\n<p>&nbsp;<\/p>\n<p class=\"pf0\"><span class=\"cf0\"><img decoding=\"async\" class=\"emoji\" role=\"img\" draggable=\"false\" src=\"https:\/\/s.w.org\/images\/core\/emoji\/17.0.2\/svg\/1f449.svg\" alt=\"\ud83d\udc49\" \/>Este programa combina Hipnosis\u00a0<\/span><span class=\"cf0\">Ericksoniana<\/span><span class=\"cf0\">, Programaci\u00f3n Neuroling\u00fc\u00edstica y principios avanzados de Neurociencia, integrados estrat\u00e9gicamente para llevarte a un estado de cambio interno r\u00e1pido y duradero.<\/span><\/p>\n<p>&nbsp;<\/p>\n<p class=\"pf0\"><span class=\"cf0\">A diferencia de los cursos tradicionales que solo te dan informaci\u00f3n, C\u00f3digos Mentales act\u00faa directamente sobre tu subconsciente, el nivel donde se forman tus decisiones, tus h\u00e1bitos, tus emociones y tu percepci\u00f3n de lo que mereces.<\/span><\/p>\n<p>&nbsp;<\/p>\n<p class=\"pf0\"><strong><span class=\"cf0\">Aqu\u00ed aprender\u00e1s a transformar:<\/span><\/strong><\/p>\n<ul>\n<li class=\"pf0\"><span class=\"cf1\"><img decoding=\"async\" class=\"emoji\" role=\"img\" draggable=\"false\" src=\"https:\/\/s.w.org\/images\/core\/emoji\/17.0.2\/svg\/2714.svg\" alt=\"\u2714\" \/><\/span><span class=\"cf0\">\u00a0Tu relaci\u00f3n con el dinero.<\/span><\/li>\n<li class=\"pf0\"><span class=\"cf1\"><img decoding=\"async\" class=\"emoji\" role=\"img\" draggable=\"false\" src=\"https:\/\/s.w.org\/images\/core\/emoji\/17.0.2\/svg\/2714.svg\" alt=\"\u2714\" \/><\/span><span class=\"cf0\">\u00a0Tu autoestima.<\/span><\/li>\n<li class=\"pf0\"><span class=\"cf1\"><img decoding=\"async\" class=\"emoji\" role=\"img\" draggable=\"false\" src=\"https:\/\/s.w.org\/images\/core\/emoji\/17.0.2\/svg\/2714.svg\" alt=\"\u2714\" \/><\/span><span class=\"cf0\">\u00a0Tu salud emocional y f\u00edsica.<\/span><\/li>\n<li class=\"pf0\"><span class=\"cf1\"><img decoding=\"async\" class=\"emoji\" role=\"img\" draggable=\"false\" src=\"https:\/\/s.w.org\/images\/core\/emoji\/17.0.2\/svg\/2714.svg\" alt=\"\u2714\" \/><\/span><span class=\"cf0\">\u00a0Tus relaciones.<\/span><\/li>\n<li class=\"pf0\"><span class=\"cf1\"><img decoding=\"async\" class=\"emoji\" role=\"img\" draggable=\"false\" src=\"https:\/\/s.w.org\/images\/core\/emoji\/17.0.2\/svg\/2714.svg\" alt=\"\u2714\" \/><\/span><span class=\"cf0\">\u00a0Tus creencias sobre el merecimiento y abundancia.<\/span><\/li>\n<\/ul>\n<p class=\"pf0\"><strong><span class=\"cf0\">Mi prop\u00f3sito es ayudarte a desbloquear los patrones inconscientes que sabotean tu vida, reemplazarlos con c\u00f3digos mentales de \u00e9xito y reprogramar tu mente para que act\u00fae autom\u00e1ticamente a tu favor.<\/span><\/strong><\/p>\n","protected":false},"excerpt":{"rendered":"<section class=\"elementor-section elementor-top-section elementor-element elementor-element-0e401c7 elementor-section-boxed elementor-section-height-default elementor-section-height-default\" data-id=\"0e401c7\" data-element_type=\"section\" data-e-type=\"section\" data-settings=\"{&quot;background_background&quot;:&quot;classic&quot;}\">\n<div class=\"elementor-container elementor-column-gap-default\">\n<div class=\"elementor-column elementor-col-100 elementor-top-column elementor-element elementor-element-57e2283\" data-id=\"57e2283\" data-element_type=\"column\" data-e-type=\"column\">\n<div class=\"elementor-widget-wrap elementor-element-populated\">\n<div class=\"elementor-element elementor-element-d7c595e elementor-widget elementor-widget-text-editor\" data-id=\"d7c595e\" data-element_type=\"widget\" data-e-type=\"widget\" data-widget_type=\"text-editor.default\">\n<div class=\"elementor-widget-container\">\n<p class=\"pf0\"><strong><span class=\"cf0\">Mi prop\u00f3sito es ayudarte a desbloquear los patrones inconscientes que sabotean tu vida, reemplazarlos con c\u00f3digos mentales de \u00e9xito y reprogramar tu mente para que act\u00fae autom\u00e1ticamente a tu favor.<\/span><\/strong><\/p>\n<\/div>\n<\/div>\n<\/div>\n<\/div>\n<\/div>\n<\/section>\n","protected":false},"featured_media":1931,"comment_status":"open","ping_status":"closed","template":"","meta":{"site-sidebar-layout":"default","site-content-layout":"default","ast-global-header-display":"","ast-main-header-display":"","ast-hfb-above-header-display":"","ast-hfb-below-header-display":"","ast-hfb-mobile-header-display":"","site-post-title":"","ast-breadcrumbs-content":"","ast-featured-img":"","footer-sml-layout":"","theme-transparent-header-meta":"default","adv-header-id-meta":"","stick-header-meta":"","header-above-stick-meta":"","header-main-stick-meta":"","header-below-stick-meta":"","_joinchat":[]},"product_brand":[],"product_cat":[23],"product_tag":[],"class_list":{"0":"post-1920","1":"product","2":"type-product","3":"status-publish","4":"has-post-thumbnail","6":"product_cat-cursos","7":"desktop-align-left","8":"tablet-align-left","9":"mobile-align-left","11":"first","12":"instock","13":"downloadable","14":"shipping-taxable","15":"purchasable","16":"product-type-simple"},"_links":{"self":[{"href":"https:\/\/quebaratodigital.com\/index.php?rest_route=\/wp\/v2\/product\/1920","targetHints":{"allow":["GET"]}}],"collection":[{"href":"https:\/\/quebaratodigital.com\/index.php?rest_route=\/wp\/v2\/product"}],"about":[{"href":"https:\/\/quebaratodigital.com\/index.php?rest_route=\/wp\/v2\/types\/product"}],"replies":[{"embeddable":true,"href":"https:\/\/quebaratodigital.com\/index.php?rest_route=%2Fwp%2Fv2%2Fcomments&post=1920"}],"wp:featuredmedia":[{"embeddable":true,"href":"https:\/\/quebaratodigital.com\/index.php?rest_route=\/wp\/v2\/media\/1931"}],"wp:attachment":[{"href":"https:\/\/quebaratodigital.com\/index.php?rest_route=%2Fwp%2Fv2%2Fmedia&parent=1920"}],"wp:term":[{"taxonomy":"product_brand","embeddable":true,"href":"https:\/\/quebaratodigital.com\/index.php?rest_route=%2Fwp%2Fv2%2Fproduct_brand&post=1920"},{"taxonomy":"product_cat","embeddable":true,"href":"https:\/\/quebaratodigital.com\/index.php?rest_route=%2Fwp%2Fv2%2Fproduct_cat&post=1920"},{"taxonomy":"product_tag","embeddable":true,"href":"https:\/\/quebaratodigital.com\/index.php?rest_route=%2Fwp%2Fv2%2Fproduct_tag&post=1920"}],"curies":[{"name":"wp","href":"https:\/\/api.w.org\/{rel}","templated":true}]}}