{"id":1923,"date":"2026-03-14T22:49:04","date_gmt":"2026-03-14T22:49:04","guid":{"rendered":"https:\/\/quebaratodigital.com\/?post_type=product&#038;p=1923"},"modified":"2026-03-14T22:50:47","modified_gmt":"2026-03-14T22:50:47","slug":"quantum-mind-360-rosanna-biglia","status":"publish","type":"product","link":"https:\/\/quebaratodigital.com\/?product=quantum-mind-360-rosanna-biglia","title":{"rendered":"Quantum Mind 360 Rosanna Biglia"},"content":{"rendered":"<div class=\"elementor-element elementor-element-ba54ba4 elementor-widget elementor-widget-heading\" data-id=\"ba54ba4\" data-element_type=\"widget\" data-widget_type=\"heading.default\">\n<div class=\"elementor-widget-container\">\n<h2 class=\"elementor-heading-title elementor-size-default\">Descripci\u00f3n del curso<\/h2>\n<\/div>\n<\/div>\n<div class=\"elementor-element elementor-element-93fb91f descripcion-curso color-scheme-inherit text-left elementor-widget elementor-widget-text-editor\" data-id=\"93fb91f\" data-element_type=\"widget\" data-widget_type=\"text-editor.default\">\n<div class=\"elementor-widget-container\">\n<p>Quantum Mind 360\u00b0 es un programa de formaci\u00f3n integral creado por Rosanna Biglia, fundadora de la Escuela QMM (Quantum Mind Method). Este curso est\u00e1 dise\u00f1ado para acelerar tu evoluci\u00f3n personal en m\u00faltiples \u00e1reas de la vida, como salud, relaciones, finanzas y prop\u00f3sito de vida, mediante herramientas basadas en la metaf\u00edsica y la f\u00edsica cu\u00e1ntica.<\/p>\n<h3>\u00bfQu\u00e9 es Quantum Mind 360\u00b0?<\/h3>\n<p>Es una formaci\u00f3n online de 12 meses que combina clases en vivo, contenidos grabados y acompa\u00f1amiento personalizado. Su objetivo es ayudarte a identificar y transformar patrones mentales y emocionales inconscientes que limitan tu bienestar y tu capacidad de manifestar una vida plena.<\/p>\n<p>Cada etapa incluye clases en vivo con Rosanna Biglia, actividades asincr\u00f3nicas y materiales complementarios disponibles en la plataforma Hotmart. La participaci\u00f3n activa en las sesiones en vivo es obligatoria para completar el curso.<\/p>\n<h3>Herramientas y Enfoque<\/h3>\n<p>Quantum Mind 360\u00b0 utiliza t\u00e9cnicas como:<\/p>\n<ul>\n<li>Reprogramaci\u00f3n del inconsciente: Identificaci\u00f3n y transformaci\u00f3n de creencias limitantes.<\/li>\n<li>Elevaci\u00f3n de la frecuencia vibracional: Pr\u00e1cticas para aumentar tu energ\u00eda y bienestar.<\/li>\n<li>Visualizaci\u00f3n creativa: Uso de la imaginaci\u00f3n para manifestar objetivos.<\/li>\n<li>Decretos conscientes: Formulaci\u00f3n de afirmaciones para reconfigurar la realidad personal.<\/li>\n<\/ul>\n<p>El programa se basa en la premisa de que al dominar tu mente inconsciente, puedes crear una vida alineada con tus deseos y prop\u00f3sito.<\/p>\n<\/div>\n<\/div>\n","protected":false},"excerpt":{"rendered":"<div class=\"woocommerce-product-details__short-description\">\n<p>Transforma tu vida con Quantum Mind 360 de Rosanna Biglia. Aprende f\u00edsica cu\u00e1ntica y metaf\u00edsica para desbloquear tu potencial y manifestar tus objetivos.<\/p>\n<\/div>\n","protected":false},"featured_media":1928,"comment_status":"open","ping_status":"closed","template":"","meta":{"site-sidebar-layout":"default","site-content-layout":"default","ast-global-header-display":"","ast-main-header-display":"","ast-hfb-above-header-display":"","ast-hfb-below-header-display":"","ast-hfb-mobile-header-display":"","site-post-title":"","ast-breadcrumbs-content":"","ast-featured-img":"","footer-sml-layout":"","theme-transparent-header-meta":"default","adv-header-id-meta":"","stick-header-meta":"","header-above-stick-meta":"","header-main-stick-meta":"","header-below-stick-meta":"","_joinchat":[]},"product_brand":[],"product_cat":[23],"product_tag":[],"class_list":{"0":"post-1923","1":"product","2":"type-product","3":"status-publish","4":"has-post-thumbnail","6":"product_cat-cursos","7":"desktop-align-left","8":"tablet-align-left","9":"mobile-align-left","11":"first","12":"instock","13":"downloadable","14":"shipping-taxable","15":"purchasable","16":"product-type-simple"},"_links":{"self":[{"href":"https:\/\/quebaratodigital.com\/index.php?rest_route=\/wp\/v2\/product\/1923","targetHints":{"allow":["GET"]}}],"collection":[{"href":"https:\/\/quebaratodigital.com\/index.php?rest_route=\/wp\/v2\/product"}],"about":[{"href":"https:\/\/quebaratodigital.com\/index.php?rest_route=\/wp\/v2\/types\/product"}],"replies":[{"embeddable":true,"href":"https:\/\/quebaratodigital.com\/index.php?rest_route=%2Fwp%2Fv2%2Fcomments&post=1923"}],"wp:featuredmedia":[{"embeddable":true,"href":"https:\/\/quebaratodigital.com\/index.php?rest_route=\/wp\/v2\/media\/1928"}],"wp:attachment":[{"href":"https:\/\/quebaratodigital.com\/index.php?rest_route=%2Fwp%2Fv2%2Fmedia&parent=1923"}],"wp:term":[{"taxonomy":"product_brand","embeddable":true,"href":"https:\/\/quebaratodigital.com\/index.php?rest_route=%2Fwp%2Fv2%2Fproduct_brand&post=1923"},{"taxonomy":"product_cat","embeddable":true,"href":"https:\/\/quebaratodigital.com\/index.php?rest_route=%2Fwp%2Fv2%2Fproduct_cat&post=1923"},{"taxonomy":"product_tag","embeddable":true,"href":"https:\/\/quebaratodigital.com\/index.php?rest_route=%2Fwp%2Fv2%2Fproduct_tag&post=1923"}],"curies":[{"name":"wp","href":"https:\/\/api.w.org\/{rel}","templated":true}]}}