{"id":1938,"date":"2026-03-15T03:13:26","date_gmt":"2026-03-15T03:13:26","guid":{"rendered":"https:\/\/quebaratodigital.com\/?post_type=product&#038;p=1938"},"modified":"2026-03-15T03:13:26","modified_gmt":"2026-03-15T03:13:26","slug":"seminario-creando-riqueza-alejandro-cardona","status":"publish","type":"product","link":"https:\/\/quebaratodigital.com\/?product=seminario-creando-riqueza-alejandro-cardona","title":{"rendered":"Seminario Creando Riqueza &#8211; Alejandro Cardona"},"content":{"rendered":"<h4>Descubre h\u00e1bitos y t\u00e9cnicas poderosas que te permitir\u00e1n ser libre financieramente.<\/h4>\n<p>&nbsp;<\/p>\n<ul>\n<li>Conocer\u00e1s las acciones de mayor rentabilidad en la bolsa de valores.<\/li>\n<li>Aprender\u00e1s como escoger acciones en el mercado de valores.<\/li>\n<li>Conocer\u00e1s cuando son los momentos id\u00f3neos para comprar y vender acciones.<\/li>\n<li>Aprender\u00e1s que es un ETF y conocer\u00e1s los de mejor desempe\u00f1o.<\/li>\n<li>Conocer\u00e1s la informaci\u00f3n m\u00e1s importante antes de invertir.<\/li>\n<li>Conocer\u00e1s las mejores formas de apalancarte financieramente.<\/li>\n<li>Tendr\u00e1s una sesi\u00f3n especial de opciones financieras y estrategias de inversi\u00f3n.<\/li>\n<\/ul>\n","protected":false},"excerpt":{"rendered":"<p>Descubre h\u00e1bitos y t\u00e9cnicas poderosas que te permitir\u00e1n ser libre financieramente<\/p>\n","protected":false},"featured_media":1939,"comment_status":"open","ping_status":"closed","template":"","meta":{"site-sidebar-layout":"default","site-content-layout":"default","ast-global-header-display":"","ast-main-header-display":"","ast-hfb-above-header-display":"","ast-hfb-below-header-display":"","ast-hfb-mobile-header-display":"","site-post-title":"","ast-breadcrumbs-content":"","ast-featured-img":"","footer-sml-layout":"","theme-transparent-header-meta":"default","adv-header-id-meta":"","stick-header-meta":"","header-above-stick-meta":"","header-main-stick-meta":"","header-below-stick-meta":"","_joinchat":[]},"product_brand":[],"product_cat":[23],"product_tag":[],"class_list":{"0":"post-1938","1":"product","2":"type-product","3":"status-publish","4":"has-post-thumbnail","6":"product_cat-cursos","7":"desktop-align-left","8":"tablet-align-left","9":"mobile-align-left","11":"first","12":"instock","13":"downloadable","14":"shipping-taxable","15":"purchasable","16":"product-type-simple"},"_links":{"self":[{"href":"https:\/\/quebaratodigital.com\/index.php?rest_route=\/wp\/v2\/product\/1938","targetHints":{"allow":["GET"]}}],"collection":[{"href":"https:\/\/quebaratodigital.com\/index.php?rest_route=\/wp\/v2\/product"}],"about":[{"href":"https:\/\/quebaratodigital.com\/index.php?rest_route=\/wp\/v2\/types\/product"}],"replies":[{"embeddable":true,"href":"https:\/\/quebaratodigital.com\/index.php?rest_route=%2Fwp%2Fv2%2Fcomments&post=1938"}],"wp:featuredmedia":[{"embeddable":true,"href":"https:\/\/quebaratodigital.com\/index.php?rest_route=\/wp\/v2\/media\/1939"}],"wp:attachment":[{"href":"https:\/\/quebaratodigital.com\/index.php?rest_route=%2Fwp%2Fv2%2Fmedia&parent=1938"}],"wp:term":[{"taxonomy":"product_brand","embeddable":true,"href":"https:\/\/quebaratodigital.com\/index.php?rest_route=%2Fwp%2Fv2%2Fproduct_brand&post=1938"},{"taxonomy":"product_cat","embeddable":true,"href":"https:\/\/quebaratodigital.com\/index.php?rest_route=%2Fwp%2Fv2%2Fproduct_cat&post=1938"},{"taxonomy":"product_tag","embeddable":true,"href":"https:\/\/quebaratodigital.com\/index.php?rest_route=%2Fwp%2Fv2%2Fproduct_tag&post=1938"}],"curies":[{"name":"wp","href":"https:\/\/api.w.org\/{rel}","templated":true}]}}