{"id":1940,"date":"2026-03-15T03:15:24","date_gmt":"2026-03-15T03:15:24","guid":{"rendered":"https:\/\/quebaratodigital.com\/?post_type=product&#038;p=1940"},"modified":"2026-03-15T03:15:24","modified_gmt":"2026-03-15T03:15:24","slug":"seminario-de-inversiones-alejandro-cardona","status":"publish","type":"product","link":"https:\/\/quebaratodigital.com\/?product=seminario-de-inversiones-alejandro-cardona","title":{"rendered":"Seminario de Inversiones &#8211; Alejandro Cardona"},"content":{"rendered":"<p>Alejandro Cardona es fundador del Seminario de Inversiones, reconocido a nivel nacional como el l\u00edder en educaci\u00f3n financiera y la bolsa de valores americana. Alejandro Cardona ha realizado varias veces r\u00e9cords a nivel nacional en rentabilidades, comprando en los momentos m\u00e1s convenientes y vendiendo a los precios m\u00e1s altos, ha sido de tanto impacto que ha causado noticia en diferentes noticieros.<\/p>\n<p>&nbsp;<\/p>\n<p>Alejandro ha entrenado a miles de personas a nivel nacional e internacional a lograr su libertad financiera, realizando continuamente aportes a la econom\u00eda, siendo una persona de influencia en los medios de comunicaci\u00f3n y un pilar en pron\u00f3sticos econ\u00f3micos.<\/p>\n<p>&nbsp;<\/p>\n<p>Adem\u00e1s, Alejandro es autor de tres libros y uno de ellos \u201cCrea Tu Propia Riqueza\u201d ha sido nombrado como Best-Seller en Amazon en la categoria de Dinero y Finanzas.<\/p>\n","protected":false},"excerpt":{"rendered":"<p>Aprende estrategias clave para transformar tus finanzas y alcanzar la libertad econ\u00f3mica con el Seminario Creando Riqueza, una gu\u00eda completa para crear tu camino hacia el \u00e9xito.<\/p>\n","protected":false},"featured_media":1941,"comment_status":"open","ping_status":"closed","template":"","meta":{"site-sidebar-layout":"default","site-content-layout":"default","ast-global-header-display":"","ast-main-header-display":"","ast-hfb-above-header-display":"","ast-hfb-below-header-display":"","ast-hfb-mobile-header-display":"","site-post-title":"","ast-breadcrumbs-content":"","ast-featured-img":"","footer-sml-layout":"","theme-transparent-header-meta":"default","adv-header-id-meta":"","stick-header-meta":"","header-above-stick-meta":"","header-main-stick-meta":"","header-below-stick-meta":"","_joinchat":[]},"product_brand":[],"product_cat":[23],"product_tag":[],"class_list":{"0":"post-1940","1":"product","2":"type-product","3":"status-publish","4":"has-post-thumbnail","6":"product_cat-cursos","7":"desktop-align-left","8":"tablet-align-left","9":"mobile-align-left","11":"first","12":"instock","13":"downloadable","14":"shipping-taxable","15":"purchasable","16":"product-type-simple"},"_links":{"self":[{"href":"https:\/\/quebaratodigital.com\/index.php?rest_route=\/wp\/v2\/product\/1940","targetHints":{"allow":["GET"]}}],"collection":[{"href":"https:\/\/quebaratodigital.com\/index.php?rest_route=\/wp\/v2\/product"}],"about":[{"href":"https:\/\/quebaratodigital.com\/index.php?rest_route=\/wp\/v2\/types\/product"}],"replies":[{"embeddable":true,"href":"https:\/\/quebaratodigital.com\/index.php?rest_route=%2Fwp%2Fv2%2Fcomments&post=1940"}],"wp:featuredmedia":[{"embeddable":true,"href":"https:\/\/quebaratodigital.com\/index.php?rest_route=\/wp\/v2\/media\/1941"}],"wp:attachment":[{"href":"https:\/\/quebaratodigital.com\/index.php?rest_route=%2Fwp%2Fv2%2Fmedia&parent=1940"}],"wp:term":[{"taxonomy":"product_brand","embeddable":true,"href":"https:\/\/quebaratodigital.com\/index.php?rest_route=%2Fwp%2Fv2%2Fproduct_brand&post=1940"},{"taxonomy":"product_cat","embeddable":true,"href":"https:\/\/quebaratodigital.com\/index.php?rest_route=%2Fwp%2Fv2%2Fproduct_cat&post=1940"},{"taxonomy":"product_tag","embeddable":true,"href":"https:\/\/quebaratodigital.com\/index.php?rest_route=%2Fwp%2Fv2%2Fproduct_tag&post=1940"}],"curies":[{"name":"wp","href":"https:\/\/api.w.org\/{rel}","templated":true}]}}