{"id":1942,"date":"2026-03-15T03:19:32","date_gmt":"2026-03-15T03:19:32","guid":{"rendered":"https:\/\/quebaratodigital.com\/?post_type=product&#038;p=1942"},"modified":"2026-03-15T03:19:32","modified_gmt":"2026-03-15T03:19:32","slug":"lectores-ninja-de-pablo-lomeli","status":"publish","type":"product","link":"https:\/\/quebaratodigital.com\/?product=lectores-ninja-de-pablo-lomeli","title":{"rendered":"Lectores Ninja de Pablo Lomeli"},"content":{"rendered":"<p>\u00a1Hola! Mi nombre es Pablo. Llevo m\u00e1s de 9 a\u00f1os ense\u00f1ando m\u00e9todos de estudio, lectura, memorizaci\u00f3n y productividad. Encontr\u00e9 mi vocaci\u00f3n cuando me di cuenta de que no lograba aprender a largo plazo. En la escuela obten\u00eda las mejores notas, sin embargo, no recordaba casi nada. Despu\u00e9s de trabajar en esta dificultad, decid\u00ed ayudar a m\u00e1s personas a potenciar su aprendizaje.<\/p>\n<p>&nbsp;<\/p>\n<p>La lectura es una actividad que todos realizamos, pero que muchas veces se asocia de forma negativa porque no hemos aplicado el m\u00e9todo correcto. Hoy quiero compartirte, a trav\u00e9s del Programa Lectores Ninja, toda la investigaci\u00f3n, la experiencia y la pr\u00e1ctica que he tenido a lo largo de todos estos a\u00f1os en el \u00e1rea de la lectura.<\/p>\n<p>&nbsp;<\/p>\n<p>Con esto, he podido ayudar a miles de personas a leer de forma efectiva, mejorar su comprensi\u00f3n, concentraci\u00f3n, retenci\u00f3n y velocidad para disfrutar de la lectura o del estudio.<\/p>\n<p>&nbsp;<\/p>\n<p>Y lo mejor de todo: aprender\u00e1s a crear tu propio m\u00e9todo de lectura, ya que aprender es un arte que puede adaptarse al estilo de cada persona.<\/p>\n","protected":false},"excerpt":{"rendered":"<p>ENTRENAMIENTO DE<br \/>\nM\u00c9TODOS DE LECTURA EFECTIVA<br \/>\nLee con m\u00e1s concentraci\u00f3n, comprensi\u00f3n, retenci\u00f3n y velocidad en tu vida, estudio o profesi\u00f3n de forma din\u00e1mica y entretenida.<\/p>\n","protected":false},"featured_media":1943,"comment_status":"open","ping_status":"closed","template":"","meta":{"site-sidebar-layout":"default","site-content-layout":"default","ast-global-header-display":"","ast-main-header-display":"","ast-hfb-above-header-display":"","ast-hfb-below-header-display":"","ast-hfb-mobile-header-display":"","site-post-title":"","ast-breadcrumbs-content":"","ast-featured-img":"","footer-sml-layout":"","theme-transparent-header-meta":"default","adv-header-id-meta":"","stick-header-meta":"","header-above-stick-meta":"","header-main-stick-meta":"","header-below-stick-meta":"","_joinchat":[]},"product_brand":[],"product_cat":[23],"product_tag":[],"class_list":{"0":"post-1942","1":"product","2":"type-product","3":"status-publish","4":"has-post-thumbnail","6":"product_cat-cursos","7":"desktop-align-left","8":"tablet-align-left","9":"mobile-align-left","11":"first","12":"instock","13":"downloadable","14":"shipping-taxable","15":"purchasable","16":"product-type-simple"},"_links":{"self":[{"href":"https:\/\/quebaratodigital.com\/index.php?rest_route=\/wp\/v2\/product\/1942","targetHints":{"allow":["GET"]}}],"collection":[{"href":"https:\/\/quebaratodigital.com\/index.php?rest_route=\/wp\/v2\/product"}],"about":[{"href":"https:\/\/quebaratodigital.com\/index.php?rest_route=\/wp\/v2\/types\/product"}],"replies":[{"embeddable":true,"href":"https:\/\/quebaratodigital.com\/index.php?rest_route=%2Fwp%2Fv2%2Fcomments&post=1942"}],"wp:featuredmedia":[{"embeddable":true,"href":"https:\/\/quebaratodigital.com\/index.php?rest_route=\/wp\/v2\/media\/1943"}],"wp:attachment":[{"href":"https:\/\/quebaratodigital.com\/index.php?rest_route=%2Fwp%2Fv2%2Fmedia&parent=1942"}],"wp:term":[{"taxonomy":"product_brand","embeddable":true,"href":"https:\/\/quebaratodigital.com\/index.php?rest_route=%2Fwp%2Fv2%2Fproduct_brand&post=1942"},{"taxonomy":"product_cat","embeddable":true,"href":"https:\/\/quebaratodigital.com\/index.php?rest_route=%2Fwp%2Fv2%2Fproduct_cat&post=1942"},{"taxonomy":"product_tag","embeddable":true,"href":"https:\/\/quebaratodigital.com\/index.php?rest_route=%2Fwp%2Fv2%2Fproduct_tag&post=1942"}],"curies":[{"name":"wp","href":"https:\/\/api.w.org\/{rel}","templated":true}]}}