{"id":1945,"date":"2026-03-15T04:43:33","date_gmt":"2026-03-15T04:43:33","guid":{"rendered":"https:\/\/quebaratodigital.com\/?post_type=product&#038;p=1945"},"modified":"2026-03-15T04:48:02","modified_gmt":"2026-03-15T04:48:02","slug":"genio-lector-lectura-subconsciente-miguel-buitrago","status":"publish","type":"product","link":"https:\/\/quebaratodigital.com\/?product=genio-lector-lectura-subconsciente-miguel-buitrago","title":{"rendered":"Genio Lector Lectura Subconsciente Miguel Buitrago"},"content":{"rendered":"<p>Aprende a usar la mente <strong>subconsciente para leer un libro.<\/strong><\/p>\n<p>&nbsp;<\/p>\n<ul>\n<li><img decoding=\"async\" class=\"emoji\" role=\"img\" draggable=\"false\" src=\"https:\/\/s.w.org\/images\/core\/emoji\/17.0.2\/svg\/2705.svg\" alt=\"\u2705\" \/>T\u00e9cnicas de comprensi\u00f3n.<\/li>\n<li><img decoding=\"async\" class=\"emoji\" role=\"img\" draggable=\"false\" src=\"https:\/\/s.w.org\/images\/core\/emoji\/17.0.2\/svg\/2705.svg\" alt=\"\u2705\" \/>T\u00e9cnicas de memorizaci\u00f3n.<\/li>\n<li><img decoding=\"async\" class=\"emoji\" role=\"img\" draggable=\"false\" src=\"https:\/\/s.w.org\/images\/core\/emoji\/17.0.2\/svg\/2705.svg\" alt=\"\u2705\" \/>M\u00e9todo para aprender la t\u00e9cnica de lectura en menos de 21 d\u00edas.<\/li>\n<li><img decoding=\"async\" class=\"emoji\" role=\"img\" draggable=\"false\" src=\"https:\/\/s.w.org\/images\/core\/emoji\/17.0.2\/svg\/2705.svg\" alt=\"\u2705\" \/>Aprender\u00e1s las 3 distintas formas de leer un libro.<\/li>\n<li><img decoding=\"async\" class=\"emoji\" role=\"img\" draggable=\"false\" src=\"https:\/\/s.w.org\/images\/core\/emoji\/17.0.2\/svg\/2705.svg\" alt=\"\u2705\" \/>T\u00e9cnica de super lectura para leer r\u00e1pidamente un libro con alta retenci\u00f3n.<\/li>\n<li><img decoding=\"async\" class=\"emoji\" role=\"img\" draggable=\"false\" src=\"https:\/\/s.w.org\/images\/core\/emoji\/17.0.2\/svg\/2705.svg\" alt=\"\u2705\" \/>Ejercicios oculares para agilidad visual.<\/li>\n<\/ul>\n<p>&nbsp;<\/p>\n<p>BONOS DE REGALO:<\/p>\n<ul>\n<li>Ondas sonoras para concentraci\u00f3n profunda.<\/li>\n<li>Curso de ingl\u00e9s en tiempo Record.<\/li>\n<li>Masterclass de concentraci\u00f3n y disciplina.<\/li>\n<li>Aprende a leer en dispositivos electr\u00f3nicos.<\/li>\n<\/ul>\n<p>&nbsp;<\/p>\n<p><strong>Hola\u2026 Soy Miguel Buitrago!<img decoding=\"async\" class=\"emoji\" role=\"img\" draggable=\"false\" src=\"https:\/\/s.w.org\/images\/core\/emoji\/17.0.2\/svg\/1f481-200d-2642-fe0f.svg\" alt=\"\ud83d\udc81\u200d\u2642\ufe0f\" \/><\/strong><\/p>\n<p>Llevo m\u00e1s de 4 a\u00f1os entrenado a empresarios, emprendedores, universitarios y profesionales para que transformen sus vidas ley\u00e9ndose m\u00ednimo 52 libros en un a\u00f1o. Soy Fundador de \u201cEl Genio Lector\u201d la \u00fanica academia que ha entrenado a 10,234 estudiantes a leer m\u00e1s r\u00e1pido y con mayor retenci\u00f3n.<\/p>\n<p>&nbsp;<\/p>\n<p><strong><img decoding=\"async\" class=\"emoji\" role=\"img\" draggable=\"false\" src=\"https:\/\/s.w.org\/images\/core\/emoji\/17.0.2\/svg\/1f449.svg\" alt=\"\ud83d\udc49\" \/>La lectura abre puertas inimaginables. He visto c\u00f3mo personas de diferentes pa\u00edses de Latinoam\u00e9rica han mejorado en diferentes \u00e1reas de su vida con solo dedicarle unos minutos a los libros.<\/strong><\/p>\n","protected":false},"excerpt":{"rendered":"<section class=\"elementor-section elementor-top-section elementor-element elementor-element-13b4caa elementor-section-boxed elementor-section-height-default elementor-section-height-default\" data-id=\"13b4caa\" data-element_type=\"section\" data-e-type=\"section\" data-settings=\"{&quot;background_background&quot;:&quot;classic&quot;}\">\n<div class=\"elementor-container elementor-column-gap-default\">\n<div class=\"elementor-column elementor-col-100 elementor-top-column elementor-element elementor-element-65affbd\" data-id=\"65affbd\" data-element_type=\"column\" data-e-type=\"column\">\n<div class=\"elementor-widget-wrap elementor-element-populated\">\n<div class=\"elementor-element elementor-element-2aca440 elementor-widget elementor-widget-text-editor\" data-id=\"2aca440\" data-element_type=\"widget\" data-e-type=\"widget\" data-widget_type=\"text-editor.default\">\n<div class=\"elementor-widget-container\">\n<p><strong><img decoding=\"async\" class=\"emoji\" role=\"img\" draggable=\"false\" src=\"https:\/\/s.w.org\/images\/core\/emoji\/17.0.2\/svg\/1f449.svg\" alt=\"\ud83d\udc49\" \/>La lectura abre puertas inimaginables. He visto c\u00f3mo personas de diferentes pa\u00edses de Latinoam\u00e9rica han mejorado en diferentes \u00e1reas de su vida con solo dedicarle unos minutos a los libros.<\/strong><\/p>\n<\/div>\n<\/div>\n<\/div>\n<\/div>\n<\/div>\n<\/section>\n","protected":false},"featured_media":1946,"comment_status":"open","ping_status":"closed","template":"","meta":{"site-sidebar-layout":"default","site-content-layout":"default","ast-global-header-display":"","ast-main-header-display":"","ast-hfb-above-header-display":"","ast-hfb-below-header-display":"","ast-hfb-mobile-header-display":"","site-post-title":"","ast-breadcrumbs-content":"","ast-featured-img":"","footer-sml-layout":"","theme-transparent-header-meta":"default","adv-header-id-meta":"","stick-header-meta":"","header-above-stick-meta":"","header-main-stick-meta":"","header-below-stick-meta":"","_joinchat":[]},"product_brand":[],"product_cat":[23],"product_tag":[],"class_list":{"0":"post-1945","1":"product","2":"type-product","3":"status-publish","4":"has-post-thumbnail","6":"product_cat-cursos","7":"desktop-align-left","8":"tablet-align-left","9":"mobile-align-left","11":"first","12":"instock","13":"downloadable","14":"shipping-taxable","15":"purchasable","16":"product-type-simple"},"_links":{"self":[{"href":"https:\/\/quebaratodigital.com\/index.php?rest_route=\/wp\/v2\/product\/1945","targetHints":{"allow":["GET"]}}],"collection":[{"href":"https:\/\/quebaratodigital.com\/index.php?rest_route=\/wp\/v2\/product"}],"about":[{"href":"https:\/\/quebaratodigital.com\/index.php?rest_route=\/wp\/v2\/types\/product"}],"replies":[{"embeddable":true,"href":"https:\/\/quebaratodigital.com\/index.php?rest_route=%2Fwp%2Fv2%2Fcomments&post=1945"}],"wp:featuredmedia":[{"embeddable":true,"href":"https:\/\/quebaratodigital.com\/index.php?rest_route=\/wp\/v2\/media\/1946"}],"wp:attachment":[{"href":"https:\/\/quebaratodigital.com\/index.php?rest_route=%2Fwp%2Fv2%2Fmedia&parent=1945"}],"wp:term":[{"taxonomy":"product_brand","embeddable":true,"href":"https:\/\/quebaratodigital.com\/index.php?rest_route=%2Fwp%2Fv2%2Fproduct_brand&post=1945"},{"taxonomy":"product_cat","embeddable":true,"href":"https:\/\/quebaratodigital.com\/index.php?rest_route=%2Fwp%2Fv2%2Fproduct_cat&post=1945"},{"taxonomy":"product_tag","embeddable":true,"href":"https:\/\/quebaratodigital.com\/index.php?rest_route=%2Fwp%2Fv2%2Fproduct_tag&post=1945"}],"curies":[{"name":"wp","href":"https:\/\/api.w.org\/{rel}","templated":true}]}}